{"id":1036,"date":"2024-03-14T10:17:33","date_gmt":"2024-03-14T09:17:33","guid":{"rendered":"https:\/\/tanguy.kneet.be\/?page_id=1036"},"modified":"2026-03-30T14:11:54","modified_gmt":"2026-03-30T12:11:54","slug":"home","status":"publish","type":"page","link":"https:\/\/ingelbeen.be\/fr\/","title":{"rendered":"Home"},"content":{"rendered":"<div class=\"wpb-content-wrapper\"><p>[vc_row video_bg=\u00a0\u00bbyes\u00a0\u00bb video_local_mp4_url=\u00a0\u00bbhttps:\/\/ingelbeen.be\/wp-content\/uploads\/2024\/05\/Sequence-01-1.mp4&Prime; enable_overlay=\u00a0\u00bbyes\u00a0\u00bb overlay_bg=\u00a0\u00bblinear-gradient(360deg, rgba(255, 255, 255, 0.35) 0%, rgb(255,255,255) 100%)\u00a0\u00bb][vc_column width=\u00a0\u00bb1\/2&Prime;][vc_empty_space height=\u00a0\u00bb40px\u00a0\u00bb][vc_column_text css=\u00a0\u00bb\u00a0\u00bb]<\/p>\n<h1 class=\"distributor-title\" style=\"font-weight: normal;\"><span style=\"color: #1566ac;\">Distributeur autoris\u00e9 de <span class=\"bold-mobil\" style=\"font-weight: 700 !important;\">M<span class=\"bold-mobil-inner\" style=\"color: #fd000b; font-weight: 700 !important;\">o<\/span>bil\u2122<\/span><br \/>\n<\/span><\/h1>\n<p>[\/vc_column_text][vc_separator color=\u00a0\u00bbcustom\u00a0\u00bb align=\u00a0\u00bbalign_left\u00a0\u00bb border_width=\u00a0\u00bb10&Prime; el_width=\u00a0\u00bb20&Prime; accent_color=\u00a0\u00bb#1566ac\u00a0\u00bb][vc_column_text css=\u00a0\u00bb\u00a0\u00bb]Ingelbeen-Soete combine la force et la flexibilit\u00e9 d&rsquo;une entreprise familiale avec le savoir-faire et l&rsquo;exp\u00e9rience du plus grand acteur mondial ExxonMobil. Les valeurs de l&rsquo;entreprise restent la fiabilit\u00e9, l&rsquo;int\u00e9grit\u00e9 et l&rsquo;honn\u00eatet\u00e9. Aux clients, employ\u00e9s, partenaires et fournisseurs.[\/vc_column_text][vc_empty_space][vc_raw_html css=\u00a0\u00bb\u00a0\u00bb]JTNDZGl2JTIwY2xhc3MlM0QlMjJpYi1zZWFyY2gtd3JhcCUyMiUzRSUwRCUwQSUyMCUyMCUzQ2Zvcm0lMjBjbGFzcyUzRCUyMmliLXNlYXJjaC1mb3JtJTIyJTIwb25zdWJtaXQlM0QlMjJpYlJlZGlyZWN0U2VhcmNoJTI4ZXZlbnQlMjklMjIlM0UlMEQlMEElMjAlMjAlMjAlMjAlM0NzcGFuJTIwY2xhc3MlM0QlMjJpYi1zZWFyY2gtaWNvbiUyMiUzRSUwRCUwQSUyMCUyMCUyMCUyMCUyMCUyMCUzQ3N2ZyUyMHhtbG5zJTNEJTIyaHR0cCUzQSUyRiUyRnd3dy53My5vcmclMkYyMDAwJTJGc3ZnJTIyJTIwd2lkdGglM0QlMjIxNiUyMiUyMGhlaWdodCUzRCUyMjE2JTIyJTIwdmlld0JveCUzRCUyMjAlMjAwJTIwMjQlMjAyNCUyMiUyMGZpbGwlM0QlMjJub25lJTIyJTIwc3Ryb2tlJTNEJTIyJTIzMTExJTIyJTIwc3Ryb2tlLXdpZHRoJTNEJTIyMi4yJTIyJTIwc3Ryb2tlLWxpbmVjYXAlM0QlMjJyb3VuZCUyMiUyMHN0cm9rZS1saW5lam9pbiUzRCUyMnJvdW5kJTIyJTNFJTBEJTBBJTIwJTIwJTIwJTIwJTIwJTIwJTIwJTIwJTNDY2lyY2xlJTIwY3glM0QlMjIxMSUyMiUyMGN5JTNEJTIyMTElMjIlMjByJTNEJTIyOCUyMiUyRiUzRSUzQ2xpbmUlMjB4MSUzRCUyMjIxJTIyJTIweTElM0QlMjIyMSUyMiUyMHgyJTNEJTIyMTYuNjUlMjIlMjB5MiUzRCUyMjE2LjY1JTIyJTJGJTNFJTBEJTBBJTIwJTIwJTIwJTIwJTIwJTIwJTNDJTJGc3ZnJTNFJTBEJTBBJTIwJTIwJTIwJTIwJTNDJTJGc3BhbiUzRSUwRCUwQSUyMCUyMCUyMCUyMCUzQ2lucHV0JTBEJTBBJTIwJTIwJTIwJTIwJTIwJTIwdHlwZSUzRCUyMnRleHQlMjIlMEQlMEElMjAlMjAlMjAlMjAlMjAlMjBpZCUzRCUyMmliLXNlYXJjaC1pbnB1dCUyMiUwRCUwQSUyMCUyMCUyMCUyMCUyMCUyMGNsYXNzJTNEJTIyaWItc2VhcmNoLWlucHV0JTIyJTBEJTBBJTIwJTIwJTIwJTIwJTIwJTIwcGxhY2Vob2xkZXIlM0QlMjJSZWNoZXJjaGVyJTIwdW4lMjBwcm9kdWl0Li4uJTIyJTBEJTBBJTIwJTIwJTIwJTIwJTIwJTIwYXV0b2NvbXBsZXRlJTNEJTIyb2ZmJTIyJTBEJTBBJTIwJTIwJTIwJTIwJTJGJTNFJTBEJTBBJTIwJTIwJTIwJTIwJTNDYnV0dG9uJTIwdHlwZSUzRCUyMnN1Ym1pdCUyMiUyMGNsYXNzJTNEJTIyaWItc2VhcmNoLWJ0biUyMiUzRVJlY2hlcmNoZXIlM0MlMkZidXR0b24lM0UlMEQlMEElMjAlMjAlM0MlMkZmb3JtJTNFJTBEJTBBJTNDJTJGZGl2JTNFJTBEJTBBJTNDc3R5bGUlM0UlMEQlMEEuaWItc2VhcmNoLXdyYXAlMjAlN0IlMEQlMEElMjAlMjBkaXNwbGF5JTNBJTIwaW5saW5lLWJsb2NrJTNCJTBEJTBBJTIwJTIwd2lkdGglM0ElMjAxMDAlMjUlM0IlMEQlMEElMjAlMjBtYXgtd2lkdGglM0ElMjA0MjBweCUzQiUwRCUwQSU3RCUwRCUwQS5pYi1zZWFyY2gtZm9ybSUyMCU3QiUwRCUwQSUyMCUyMGRpc3BsYXklM0ElMjBmbGV4JTNCJTBEJTBBJTIwJTIwYWxpZ24taXRlbXMlM0ElMjBjZW50ZXIlM0IlMEQlMEElMjAlMjBiYWNrZ3JvdW5kJTNBJTIwJTIzZmZmJTNCJTBEJTBBJTIwJTIwYm9yZGVyJTNBJTIwMnB4JTIwc29saWQlMjAlMjMxYTFhMWElM0IlMEQlMEElMjAlMjBib3JkZXItcmFkaXVzJTNBJTIwNHB4JTNCJTBEJTBBJTIwJTIwcGFkZGluZyUzQSUyMDAlMjAwJTIwMCUyMDE0cHglM0IlMEQlMEElMjAlMjBnYXAlM0ElMjAxMHB4JTNCJTBEJTBBJTIwJTIwYm94LXNpemluZyUzQSUyMGJvcmRlci1ib3glM0IlMEQlMEElMjAlMjB3aWR0aCUzQSUyMDEwMCUyNSUzQiUwRCUwQSUyMCUyMG92ZXJmbG93JTNBJTIwaGlkZGVuJTNCJTBEJTBBJTdEJTBEJTBBLmliLXNlYXJjaC1pY29uJTIwJTdCJTBEJTBBJTIwJTIwZGlzcGxheSUzQSUyMGZsZXglM0IlMEQlMEElMjAlMjBhbGlnbi1pdGVtcyUzQSUyMGNlbnRlciUzQiUwRCUwQSUyMCUyMGZsZXgtc2hyaW5rJTNBJTIwMCUzQiUwRCUwQSU3RCUwRCUwQS5pYi1zZWFyY2gtaW5wdXQlMjAlN0IlMEQlMEElMjAlMjBib3JkZXIlM0ElMjBub25lJTNCJTBEJTBBJTIwJTIwb3V0bGluZSUzQSUyMG5vbmUlM0IlMEQlMEElMjAlMjBmb250LXNpemUlM0ElMjAxNXB4JTNCJTBEJTBBJTIwJTIwY29sb3IlM0ElMjAlMjMxMTElM0IlMEQlMEElMjAlMjBiYWNrZ3JvdW5kJTNBJTIwdHJhbnNwYXJlbnQlM0IlMEQlMEElMjAlMjB3aWR0aCUzQSUyMDEwMCUyNSUzQiUwRCUwQSUyMCUyMGZvbnQtZmFtaWx5JTNBJTIwaW5oZXJpdCUzQiUwRCUwQSUyMCUyMHBhZGRpbmclM0ElMjAxMHB4JTIwMCUzQiUwRCUwQSU3RCUwRCUwQS5pYi1zZWFyY2gtaW5wdXQlM0ElM0FwbGFjZWhvbGRlciUyMCU3QiUwRCUwQSUyMCUyMGNvbG9yJTNBJTIwJTIzYWFhJTNCJTBEJTBBJTdEJTBEJTBBLmliLXNlYXJjaC1idG4lMjAlN0IlMEQlMEElMjAlMjBmbGV4LXNocmluayUzQSUyMDAlM0IlMEQlMEElMjAlMjBiYWNrZ3JvdW5kJTNBJTIwJTIzMWExYTFhJTNCJTBEJTBBJTIwJTIwY29sb3IlM0ElMjAlMjNmZmYlM0IlMEQlMEElMjAlMjBib3JkZXIlM0ElMjBub25lJTNCJTBEJTBBJTIwJTIwcGFkZGluZyUzQSUyMDEwcHglMjAxOHB4JTNCJTBEJTBBJTIwJTIwZm9udC1zaXplJTNBJTIwMTRweCUzQiUwRCUwQSUyMCUyMGZvbnQtZmFtaWx5JTNBJTIwaW5oZXJpdCUzQiUwRCUwQSUyMCUyMGZvbnQtd2VpZ2h0JTNBJTIwNjAwJTNCJTBEJTBBJTIwJTIwY3Vyc29yJTNBJTIwcG9pbnRlciUzQiUwRCUwQSUyMCUyMGxldHRlci1zcGFjaW5nJTNBJTIwMC4wMmVtJTNCJTBEJTBBJTIwJTIwdHJhbnNpdGlvbiUzQSUyMGJhY2tncm91bmQlMjAwLjE1cyUyMGVhc2UlM0IlMEQlMEElMjAlMjBhbGlnbi1zZWxmJTNBJTIwc3RyZXRjaCUzQiUwRCUwQSU3RCUwRCUwQS5pYi1zZWFyY2gtYnRuJTNBaG92ZXIlMjAlN0IlMEQlMEElMjAlMjBiYWNrZ3JvdW5kJTNBJTIwJTIzMzMzJTNCJTBEJTBBJTdEJTBEJTBBJTNDJTJGc3R5bGUlM0UlMEQlMEElM0NzY3JpcHQlM0UlMEQlMEFmdW5jdGlvbiUyMGliUmVkaXJlY3RTZWFyY2glMjhlJTI5JTIwJTdCJTBEJTBBJTIwJTIwZS5wcmV2ZW50RGVmYXVsdCUyOCUyOSUzQiUwRCUwQSUyMCUyMHZhciUyMHF1ZXJ5JTIwJTNEJTIwZG9jdW1lbnQuZ2V0RWxlbWVudEJ5SWQlMjglMjdpYi1zZWFyY2gtaW5wdXQlMjclMjkudmFsdWUudHJpbSUyOCUyOSUzQiUwRCUwQSUyMCUyMGlmJTIwJTI4cXVlcnklMjAlM0QlM0QlM0QlMjAlMjclMjclMjklMjByZXR1cm4lM0IlMEQlMEElMjAlMjB2YXIlMjB1cmwlMjAlM0QlMjAlMjdodHRwcyUzQSUyRiUyRndlYnNob3AuaW5nZWxiZWVuLmJlJTJGJTNGcyUzRCUyNyUyMCUyQiUyMGVuY29kZVVSSUNvbXBvbmVudCUyOHF1ZXJ5JTI5JTIwJTJCJTIwJTI3JTI2cG9zdF90eXBlJTNEcHJvZHVjdCUyNmRnd3Rfd2NhcyUzRDElMjZsYW5nJTNEZnIlMjclM0IlMEQlMEElMjAlMjB3aW5kb3cubG9jYXRpb24uaHJlZiUyMCUzRCUyMHVybCUzQiUwRCUwQSU3RCUwRCUwQSUzQyUyRnNjcmlwdCUzRQ==[\/vc_raw_html][vc_empty_space height=\u00a0\u00bb120px\u00a0\u00bb][vc_row_inner css=\u00a0\u00bb.vc_custom_1710413554242{padding-top: 20px !important;padding-right: 20px !important;padding-bottom: 20px !important;padding-left: 20px !important;background-color: #1566ac !important;}\u00a0\u00bb][vc_column_inner width=\u00a0\u00bb2\/3&Prime;][vc_column_text css=\u00a0\u00bb\u00a0\u00bb]<\/p>\n<h3><a href=\"https:\/\/webshop.ingelbeen.be\/fr\"><span style=\"color: #ffffff;\">Magasin sur ligne<\/span><\/a><\/h3>\n<p><a href=\"https:\/\/webshop.ingelbeen.be\/fr\"><span style=\"color: #ffffff;\">D\u00e9couvrez et commandez tous nos produits dans notre nouvelle magasin sur ligne.<\/span><\/a>[\/vc_column_text][\/vc_column_inner][vc_column_inner width=\u00a0\u00bb1\/3&Prime;][\/vc_column_inner][\/vc_row_inner][\/vc_column][vc_column width=\u00a0\u00bb1\/2&Prime;][\/vc_column][\/vc_row][vc_row][vc_column][vc_empty_space][vc_empty_space][vc_empty_space][vc_empty_space][vc_column_text css=\u00a0\u00bb\u00a0\u00bb]<\/p>\n<h2><span style=\"color: #000000;\">Tous les lubrifiants <\/span><span style=\"color: #1566ac;\">M<span style=\"color: #fd000b;\">o<\/span>bil\u2122 <\/span><span style=\"color: #000000;\">sous un m\u00eame toit<\/span><\/h2>\n<p>[\/vc_column_text][vc_empty_space][vc_empty_space][vc_row_inner][vc_column_inner width=\u00a0\u00bb1\/3&Prime; css=\u00a0\u00bb.vc_custom_1717429047847{margin-bottom: 32px !important;border-top-width: 2px !important;border-right-width: 2px !important;border-bottom-width: 2px !important;border-left-width: 2px !important;padding-top: 20px !important;padding-right: 15px !important;padding-bottom: 20px !important;padding-left: 15px !important;border-left-style: solid !important;border-right-style: solid !important;border-top-style: solid !important;border-bottom-style: solid !important;border-color: #1566ac !important;}\u00a0\u00bb][vc_column_text css=\u00a0\u00bb\u00a0\u00bb]<\/p>\n<p style=\"text-align: center;\"><strong>Huiles moteurs<\/strong><\/p>\n<p style=\"text-align: center;\">L&rsquo;huile moteur lubrifie les pi\u00e8ces mobiles du moteur pour r\u00e9duire la friction et prolonger sa dur\u00e9e de vie. Il dissipe \u00e9galement la chaleur et \u00e9vite la formation de d\u00e9p\u00f4ts.<\/p>\n<p style=\"text-align: center;\"><a href=\"https:\/\/ingelbeen.be\/fr\/produits\/huiles-moteurs\/\"><strong>Plus d&rsquo;infos<\/strong><\/a><\/p>\n<p>[\/vc_column_text][\/vc_column_inner][vc_column_inner width=\u00a0\u00bb1\/3&Prime; css=\u00a0\u00bb.vc_custom_1717429043084{margin-bottom: 32px !important;border-top-width: 2px !important;border-right-width: 2px !important;border-bottom-width: 2px !important;border-left-width: 2px !important;padding-top: 20px !important;padding-right: 15px !important;padding-bottom: 20px !important;padding-left: 15px !important;border-left-style: solid !important;border-right-style: solid !important;border-top-style: solid !important;border-bottom-style: solid !important;border-color: #1566ac !important;}\u00a0\u00bb][vc_column_text css=\u00a0\u00bb\u00a0\u00bb]<\/p>\n<p style=\"text-align: center;\"><strong>Huiles pour engrenages<\/strong><\/p>\n<p style=\"text-align: center;\">L&rsquo;huile pour engrenages assure la lubrification et la protection contre la corrosion des transmissions \u00e0 engrenages, contribuant ainsi \u00e0 une transmission de puissance efficace.<\/p>\n<p style=\"text-align: center;\"><a href=\"https:\/\/ingelbeen.be\/fr\/produits\/huiles-pour-engrenages\/\"><strong>Plus d\u2019infos<\/strong><\/a><\/p>\n<p>[\/vc_column_text][\/vc_column_inner][vc_column_inner width=\u00a0\u00bb1\/3&Prime; css=\u00a0\u00bb.vc_custom_1711721718831{border-top-width: 2px !important;border-right-width: 2px !important;border-bottom-width: 2px !important;border-left-width: 2px !important;padding-top: 20px !important;padding-right: 15px !important;padding-bottom: 20px !important;padding-left: 15px !important;border-left-color: #1566ac !important;border-left-style: solid !important;border-right-color: #1566ac !important;border-right-style: solid !important;border-top-color: #1566ac !important;border-top-style: solid !important;border-bottom-color: #1566ac !important;border-bottom-style: solid !important;}\u00a0\u00bb][vc_column_text css=\u00a0\u00bb\u00a0\u00bb]<\/p>\n<p style=\"text-align: center;\"><strong>Liquide de frein<\/strong><\/p>\n<p style=\"text-align: center;\">Le liquide de frein est un liquide hydraulique essentiel au processus de freinage du v\u00e9hicule qui convertit la pression de la p\u00e9dale en force de freinage.<\/p>\n<p style=\"text-align: center;\"><strong><a href=\"https:\/\/ingelbeen.be\/fr\/produits\/liquide-de-frein\/\">Plus d\u2019infos<\/a><\/strong><\/p>\n<p>[\/vc_column_text][\/vc_column_inner][\/vc_row_inner][vc_empty_space][vc_row_inner][vc_column_inner width=\u00a0\u00bb1\/3&Prime; css=\u00a0\u00bb.vc_custom_1717429038318{margin-bottom: 32px !important;border-top-width: 2px !important;border-right-width: 2px !important;border-bottom-width: 2px !important;border-left-width: 2px !important;padding-top: 20px !important;padding-right: 15px !important;padding-bottom: 20px !important;padding-left: 15px !important;border-left-style: solid !important;border-right-style: solid !important;border-top-style: solid !important;border-bottom-style: solid !important;border-color: #1566ac !important;}\u00a0\u00bb][vc_column_text css=\u00a0\u00bb\u00a0\u00bb]<\/p>\n<p style=\"text-align: center;\"><strong>Huile pour compresseurs<\/strong><\/p>\n<p style=\"text-align: center;\">L&rsquo;huile pour compresseur lubrifie et prot\u00e8ge les compresseurs d&rsquo;air contre la chaleur et la corrosion, \u00e9l\u00e9ments essentiels pour un fonctionnement fiable et une longue dur\u00e9e de vie.<\/p>\n<p style=\"text-align: center;\"><strong><a href=\"https:\/\/ingelbeen.be\/fr\/produits\/huile-pour-compresseurs\/\">Plus d\u2019infos<\/a><\/strong><\/p>\n<p>[\/vc_column_text][\/vc_column_inner][vc_column_inner width=\u00a0\u00bb1\/3&Prime; css=\u00a0\u00bb.vc_custom_1717429031672{margin-bottom: 32px !important;border-top-width: 2px !important;border-right-width: 2px !important;border-bottom-width: 2px !important;border-left-width: 2px !important;padding-top: 20px !important;padding-right: 15px !important;padding-bottom: 20px !important;padding-left: 15px !important;border-left-style: solid !important;border-right-style: solid !important;border-top-style: solid !important;border-bottom-style: solid !important;border-color: #1566ac !important;}\u00a0\u00bb][vc_column_text css=\u00a0\u00bb\u00a0\u00bb]<\/p>\n<p style=\"text-align: center;\"><strong>Huiles hydrauliques<\/strong><\/p>\n<p style=\"text-align: center;\">L&rsquo;huile hydraulique lubrifie et prot\u00e8ge les syst\u00e8mes hydrauliques, permettant le transfert de puissance via la pression du fluide pour un fonctionnement fluide.<\/p>\n<p style=\"text-align: center;\"><strong><a href=\"https:\/\/ingelbeen.be\/fr\/produits\/huiles-hydrauliques\/\">Plus d\u2019infos<\/a><\/strong><\/p>\n<p>[\/vc_column_text][\/vc_column_inner][vc_column_inner width=\u00a0\u00bb1\/3&Prime; css=\u00a0\u00bb.vc_custom_1711721741512{border-top-width: 2px !important;border-right-width: 2px !important;border-bottom-width: 2px !important;border-left-width: 2px !important;padding-top: 20px !important;padding-right: 15px !important;padding-bottom: 20px !important;padding-left: 15px !important;border-left-color: #1566ac !important;border-left-style: solid !important;border-right-color: #1566ac !important;border-right-style: solid !important;border-top-color: #1566ac !important;border-top-style: solid !important;border-bottom-color: #1566ac !important;border-bottom-style: solid !important;}\u00a0\u00bb][vc_column_text css=\u00a0\u00bb\u00a0\u00bb]<\/p>\n<p style=\"text-align: center;\"><strong>Huiles pour turbines et huiles de circulation<\/strong><\/p>\n<p style=\"text-align: center;\">Cette huile assure la lubrification et la protection contre l\u2019usure des turbines et des syst\u00e8mes de circulation, essentielles \u00e0 la fiabilit\u00e9 des processus.<\/p>\n<p style=\"text-align: center;\"><strong><a href=\"https:\/\/ingelbeen.be\/fr\/produits\/huiles-pour-turbines-et-huiles-de-circulation\/\">Plus d\u2019infos<\/a><\/strong><\/p>\n<p>[\/vc_column_text][\/vc_column_inner][\/vc_row_inner][vc_empty_space][vc_empty_space]<a href=\"https:\/\/ingelbeen.be\/fr\/produits\/\" title=\"Produits\" class=\"btn btn-solid btn-bordered border-thin ld_button_69e8d8e7b64b1\">\n\t<span>\n\t\t\n\t\t\t\t\t<span class=\"btn-txt\">Voir tous nos lubrifiants<\/span>\n\t\t\t\n\t\t\t\t<\/span>\n<\/a>\n<a href=\"https:\/\/webshop.ingelbeen.be\" class=\"btn btn-underlined btn-bordered border-thin ld_button_69e8d8e7b65f3\">\n\t<span>\n\t\t\n\t\t\t\t\t<span class=\"btn-txt\">Ou visitez directement notre magasin sur ligne \uff1e<\/span>\n\t\t\t\n\t\t\t\t<\/span>\n<\/a>\n[vc_empty_space][vc_empty_space][vc_empty_space][vc_empty_space][\/vc_column][\/vc_row][vc_row full_width=\u00a0\u00bbstretch_row\u00a0\u00bb gap=\u00a0\u00bb0&Prime; equal_height=\u00a0\u00bbyes\u00a0\u00bb content_placement=\u00a0\u00bbmiddle\u00a0\u00bb row_hide=\u00a0\u00bbhidden-xs hidden-sm\u00a0\u00bb][vc_column width=\u00a0\u00bb1\/2&Prime; bg_position=\u00a0\u00bbcenter center\u00a0\u00bb css=\u00a0\u00bb.vc_custom_1717429315222{margin-left: 240px !important;background-image: url(https:\/\/ingelbeen.be\/wp-content\/uploads\/2024\/03\/Schermafbeelding-2024-03-14-om-12.14.43.jpg?id=90) !important;background-position: center !important;background-repeat: no-repeat !important;background-size: cover !important;}\u00a0\u00bb][\/vc_column][vc_column width=\u00a0\u00bb1\/2&Prime; css=\u00a0\u00bb.vc_custom_1717429123004{padding-right: 300px !important;padding-left: 80px !important;background-color: #1566ac !important;}\u00a0\u00bb][vc_empty_space height=\u00a0\u00bb64px\u00a0\u00bb][vc_column_text css=\u00a0\u00bb\u00a0\u00bb]<\/p>\n<h2><span style=\"color: #ffffff;\">Un partenaire fiable.<\/span><\/h2>\n<p><span style=\"color: #ffffff;\">Le client et la qualit\u00e9 sont au c\u0153ur de Ingelbeen-Soete depuis 1929.<\/span><\/p>\n<p><span style=\"color: #ffffff;\">&#8211; Plus de 90 ans de vente de lubrifiants<\/span><\/p>\n<p><span style=\"color: #ffffff;\">&#8211; Assistance technique et commerciale rapide<\/span><\/p>\n<p><span style=\"color: #ffffff;\">&#8211; Programme d&rsquo;analyse d&rsquo;huile Mobil Serv \u00e0 la pointe de la technologie<\/span><br \/>\n[\/vc_column_text][vc_empty_space height=\u00a0\u00bb64px\u00a0\u00bb][\/vc_column][\/vc_row][vc_row][vc_column][vc_empty_space][vc_empty_space][vc_empty_space][vc_empty_space][\/vc_column][\/vc_row][vc_row full_width=\u00a0\u00bbstretch_row\u00a0\u00bb gap=\u00a0\u00bb0&Prime; equal_height=\u00a0\u00bbyes\u00a0\u00bb content_placement=\u00a0\u00bbmiddle\u00a0\u00bb row_hide=\u00a0\u00bbhidden-xs hidden-sm\u00a0\u00bb][vc_column width=\u00a0\u00bb1\/2&Prime; bg_position=\u00a0\u00bbcenter center\u00a0\u00bb css=\u00a0\u00bb.vc_custom_1718745828656{padding-right: 80px !important;padding-left: 300px !important;background-color: #1566ac !important;}\u00a0\u00bb][vc_empty_space height=\u00a0\u00bb64px\u00a0\u00bb][vc_column_text css=\u00a0\u00bb\u00a0\u00bb]<\/p>\n<h2><span style=\"color: #ffffff;\">Partenaire europ\u00e9en pour l&rsquo;aviation.<\/span><\/h2>\n<p><span style=\"color: #ffffff;\">Notre vaste gamme va au-del\u00e0 de l&rsquo;huile moteur ou du liquide de frein standard. Nous sommes le partenaire europ\u00e9en pour tous les produits Mobil aviation.<\/span><\/p>\n<p><span style=\"color: #ffffff;\">D\u00e9couvrez notre gamme sur <a style=\"color: #ffffff;\" href=\"http:\/\/aviolubes.com\/\" target=\"_blank\" rel=\"noopener\">aviolubes.com<\/a><\/span>[\/vc_column_text][vc_empty_space height=\u00a0\u00bb64px\u00a0\u00bb][\/vc_column][vc_column width=\u00a0\u00bb1\/2&Prime; css=\u00a0\u00bb.vc_custom_1718745839210{margin-right: 240px !important;background-image: url(https:\/\/ingelbeen.be\/wp-content\/uploads\/2024\/06\/banner-01.jpeg?id=739) !important;background-position: center !important;background-repeat: no-repeat !important;background-size: cover !important;}\u00a0\u00bb][\/vc_column][\/vc_row][vc_row][vc_column][vc_empty_space][vc_empty_space][vc_empty_space][vc_empty_space][\/vc_column][\/vc_row][vc_row full_width=\u00a0\u00bbstretch_row\u00a0\u00bb gap=\u00a0\u00bb0&Prime; equal_height=\u00a0\u00bbyes\u00a0\u00bb content_placement=\u00a0\u00bbmiddle\u00a0\u00bb row_hide=\u00a0\u00bbhidden-xs hidden-sm\u00a0\u00bb][vc_column width=\u00a0\u00bb1\/2&Prime; bg_position=\u00a0\u00bbcenter center\u00a0\u00bb css=\u00a0\u00bb.vc_custom_1719476706062{margin-left: 240px !important;background-image: url(https:\/\/ingelbeen.be\/wp-content\/uploads\/2024\/06\/2-22-scaled.jpeg?id=771) !important;background-position: center !important;background-repeat: no-repeat !important;background-size: cover !important;}\u00a0\u00bb][\/vc_column][vc_column width=\u00a0\u00bb1\/2&Prime; css=\u00a0\u00bb.vc_custom_1717429123004{padding-right: 300px !important;padding-left: 80px !important;background-color: #1566ac !important;}\u00a0\u00bb][vc_empty_space height=\u00a0\u00bb64px\u00a0\u00bb][vc_column_text css=\u00a0\u00bb\u00a0\u00bb]<\/p>\n<h2><span style=\"color: #ffffff;\">Partenaire pour les applications maritimes.<\/span><\/h2>\n<p><span style=\"color: #ffffff;\">En tant que distributeur officiel pour la Belgique, le Luxembourg et la France, notre entreprise fournit tous les produits maritimes Mobil de haute qualit\u00e9 pour garantir des performances optimales des navires et des installations.<\/span><\/p>\n<h2><\/h2>\n<p>[\/vc_column_text][vc_empty_space height=\u00a0\u00bb64px\u00a0\u00bb][\/vc_column][\/vc_row][vc_row gap=\u00a0\u00bb0&Prime; equal_height=\u00a0\u00bbyes\u00a0\u00bb content_placement=\u00a0\u00bbmiddle\u00a0\u00bb row_hide=\u00a0\u00bbhidden-md hidden-lg\u00a0\u00bb css=\u00a0\u00bb.vc_custom_1717429180610{background-color: #1566ac !important;}\u00a0\u00bb][vc_column][vc_row_inner][vc_column_inner][vc_single_image image=\u00a0\u00bb313&Prime; img_size=\u00a0\u00bbfull\u00a0\u00bb css=\u00a0\u00bb\u00a0\u00bb][\/vc_column_inner][\/vc_row_inner][vc_empty_space height=\u00a0\u00bb64px\u00a0\u00bb][vc_column_text css=\u00a0\u00bb\u00a0\u00bb]<\/p>\n<h2><span style=\"color: #ffffff;\">Un partenaire fiable.<\/span><\/h2>\n<p><span style=\"color: #ffffff;\">Le client et la qualit\u00e9 sont au c\u0153ur de Ingelbeen-Soete depuis 1929.<\/span><\/p>\n<p><span style=\"color: #ffffff;\">&#8211; Plus de 90 ans de vente de lubrifiants<\/span><\/p>\n<p><span style=\"color: #ffffff;\">&#8211; Assistance technique et commerciale rapide<\/span><\/p>\n<p><span style=\"color: #ffffff;\">&#8211; Programme d&rsquo;analyse d&rsquo;huile Mobil Serv \u00e0 la pointe de la technologie<\/span><br \/>\n[\/vc_column_text][vc_empty_space height=\u00a0\u00bb64px\u00a0\u00bb][vc_empty_space][\/vc_column][\/vc_row][vc_row row_hide=\u00a0\u00bbhidden-md hidden-lg\u00a0\u00bb][vc_column][vc_empty_space][vc_empty_space][\/vc_column][\/vc_row][vc_row gap=\u00a0\u00bb0&Prime; equal_height=\u00a0\u00bbyes\u00a0\u00bb content_placement=\u00a0\u00bbmiddle\u00a0\u00bb row_hide=\u00a0\u00bbhidden-md hidden-lg\u00a0\u00bb css=\u00a0\u00bb.vc_custom_1717429180610{background-color: #1566ac !important;}\u00a0\u00bb][vc_column][vc_row_inner][vc_column_inner][vc_single_image image=\u00a0\u00bb741&Prime; img_size=\u00a0\u00bbfull\u00a0\u00bb css=\u00a0\u00bb\u00a0\u00bb][\/vc_column_inner][\/vc_row_inner][vc_empty_space height=\u00a0\u00bb64px\u00a0\u00bb][vc_column_text css=\u00a0\u00bb\u00a0\u00bb]<\/p>\n<h2><span style=\"color: #ffffff;\">Partenaire europ\u00e9en pour l&rsquo;aviation.<\/span><\/h2>\n<p><span style=\"color: #ffffff;\">Notre vaste gamme va au-del\u00e0 de l&rsquo;huile moteur ou du liquide de frein standard. Nous sommes le partenaire europ\u00e9en pour tous les produits Mobil aviation.<\/span><\/p>\n<p><span style=\"color: #ffffff;\">D\u00e9couvrez notre gamme sur <a style=\"color: #ffffff;\" href=\"http:\/\/aviolubes.com\/\" target=\"_blank\" rel=\"noopener\">aviolubes.com<\/a><\/span>[\/vc_column_text][vc_empty_space height=\u00a0\u00bb64px\u00a0\u00bb][vc_empty_space][\/vc_column][\/vc_row][vc_row row_hide=\u00a0\u00bbhidden-md hidden-lg\u00a0\u00bb][vc_column][vc_empty_space][vc_empty_space][\/vc_column][\/vc_row][vc_row gap=\u00a0\u00bb0&Prime; equal_height=\u00a0\u00bbyes\u00a0\u00bb content_placement=\u00a0\u00bbmiddle\u00a0\u00bb row_hide=\u00a0\u00bbhidden-md hidden-lg\u00a0\u00bb css=\u00a0\u00bb.vc_custom_1717429180610{background-color: #1566ac !important;}\u00a0\u00bb][vc_column][vc_row_inner][vc_column_inner][vc_single_image image=\u00a0\u00bb773&Prime; img_size=\u00a0\u00bbfull\u00a0\u00bb css=\u00a0\u00bb\u00a0\u00bb][\/vc_column_inner][\/vc_row_inner][vc_empty_space height=\u00a0\u00bb64px\u00a0\u00bb][vc_column_text css=\u00a0\u00bb\u00a0\u00bb]<\/p>\n<h2><span style=\"color: #ffffff;\">Partenaire pour les applications maritimes.<\/span><\/h2>\n<p><span style=\"color: #ffffff;\">En tant que partenaire europ\u00e9en fiable, notre entreprise fournit tous les produits maritimes de haute qualit\u00e9 de Mobil pour des performances optimales des navires et des installations.<\/span><\/p>\n<h2><\/h2>\n<p>[\/vc_column_text][vc_empty_space height=\u00a0\u00bb64px\u00a0\u00bb][vc_empty_space][\/vc_column][\/vc_row][vc_row][vc_column][vc_empty_space][vc_empty_space][vc_empty_space][vc_empty_space][vc_row_inner][vc_column_inner width=\u00a0\u00bb1\/2&Prime; css=\u00a0\u00bb.vc_custom_1717428993988{margin-bottom: 32px !important;border-top-width: 2px !important;border-right-width: 2px !important;border-bottom-width: 2px !important;border-left-width: 2px !important;padding-top: 20px !important;padding-right: 60px !important;padding-bottom: 20px !important;padding-left: 60px !important;background-color: #1566ac !important;border-left-style: solid !important;border-right-style: solid !important;border-top-style: solid !important;border-bottom-style: solid !important;border-color: #1566ac !important;}\u00a0\u00bb][vc_empty_space height=\u00a0\u00bb20px\u00a0\u00bb][vc_column_text css=\u00a0\u00bb\u00a0\u00bb]<\/p>\n<h2><span style=\"color: #ffffff;\">Vous souhaitez un devis gratuit?<\/span><\/h2>\n<p><span style=\"color: #ffffff;\">Faites-le nous savoir via le formulaire. Facile &amp; rapide.<\/span><\/p>\n<p><span style=\"color: #ffffff;\"><a style=\"color: #ffffff;\" href=\"https:\/\/ingelbeen.be\/fr\/devis\/\">Demande de devis gratuit &gt;<\/a><\/span>[\/vc_column_text][vc_empty_space height=\u00a0\u00bb20px\u00a0\u00bb][\/vc_column_inner][vc_column_inner width=\u00a0\u00bb1\/2&Prime; css=\u00a0\u00bb.vc_custom_1710413662105{border-top-width: 2px !important;border-right-width: 2px !important;border-bottom-width: 2px !important;border-left-width: 2px !important;padding-top: 20px !important;padding-right: 60px !important;padding-bottom: 20px !important;padding-left: 60px !important;border-left-color: #1566ac !important;border-left-style: solid !important;border-right-color: #1566ac !important;border-right-style: solid !important;border-top-color: #1566ac !important;border-top-style: solid !important;border-bottom-color: #1566ac !important;border-bottom-style: solid !important;}\u00a0\u00bb][vc_empty_space height=\u00a0\u00bb20px\u00a0\u00bb][vc_column_text css=\u00a0\u00bb\u00a0\u00bb]<\/p>\n<h2>Besoin de conseils? Contactez-nous.<\/h2>\n<p>Nos experts en lubrifiants vous donnent des conseils adapt\u00e9s \u00e0 votre application.<\/p>\n<p><span style=\"color: #000000;\"><a style=\"color: #000000;\" href=\"https:\/\/ingelbeen.be\/fr\/contact\/\">Contactez-nous &gt;<\/a><\/span>[\/vc_column_text][vc_empty_space height=\u00a0\u00bb20px\u00a0\u00bb][\/vc_column_inner][\/vc_row_inner][vc_empty_space][vc_empty_space][vc_empty_space][vc_empty_space][\/vc_column][\/vc_row]<\/p>\n<\/div>","protected":false},"excerpt":{"rendered":"<p>[vc_row video_bg=\u00a0\u00bbyes\u00a0\u00bb video_local_mp4_url=\u00a0\u00bbhttps:\/\/ingelbeen.be\/wp-content\/uploads\/2024\/05\/Sequence-01-1.mp4&Prime; enable_overlay=\u00a0\u00bbyes\u00a0\u00bb overlay_bg=\u00a0\u00bblinear-gradient(360deg, rgba(255, 255, 255, 0.35) 0%, rgb(255,255,255) 100%)\u00a0\u00bb][vc_column width=\u00a0\u00bb1\/2&Prime;][vc_empty_space height=\u00a0\u00bb40px\u00a0\u00bb][vc_column_text css=\u00a0\u00bb\u00a0\u00bb]&#8230;<\/p>\n","protected":false},"author":1,"featured_media":0,"parent":0,"menu_order":0,"comment_status":"closed","ping_status":"closed","template":"","meta":{"footnotes":""},"class_list":["post-1036","page","type-page","status-publish","hentry"],"_links":{"self":[{"href":"https:\/\/ingelbeen.be\/fr\/wp-json\/wp\/v2\/pages\/1036","targetHints":{"allow":["GET"]}}],"collection":[{"href":"https:\/\/ingelbeen.be\/fr\/wp-json\/wp\/v2\/pages"}],"about":[{"href":"https:\/\/ingelbeen.be\/fr\/wp-json\/wp\/v2\/types\/page"}],"author":[{"embeddable":true,"href":"https:\/\/ingelbeen.be\/fr\/wp-json\/wp\/v2\/users\/1"}],"replies":[{"embeddable":true,"href":"https:\/\/ingelbeen.be\/fr\/wp-json\/wp\/v2\/comments?post=1036"}],"version-history":[{"count":9,"href":"https:\/\/ingelbeen.be\/fr\/wp-json\/wp\/v2\/pages\/1036\/revisions"}],"predecessor-version":[{"id":2756,"href":"https:\/\/ingelbeen.be\/fr\/wp-json\/wp\/v2\/pages\/1036\/revisions\/2756"}],"wp:attachment":[{"href":"https:\/\/ingelbeen.be\/fr\/wp-json\/wp\/v2\/media?parent=1036"}],"curies":[{"name":"wp","href":"https:\/\/api.w.org\/{rel}","templated":true}]}}