{"id":2005,"date":"2026-02-24T05:26:46","date_gmt":"2026-02-24T04:26:46","guid":{"rendered":"https:\/\/ingelbeen.be\/sustainability\/"},"modified":"2026-03-04T06:28:48","modified_gmt":"2026-03-04T05:28:48","slug":"sustainability","status":"publish","type":"page","link":"https:\/\/ingelbeen.be\/fr\/sustainability\/","title":{"rendered":"Sustainability"},"content":{"rendered":"<div class=\"wpb-content-wrapper\"><p>[vc_row css=\u00a0\u00bb.vc_custom_1771906955989{background-image: url(https:\/\/ingelbeen.be\/wp-content\/uploads\/2026\/02\/imageye___-_imgi_19_children-playing-screen-xl.jpg?id=1832) !important;background-position: center !important;background-repeat: no-repeat !important;background-size: cover !important;}\u00a0\u00bb][vc_column][vc_empty_space height=\u00a0\u00bb320px\u00a0\u00bb][\/vc_column][\/vc_row][vc_row][vc_column][vc_empty_space][vc_column_text css=\u00a0\u00bb\u00a0\u00bb]<\/p>\n<h1 class=\"screen-title-title h_level field-title\" data-opacity=\"\">Sustainability<\/h1>\n<p>[\/vc_column_text][vc_empty_space][vc_row_inner][vc_column_inner][vc_column_text css=\u00a0\u00bb\u00a0\u00bb]<\/p>\n<p class=\"font-claude-response-body break-words whitespace-normal leading-[1.7]\">Depuis 1929, la qualit\u00e9 et l&rsquo;orientation client sont au c\u0153ur de la philosophie d&rsquo;Ingelbeen-Soete. En tant que distributeur officiel ExxonMobil pour la Belgique et le Luxembourg, nous assurons la vente et la distribution des lubrifiants Mobil\u2122, avec une logistique solide, une approche personnalis\u00e9e et un accompagnement technique qui vous aide \u00e0 faire le bon choix pour votre application.<\/p>\n<p class=\"font-claude-response-body break-words whitespace-normal leading-[1.7]\">Cette expertise s&rsquo;inscrit parfaitement dans la d\u00e9marche de durabilit\u00e9 de Mobil : des solutions de lubrification qui contribuent \u00e0 une plus grande efficacit\u00e9, comme une consommation d&rsquo;\u00e9nergie r\u00e9duite, des intervalles de vidange prolong\u00e9s et des performances optimales dans les secteurs automobile, transport et industriel. Nous accompagnons ainsi les clients qui recherchent non seulement la fiabilit\u00e9, mais aussi une utilisation plus intelligente de leurs ressources.<\/p>\n<p class=\"font-claude-response-body break-words whitespace-normal leading-[1.7]\">Des progr\u00e8s sont \u00e9galement r\u00e9alis\u00e9s en mati\u00e8re de r\u00e9duction des d\u00e9chets, notamment via des emballages contenant des mat\u00e9riaux recycl\u00e9s en Europe. En tant que distributeur, nous sommes heureux d&rsquo;apporter ces innovations au plus pr\u00e8s de votre environnement de travail. Avec des conseils et un service conformes aux valeurs d&rsquo;une entreprise familiale : fiabilit\u00e9, int\u00e9grit\u00e9 et honn\u00eatet\u00e9.<\/p>\n<p class=\"font-claude-response-body break-words whitespace-normal leading-[1.7]\">Nous aidons \u00e9galement nos clients \u00e0 mesurer et optimiser concr\u00e8tement leurs op\u00e9rations. Gr\u00e2ce \u00e0 un support technique rapide et au programme d&rsquo;analyse d&rsquo;huile Mobil Serv, vous obtenez une meilleure visibilit\u00e9 sur l&rsquo;\u00e9tat de votre lubrifiant et de votre installation. Cela peut conduire \u00e0 une maintenance mieux planifi\u00e9e, moins d&rsquo;arr\u00eats et une utilisation plus efficace de l&rsquo;huile et des pi\u00e8ces. Une approche qui est non seulement int\u00e9ressante sur le plan \u00e9conomique, mais souvent aussi plus durable dans la pratique.<\/p>\n<p class=\"font-claude-response-body break-words whitespace-normal leading-[1.7]\">Les r\u00e9sultats parlent d&rsquo;eux-m\u00eames. Mobil 1\u2122 ESP x2 0W-20 peut permettre jusqu&rsquo;\u00e0 4% d&rsquo;\u00e9conomie de carburant, ce qui \u00e9quivaut aux \u00e9missions de CO\u2082 li\u00e9es \u00e0 la recharge de 23 000 smartphones. Une gamme d&rsquo;huiles moteur Mobil Delvac\u2122 offre des avantages potentiels en termes d&rsquo;\u00e9conomie de carburant par rapport aux lubrifiants conventionnels, et ce potentiel est encore plus \u00e9lev\u00e9 lorsqu&rsquo;elles sont combin\u00e9es avec des huiles de transmission et des graisses synth\u00e9tiques. La s\u00e9rie Mobil DTE 10 Excel\u2122 offre quant \u00e0 elle jusqu&rsquo;\u00e0 6% d&rsquo;am\u00e9lioration du rendement des pompes hydrauliques, tandis que nos solutions de lubrification ont aid\u00e9 les clients exploitant des moteurs \u00e0 gaz en EMEA \u00e0 r\u00e9duire leur consommation d&rsquo;huile usag\u00e9e de plus d&rsquo;un million de litres sur cinq ans.<\/p>\n<p class=\"font-claude-response-body break-words whitespace-normal leading-[1.7]\">Enfin, nous disposons d&rsquo;ing\u00e9nieurs Mobil sp\u00e9cialis\u00e9s qui r\u00e9alisent des \u00e9tudes avanc\u00e9es d&rsquo;efficacit\u00e9 \u00e9nerg\u00e9tique sur votre site. M\u00eame une l\u00e9g\u00e8re am\u00e9lioration de l&rsquo;efficacit\u00e9 peut repr\u00e9senter une \u00e9conomie significative, notamment dans le cadre de certifications telles que l&rsquo;ISO 50001.<\/p>\n<p>[\/vc_column_text][\/vc_column_inner][\/vc_row_inner][vc_empty_space][vc_empty_space][\/vc_column][\/vc_row]<\/p>\n<\/div>","protected":false},"excerpt":{"rendered":"<p>[vc_row css=\u00a0\u00bb.vc_custom_1771906955989{background-image: url(https:\/\/ingelbeen.be\/wp-content\/uploads\/2026\/02\/imageye___-_imgi_19_children-playing-screen-xl.jpg?id=1832) !important;background-position: center !important;background-repeat: no-repeat !important;background-size: cover !important;}\u00a0\u00bb][vc_column][vc_empty_space height=\u00a0\u00bb320px\u00a0\u00bb][\/vc_column][\/vc_row][vc_row][vc_column][vc_empty_space][vc_column_text css=\u00a0\u00bb\u00a0\u00bb] Sustainability [\/vc_column_text][vc_empty_space][vc_row_inner][vc_column_inner][vc_column_text css=\u00a0\u00bb\u00a0\u00bb]&#8230;<\/p>\n","protected":false},"author":3,"featured_media":0,"parent":0,"menu_order":0,"comment_status":"closed","ping_status":"closed","template":"","meta":{"footnotes":""},"class_list":["post-2005","page","type-page","status-publish","hentry"],"_links":{"self":[{"href":"https:\/\/ingelbeen.be\/fr\/wp-json\/wp\/v2\/pages\/2005","targetHints":{"allow":["GET"]}}],"collection":[{"href":"https:\/\/ingelbeen.be\/fr\/wp-json\/wp\/v2\/pages"}],"about":[{"href":"https:\/\/ingelbeen.be\/fr\/wp-json\/wp\/v2\/types\/page"}],"author":[{"embeddable":true,"href":"https:\/\/ingelbeen.be\/fr\/wp-json\/wp\/v2\/users\/3"}],"replies":[{"embeddable":true,"href":"https:\/\/ingelbeen.be\/fr\/wp-json\/wp\/v2\/comments?post=2005"}],"version-history":[{"count":1,"href":"https:\/\/ingelbeen.be\/fr\/wp-json\/wp\/v2\/pages\/2005\/revisions"}],"predecessor-version":[{"id":2006,"href":"https:\/\/ingelbeen.be\/fr\/wp-json\/wp\/v2\/pages\/2005\/revisions\/2006"}],"wp:attachment":[{"href":"https:\/\/ingelbeen.be\/fr\/wp-json\/wp\/v2\/media?parent=2005"}],"curies":[{"name":"wp","href":"https:\/\/api.w.org\/{rel}","templated":true}]}}