{"id":631,"date":"2024-05-28T09:32:07","date_gmt":"2024-05-28T09:32:07","guid":{"rendered":"https:\/\/tanguy.kneet.be\/?page_id=631"},"modified":"2024-06-07T01:58:42","modified_gmt":"2024-06-07T01:58:42","slug":"mobil-serv-lubricant-analysis","status":"publish","type":"page","link":"https:\/\/ingelbeen.be\/fr\/services\/mobil-serv-lubricant-analysis\/","title":{"rendered":"Mobil Serv Lubricant Analysis"},"content":{"rendered":"<div class=\"wpb-content-wrapper\"><p>[vc_row][vc_column][vc_empty_space][vc_column_text css=\u00a0\u00bb\u00a0\u00bb]<\/p>\n<h1>Mobil Serv Lubricant Analysis<\/h1>\n<p>[\/vc_column_text][vc_empty_space][vc_column_text css=\u00a0\u00bb\u00a0\u00bb]Un programme de pointe:\u00a0<strong>Mobil Serv Analyse.\u00a0<\/strong>Il s\u2019agit d\u2019un suivi des \u00e9quipements et de leurs lubrifiants afin d\u2019am\u00e9liorer la dur\u00e9e de vie et la fiabilit\u00e9 des machines de production et ainsi de r\u00e9duire les co\u00fbts de fonctionnement. Sp\u00e9cifiquement con\u00e7u pour suivre l\u2019\u00e9volution des caract\u00e9ristiques des charges d\u2019huile en service, ce programme vous apporte les \u00e9l\u00e9ments dont vous avez besoin pour permettre \u00e0 vos machines de fonctionner de la fa\u00e7on optimale.<\/p>\n<p>Vous pouvez compter sur les lubrifiants Mobil ainsi que sur notre expertise de la lubrification pour vous aider \u00e0 optimiser la productivit\u00e9 de vos \u00e9quipements. Ingelbeen-Soete vous offre le soutien n\u00e9cessaire, vous aide \u00e0 interpr\u00e9ter les analyses et de suivre la tendance.[\/vc_column_text][vc_empty_space][vc_single_image image=\u00a0\u00bb481&Prime; img_size=\u00a0\u00bbfull\u00a0\u00bb css=\u00a0\u00bb\u00a0\u00bb][vc_empty_space][\/vc_column][\/vc_row][vc_row][vc_column]<a href=\"https:\/\/ingelbeen.be\/fr\/contact\/\" title=\"Contact\" class=\"btn btn-solid btn-bordered border-thin ld_button_69e8f0da15fb6\">\n\t<span>\n\t\t\n\t\t\t\t\t<span class=\"btn-txt\">Contactez-nous<\/span>\n\t\t\t\n\t\t\t\t<\/span>\n<\/a>\n[vc_empty_space][vc_empty_space][vc_empty_space][vc_empty_space][\/vc_column][\/vc_row]<\/p>\n<\/div>","protected":false},"excerpt":{"rendered":"<p>[vc_row][vc_column][vc_empty_space][vc_column_text css=\u00a0\u00bb\u00a0\u00bb] Mobil Serv Lubricant Analysis [\/vc_column_text][vc_empty_space][vc_column_text css=\u00a0\u00bb\u00a0\u00bb]Un programme de pointe:\u00a0Mobil Serv Analyse.\u00a0Il s\u2019agit d\u2019un&#8230;<\/p>\n","protected":false},"author":1,"featured_media":0,"parent":663,"menu_order":0,"comment_status":"closed","ping_status":"closed","template":"","meta":{"footnotes":""},"class_list":["post-631","page","type-page","status-publish","hentry"],"_links":{"self":[{"href":"https:\/\/ingelbeen.be\/fr\/wp-json\/wp\/v2\/pages\/631","targetHints":{"allow":["GET"]}}],"collection":[{"href":"https:\/\/ingelbeen.be\/fr\/wp-json\/wp\/v2\/pages"}],"about":[{"href":"https:\/\/ingelbeen.be\/fr\/wp-json\/wp\/v2\/types\/page"}],"author":[{"embeddable":true,"href":"https:\/\/ingelbeen.be\/fr\/wp-json\/wp\/v2\/users\/1"}],"replies":[{"embeddable":true,"href":"https:\/\/ingelbeen.be\/fr\/wp-json\/wp\/v2\/comments?post=631"}],"version-history":[{"count":2,"href":"https:\/\/ingelbeen.be\/fr\/wp-json\/wp\/v2\/pages\/631\/revisions"}],"predecessor-version":[{"id":633,"href":"https:\/\/ingelbeen.be\/fr\/wp-json\/wp\/v2\/pages\/631\/revisions\/633"}],"up":[{"embeddable":true,"href":"https:\/\/ingelbeen.be\/fr\/wp-json\/wp\/v2\/pages\/663"}],"wp:attachment":[{"href":"https:\/\/ingelbeen.be\/fr\/wp-json\/wp\/v2\/media?parent=631"}],"curies":[{"name":"wp","href":"https:\/\/api.w.org\/{rel}","templated":true}]}}