{"id":634,"date":"2024-05-28T09:37:09","date_gmt":"2024-05-28T09:37:09","guid":{"rendered":"https:\/\/tanguy.kneet.be\/?page_id=634"},"modified":"2024-06-07T01:58:49","modified_gmt":"2024-06-07T01:58:49","slug":"plant-audit","status":"publish","type":"page","link":"https:\/\/ingelbeen.be\/fr\/services\/plant-audit\/","title":{"rendered":"Plant audit"},"content":{"rendered":"<div class=\"wpb-content-wrapper\"><p>[vc_row][vc_column][vc_empty_space][vc_column_text css=\u00a0\u00bb\u00a0\u00bb]<\/p>\n<h1>Plant audit<\/h1>\n<p>[\/vc_column_text][vc_empty_space][vc_column_text css=\u00a0\u00bb\u00a0\u00bb]<\/p>\n<div class=\"flex flex-grow flex-col max-w-full\">\n<div class=\"min-h-[20px] text-message flex flex-col items-start whitespace-pre-wrap break-words [.text-message+&amp;]:mt-5 juice:w-full juice:items-end overflow-x-auto gap-2\" dir=\"auto\" data-message-author-role=\"assistant\" data-message-id=\"8d4776c8-d107-410b-bda9-6c7096aa5dd6\">\n<div class=\"flex w-full flex-col gap-1 juice:empty:hidden juice:first:pt-[3px]\">\n<div class=\"markdown prose w-full break-words dark:prose-invert dark\">\n<p>Durant ce service, nos ing\u00e9nieurs proc\u00e8dent \u00e0 une \u00e9valuation approfondie des lubrifiants utilis\u00e9s dans votre usine, aux exigences par rapport aux normes requises ainsi qu\u2019au contr\u00f4le des pratiques de lubrification appliqu\u00e9es. Ils fournissent un examen complet et une documentation des bonnes pratiques et appliquent les connaissances d&rsquo;un expert \u00e0 votre exploitation. Cela leur permet d&rsquo;identifier et d&rsquo;enregistrer les domaines dans lesquels un changement de lubrifiant ou de pratique pourrait apporter de meilleures performances.<\/p>\n<p>Nous travaillons ensemble pour:<\/p>\n<ul>\n<li>Fixer les objectifs, les attentes, faire le point et entrevoir les autres possibilit\u00e9s<\/li>\n<li>S\u2019assurer de l\u2019utilisation des bonnes normes constructeurs, Plan d\u2019acc\u00e8s aux installations, enregistrement de toutes les machines, et contr\u00f4le des manuels d\u2019exploitation<\/li>\n<li>Planifier et am\u00e9liorer l\u2019inspection de l\u2019usine<\/li>\n<li>Passer en revue les pratiques de lubrification actuelles et identifier les points \u00e0 am\u00e9liorer<\/li>\n<li>Comparer les r\u00e9sultats avec ceux des meilleures industries dans un domaine similaire<\/li>\n<li>Pr\u00e9parer et pr\u00e9senter un rapport formel des conclusions et des recommandations<\/li>\n<\/ul>\n<\/div>\n<\/div>\n<\/div>\n<\/div>\n<p>[\/vc_column_text][vc_empty_space][vc_single_image image=\u00a0\u00bb488&Prime; img_size=\u00a0\u00bbfull\u00a0\u00bb css=\u00a0\u00bb\u00a0\u00bb][vc_empty_space][\/vc_column][\/vc_row][vc_row][vc_column]<a href=\"https:\/\/ingelbeen.be\/fr\/contact\/\" title=\"Contact\" class=\"btn btn-solid btn-bordered border-thin ld_button_69e8f0cb13583\">\n\t<span>\n\t\t\n\t\t\t\t\t<span class=\"btn-txt\">Contactez-nous<\/span>\n\t\t\t\n\t\t\t\t<\/span>\n<\/a>\n[vc_empty_space][vc_empty_space][vc_empty_space][vc_empty_space][\/vc_column][\/vc_row]<\/p>\n<\/div>","protected":false},"excerpt":{"rendered":"<p>[vc_row][vc_column][vc_empty_space][vc_column_text css=\u00a0\u00bb\u00a0\u00bb] Plant audit [\/vc_column_text][vc_empty_space][vc_column_text css=\u00a0\u00bb\u00a0\u00bb] Durant ce service, nos ing\u00e9nieurs proc\u00e8dent \u00e0 une \u00e9valuation&#8230;<\/p>\n","protected":false},"author":1,"featured_media":0,"parent":663,"menu_order":0,"comment_status":"closed","ping_status":"closed","template":"","meta":{"footnotes":""},"class_list":["post-634","page","type-page","status-publish","hentry"],"_links":{"self":[{"href":"https:\/\/ingelbeen.be\/fr\/wp-json\/wp\/v2\/pages\/634","targetHints":{"allow":["GET"]}}],"collection":[{"href":"https:\/\/ingelbeen.be\/fr\/wp-json\/wp\/v2\/pages"}],"about":[{"href":"https:\/\/ingelbeen.be\/fr\/wp-json\/wp\/v2\/types\/page"}],"author":[{"embeddable":true,"href":"https:\/\/ingelbeen.be\/fr\/wp-json\/wp\/v2\/users\/1"}],"replies":[{"embeddable":true,"href":"https:\/\/ingelbeen.be\/fr\/wp-json\/wp\/v2\/comments?post=634"}],"version-history":[{"count":2,"href":"https:\/\/ingelbeen.be\/fr\/wp-json\/wp\/v2\/pages\/634\/revisions"}],"predecessor-version":[{"id":636,"href":"https:\/\/ingelbeen.be\/fr\/wp-json\/wp\/v2\/pages\/634\/revisions\/636"}],"up":[{"embeddable":true,"href":"https:\/\/ingelbeen.be\/fr\/wp-json\/wp\/v2\/pages\/663"}],"wp:attachment":[{"href":"https:\/\/ingelbeen.be\/fr\/wp-json\/wp\/v2\/media?parent=634"}],"curies":[{"name":"wp","href":"https:\/\/api.w.org\/{rel}","templated":true}]}}