{"id":637,"date":"2024-05-28T09:38:58","date_gmt":"2024-05-28T09:38:58","guid":{"rendered":"https:\/\/tanguy.kneet.be\/?page_id=637"},"modified":"2024-06-07T01:58:17","modified_gmt":"2024-06-07T01:58:17","slug":"formation-de-lubrification","status":"publish","type":"page","link":"https:\/\/ingelbeen.be\/fr\/services\/formation-de-lubrification\/","title":{"rendered":"Formation de lubrification"},"content":{"rendered":"<div class=\"wpb-content-wrapper\"><p>[vc_row][vc_column][vc_empty_space][vc_column_text css=\u00a0\u00bb\u00a0\u00bb]<\/p>\n<h1>Formation de lubrification<\/h1>\n<p>[\/vc_column_text][vc_empty_space][vc_column_text css=\u00a0\u00bb\u00a0\u00bb]<\/p>\n<div class=\"flex flex-grow flex-col max-w-full\">\n<div class=\"min-h-[20px] text-message flex flex-col items-start whitespace-pre-wrap break-words [.text-message+&amp;]:mt-5 juice:w-full juice:items-end overflow-x-auto gap-2\" dir=\"auto\" data-message-author-role=\"assistant\" data-message-id=\"8d4776c8-d107-410b-bda9-6c7096aa5dd6\">\n<div class=\"flex w-full flex-col gap-1 juice:empty:hidden juice:first:pt-[3px]\">\n<div class=\"markdown prose w-full break-words dark:prose-invert dark\">\n<p>Nos experts en lubrification fournissent la formation n\u00e9cessaire \u00e0 votre personnel afin de leur permettre d&rsquo;acqu\u00e9rir les connaissances et les comp\u00e9tences n\u00e9cessaires en mati\u00e8re de lubrification, les aident \u00e0 atteindre les objectifs de fiabilit\u00e9 des \u00e9quipements et \u00e0 r\u00e9soudre les probl\u00e8mes.<\/p>\n<p>Nous couvrons des sujets tels que: la fonction et la composition d\u2019un lubrifiant, la lubrification des roulements, des engrenages et des moteurs, mais aussi des points tels que la s\u00e9curit\u00e9, le stockage et la manipulation des lubrifiants.<\/p>\n<p>Nous travaillons ensemble pour:<\/p>\n<ul>\n<li>Discuter d&rsquo;une liste de sujets potentiels pour obtenir un accord sur vos besoins, vos priorit\u00e9s, votre implication, un calendrier des t\u00e2ches, vos objectifs commerciaux et vos principaux d\u00e9fis<\/li>\n<li>\u00c9laborer un programme de formation et les besoins en installation avec le personnel de l\u2019usine<\/li>\n<li>Identifier, s\u00e9lectionner et \u00e9tendre les invitations \u00e0 d\u2019autres participants<\/li>\n<li>Confirmer le plan de formation et la logistique<\/li>\n<\/ul>\n<\/div>\n<\/div>\n<\/div>\n<\/div>\n<p>[\/vc_column_text][vc_empty_space][vc_single_image image=\u00a0\u00bb494&Prime; img_size=\u00a0\u00bbfull\u00a0\u00bb css=\u00a0\u00bb\u00a0\u00bb][vc_empty_space][\/vc_column][\/vc_row][vc_row][vc_column]<a href=\"https:\/\/ingelbeen.be\/fr\/contact\/\" title=\"Contact\" class=\"btn btn-solid btn-bordered border-thin ld_button_69e902952ee98\">\n\t<span>\n\t\t\n\t\t\t\t\t<span class=\"btn-txt\">Contactez-nous<\/span>\n\t\t\t\n\t\t\t\t<\/span>\n<\/a>\n[vc_empty_space][vc_empty_space][vc_empty_space][vc_empty_space][\/vc_column][\/vc_row]<\/p>\n<\/div>","protected":false},"excerpt":{"rendered":"<p>[vc_row][vc_column][vc_empty_space][vc_column_text css=\u00a0\u00bb\u00a0\u00bb] Formation de lubrification [\/vc_column_text][vc_empty_space][vc_column_text css=\u00a0\u00bb\u00a0\u00bb] Nos experts en lubrification fournissent la formation n\u00e9cessaire&#8230;<\/p>\n","protected":false},"author":1,"featured_media":0,"parent":663,"menu_order":0,"comment_status":"closed","ping_status":"closed","template":"","meta":{"footnotes":""},"class_list":["post-637","page","type-page","status-publish","hentry"],"_links":{"self":[{"href":"https:\/\/ingelbeen.be\/fr\/wp-json\/wp\/v2\/pages\/637","targetHints":{"allow":["GET"]}}],"collection":[{"href":"https:\/\/ingelbeen.be\/fr\/wp-json\/wp\/v2\/pages"}],"about":[{"href":"https:\/\/ingelbeen.be\/fr\/wp-json\/wp\/v2\/types\/page"}],"author":[{"embeddable":true,"href":"https:\/\/ingelbeen.be\/fr\/wp-json\/wp\/v2\/users\/1"}],"replies":[{"embeddable":true,"href":"https:\/\/ingelbeen.be\/fr\/wp-json\/wp\/v2\/comments?post=637"}],"version-history":[{"count":1,"href":"https:\/\/ingelbeen.be\/fr\/wp-json\/wp\/v2\/pages\/637\/revisions"}],"predecessor-version":[{"id":638,"href":"https:\/\/ingelbeen.be\/fr\/wp-json\/wp\/v2\/pages\/637\/revisions\/638"}],"up":[{"embeddable":true,"href":"https:\/\/ingelbeen.be\/fr\/wp-json\/wp\/v2\/pages\/663"}],"wp:attachment":[{"href":"https:\/\/ingelbeen.be\/fr\/wp-json\/wp\/v2\/media?parent=637"}],"curies":[{"name":"wp","href":"https:\/\/api.w.org\/{rel}","templated":true}]}}