{"id":639,"date":"2024-05-28T09:51:33","date_gmt":"2024-05-28T09:51:33","guid":{"rendered":"https:\/\/tanguy.kneet.be\/?page_id=639"},"modified":"2024-06-07T01:58:57","modified_gmt":"2024-06-07T01:58:57","slug":"service-pour-les-filtres-et-controle-de-la-pollution","status":"publish","type":"page","link":"https:\/\/ingelbeen.be\/fr\/services\/service-pour-les-filtres-et-controle-de-la-pollution\/","title":{"rendered":"Service pour les filtres et contr\u00f4le de la pollution"},"content":{"rendered":"<div class=\"wpb-content-wrapper\"><p>[vc_row][vc_column][vc_empty_space][vc_column_text css=\u00a0\u00bb\u00a0\u00bb]<\/p>\n<h1>Service pour les filtres et contr\u00f4le de la pollution<\/h1>\n<p>[\/vc_column_text][vc_empty_space][vc_column_text css=\u00a0\u00bb\u00a0\u00bb]Nos ing\u00e9nieurs inspectent vos syst\u00e8mes et, si n\u00e9cessaire, fournissent des analyses et des rapports pour am\u00e9liorer les conditions de fonctionnement.<\/p>\n<ul>\n<li>Maximisez la productivit\u00e9 en am\u00e9liorant les performances et la dur\u00e9e de vie de l&rsquo;\u00e9quipement, en identifiant les d\u00e9p\u00f4ts de vernis ou de carbone, en \u00e9tablissant et en d\u00e9finissant les crit\u00e8res et syst\u00e8mes de nettoyage et en surveillant les am\u00e9liorations et les \u00e9volutions du syst\u00e8me.<\/li>\n<li>L&rsquo;identification des \u00e9tapes du remplissage initiale et la coordination de la livraison des lubrifiants au bon moment peut vous aider \u00e0 r\u00e9duire vos co\u00fbts d\u2019exploitation, de maintenance et de main-d\u2019\u0153uvre et ainsi \u00e0 augmenter la productivit\u00e9 de votre usine.<\/li>\n<\/ul>\n<p>Livraison optionnelle sur demande de lubrifiant pr\u00e9filtr\u00e9, processus offrant l\u2019assurance d\u2019une parfaite qualit\u00e9 de filtration suivant vos exigences avec remise d\u2019un certificat.[\/vc_column_text][vc_empty_space][vc_single_image image=\u00a0\u00bb501&Prime; img_size=\u00a0\u00bbfull\u00a0\u00bb css=\u00a0\u00bb\u00a0\u00bb][vc_empty_space][\/vc_column][\/vc_row][vc_row][vc_column]<a href=\"https:\/\/ingelbeen.be\/fr\/contact\/\" title=\"Contact\" class=\"btn btn-solid btn-bordered border-thin ld_button_69e8f12c3b6c2\">\n\t<span>\n\t\t\n\t\t\t\t\t<span class=\"btn-txt\">Contactez-nous<\/span>\n\t\t\t\n\t\t\t\t<\/span>\n<\/a>\n[vc_empty_space][vc_empty_space][vc_empty_space][vc_empty_space][\/vc_column][\/vc_row]<\/p>\n<\/div>","protected":false},"excerpt":{"rendered":"<p>[vc_row][vc_column][vc_empty_space][vc_column_text css=\u00a0\u00bb\u00a0\u00bb] Service pour les filtres et contr\u00f4le de la pollution [\/vc_column_text][vc_empty_space][vc_column_text css=\u00a0\u00bb\u00a0\u00bb]Nos ing\u00e9nieurs inspectent&#8230;<\/p>\n","protected":false},"author":1,"featured_media":0,"parent":663,"menu_order":0,"comment_status":"closed","ping_status":"closed","template":"","meta":{"footnotes":""},"class_list":["post-639","page","type-page","status-publish","hentry"],"_links":{"self":[{"href":"https:\/\/ingelbeen.be\/fr\/wp-json\/wp\/v2\/pages\/639","targetHints":{"allow":["GET"]}}],"collection":[{"href":"https:\/\/ingelbeen.be\/fr\/wp-json\/wp\/v2\/pages"}],"about":[{"href":"https:\/\/ingelbeen.be\/fr\/wp-json\/wp\/v2\/types\/page"}],"author":[{"embeddable":true,"href":"https:\/\/ingelbeen.be\/fr\/wp-json\/wp\/v2\/users\/1"}],"replies":[{"embeddable":true,"href":"https:\/\/ingelbeen.be\/fr\/wp-json\/wp\/v2\/comments?post=639"}],"version-history":[{"count":2,"href":"https:\/\/ingelbeen.be\/fr\/wp-json\/wp\/v2\/pages\/639\/revisions"}],"predecessor-version":[{"id":641,"href":"https:\/\/ingelbeen.be\/fr\/wp-json\/wp\/v2\/pages\/639\/revisions\/641"}],"up":[{"embeddable":true,"href":"https:\/\/ingelbeen.be\/fr\/wp-json\/wp\/v2\/pages\/663"}],"wp:attachment":[{"href":"https:\/\/ingelbeen.be\/fr\/wp-json\/wp\/v2\/media?parent=639"}],"curies":[{"name":"wp","href":"https:\/\/api.w.org\/{rel}","templated":true}]}}