{"id":642,"date":"2024-05-28T09:53:00","date_gmt":"2024-05-28T09:53:00","guid":{"rendered":"https:\/\/tanguy.kneet.be\/?page_id=642"},"modified":"2024-06-07T01:58:26","modified_gmt":"2024-06-07T01:58:26","slug":"inspection-thermographique-et-temperature","status":"publish","type":"page","link":"https:\/\/ingelbeen.be\/fr\/services\/inspection-thermographique-et-temperature\/","title":{"rendered":"Inspection thermographique et temp\u00e9rature"},"content":{"rendered":"<div class=\"wpb-content-wrapper\"><p>[vc_row][vc_column][vc_empty_space][vc_column_text css=\u00a0\u00bb\u00a0\u00bb]<\/p>\n<h1 id=\"page-title-heading\" class=\"page-title\" aria-labelledby=\"page-title-heading toolbar-amount\"><span class=\"base\" data-ui-id=\"page-title-wrapper\">Inspection thermographique et temp\u00e9rature<\/span><\/h1>\n<p>[\/vc_column_text][vc_empty_space][vc_column_text css=\u00a0\u00bb\u00a0\u00bb]Au moyen de cam\u00e9ras thermographiques et de capteurs de mesures des temp\u00e9ratures, nos ing\u00e9nieurs collectent des donn\u00e9es du syst\u00e8me et identifient les probl\u00e8mes potentiels des \u00e9quipements et du lubrifiant afin d&rsquo;\u00e9viter des arr\u00eats de production co\u00fbteux et d&rsquo;am\u00e9liorer les conditions de fonctionnement.<\/p>\n<p>Nos ing\u00e9nieurs inspectent et documentent sur la temp\u00e9rature, sur l&rsquo;\u00e9tat des \u00e9quipements et sur les processus critiques de l&rsquo;usine. Ils utilisent les donn\u00e9es d\u2019inspection et de temp\u00e9rature afin de localiser et d&rsquo;\u00e9liminer les probl\u00e8mes potentiels. Ce service compl\u00e8te\u00a0les programmes de surveillance mis en place, par l&rsquo;analyse de l&rsquo;huile et les mesures de vibrations, en mettant en corr\u00e9lation les donn\u00e9es de temp\u00e9rature et les inspections visuelles effectives.<\/p>\n<p>Nous travaillons ensemble pour:<\/p>\n<ul>\n<li>Planifier des inspections thermographiques p\u00e9riodiques<\/li>\n<li>Identifier le mat\u00e9riel qui montre des probl\u00e8mes<\/li>\n<li>Recueillir des donn\u00e9es thermographiques et enregistrer les observations sur les \u00e9quipements critiques<\/li>\n<li>Photographier les composants<\/li>\n<li>Communiquer et pr\u00e9senter les r\u00e9sultats \u00e0 toutes les personnes impliqu\u00e9es<\/li>\n<\/ul>\n<p>[\/vc_column_text][vc_empty_space][vc_single_image image=\u00a0\u00bb507&Prime; img_size=\u00a0\u00bbfull\u00a0\u00bb css=\u00a0\u00bb\u00a0\u00bb][vc_empty_space][\/vc_column][\/vc_row][vc_row][vc_column]<a href=\"https:\/\/ingelbeen.be\/fr\/contact\/\" title=\"Contact\" class=\"btn btn-solid btn-bordered border-thin ld_button_69e9022ecbf94\">\n\t<span>\n\t\t\n\t\t\t\t\t<span class=\"btn-txt\">Contactez-nous<\/span>\n\t\t\t\n\t\t\t\t<\/span>\n<\/a>\n[vc_empty_space][vc_empty_space][vc_empty_space][vc_empty_space][\/vc_column][\/vc_row]<\/p>\n<\/div>","protected":false},"excerpt":{"rendered":"<p>[vc_row][vc_column][vc_empty_space][vc_column_text css=\u00a0\u00bb\u00a0\u00bb] Inspection thermographique et temp\u00e9rature [\/vc_column_text][vc_empty_space][vc_column_text css=\u00a0\u00bb\u00a0\u00bb]Au moyen de cam\u00e9ras thermographiques et de capteurs&#8230;<\/p>\n","protected":false},"author":1,"featured_media":0,"parent":663,"menu_order":0,"comment_status":"closed","ping_status":"closed","template":"","meta":{"footnotes":""},"class_list":["post-642","page","type-page","status-publish","hentry"],"_links":{"self":[{"href":"https:\/\/ingelbeen.be\/fr\/wp-json\/wp\/v2\/pages\/642","targetHints":{"allow":["GET"]}}],"collection":[{"href":"https:\/\/ingelbeen.be\/fr\/wp-json\/wp\/v2\/pages"}],"about":[{"href":"https:\/\/ingelbeen.be\/fr\/wp-json\/wp\/v2\/types\/page"}],"author":[{"embeddable":true,"href":"https:\/\/ingelbeen.be\/fr\/wp-json\/wp\/v2\/users\/1"}],"replies":[{"embeddable":true,"href":"https:\/\/ingelbeen.be\/fr\/wp-json\/wp\/v2\/comments?post=642"}],"version-history":[{"count":2,"href":"https:\/\/ingelbeen.be\/fr\/wp-json\/wp\/v2\/pages\/642\/revisions"}],"predecessor-version":[{"id":644,"href":"https:\/\/ingelbeen.be\/fr\/wp-json\/wp\/v2\/pages\/642\/revisions\/644"}],"up":[{"embeddable":true,"href":"https:\/\/ingelbeen.be\/fr\/wp-json\/wp\/v2\/pages\/663"}],"wp:attachment":[{"href":"https:\/\/ingelbeen.be\/fr\/wp-json\/wp\/v2\/media?parent=642"}],"curies":[{"name":"wp","href":"https:\/\/api.w.org\/{rel}","templated":true}]}}