{"id":645,"date":"2024-05-28T09:54:00","date_gmt":"2024-05-28T09:54:00","guid":{"rendered":"https:\/\/tanguy.kneet.be\/?page_id=645"},"modified":"2024-06-07T01:58:06","modified_gmt":"2024-06-07T01:58:06","slug":"etude-de-lefficacite-energetique","status":"publish","type":"page","link":"https:\/\/ingelbeen.be\/fr\/services\/etude-de-lefficacite-energetique\/","title":{"rendered":"Etude de l\u2019efficacit\u00e9 \u00e9nerg\u00e9tique"},"content":{"rendered":"<div class=\"wpb-content-wrapper\"><p>[vc_row][vc_column][vc_empty_space][vc_column_text css=\u00a0\u00bb\u00a0\u00bb]<\/p>\n<h1 id=\"page-title-heading\" class=\"page-title\" aria-labelledby=\"page-title-heading toolbar-amount\"><span class=\"base\" data-ui-id=\"page-title-wrapper\">Etude de l\u2019efficacit\u00e9 \u00e9nerg\u00e9tique<\/span><\/h1>\n<p>[\/vc_column_text][vc_empty_space][vc_column_text css=\u00a0\u00bb\u00a0\u00bb]Des informations professionnelles sur la lubrification peuvent vous aider \u00e0 optimiser l\u2019efficacit\u00e9 \u00e9nerg\u00e9tique de vos op\u00e9rations et ainsi \u00e0 limiter les co\u00fbts li\u00e9s \u00e0 l\u2019\u00e9nergie.<\/p>\n<p>Nos ing\u00e9nieurs travaillent avec vous pour explorer et pour vous expliquer comment des lubrifiants synth\u00e9tiques peuvent contribuer \u00e0 r\u00e9duire vos co\u00fbts li\u00e9s \u00e0 l&rsquo;\u00e9nergie, pour r\u00e9duire votre empreinte carbone et pour prolonger la dur\u00e9e de vie des fluides (par rapport aux lubrifiants classiques). Ils vous pr\u00e9sentent la th\u00e9orie et les applications li\u00e9es o\u00f9 l&rsquo;utilisation de lubrifiants sp\u00e9ciaux peuvent contribuer \u00e0 des avantages en termes d&rsquo;efficacit\u00e9 \u00e9nerg\u00e9tique.<\/p>\n<p>Nous travaillons ensemble pour:<\/p>\n<ul>\n<li>D\u00e9terminer les objectifs, les attentes, faire le point et entrevoir d\u2019autres possibilit\u00e9s<\/li>\n<li>Coordonner et superviser les travaux pr\u00e9-test, test et post-test<\/li>\n<li>Impliquer et coordonner avec le personnel d\u00e9di\u00e9 \u00e0 cette t\u00e2che de l&rsquo;usine<\/li>\n<li>D\u00e9velopper un protocole de tests d\u00e9taill\u00e9<\/li>\n<li>Respect de toutes les r\u00e8gles de s\u00e9curit\u00e9 et de travail et assurance d\u2019une confidentialit\u00e9 totale<\/li>\n<li>Documenter les r\u00e9sultats et les recommandations<\/li>\n<\/ul>\n<p>[\/vc_column_text][vc_empty_space][\/vc_column][\/vc_row][vc_row][vc_column]<a href=\"https:\/\/ingelbeen.be\/fr\/contact\/\" title=\"Contact\" class=\"btn btn-solid btn-bordered border-thin ld_button_69e90484d82f8\">\n\t<span>\n\t\t\n\t\t\t\t\t<span class=\"btn-txt\">Contactez-nous<\/span>\n\t\t\t\n\t\t\t\t<\/span>\n<\/a>\n[vc_empty_space][vc_empty_space][vc_empty_space][vc_empty_space][\/vc_column][\/vc_row]<\/p>\n<\/div>","protected":false},"excerpt":{"rendered":"<p>[vc_row][vc_column][vc_empty_space][vc_column_text css=\u00a0\u00bb\u00a0\u00bb] Etude de l\u2019efficacit\u00e9 \u00e9nerg\u00e9tique [\/vc_column_text][vc_empty_space][vc_column_text css=\u00a0\u00bb\u00a0\u00bb]Des informations professionnelles sur la lubrification peuvent vous&#8230;<\/p>\n","protected":false},"author":1,"featured_media":0,"parent":663,"menu_order":0,"comment_status":"closed","ping_status":"closed","template":"","meta":{"footnotes":""},"class_list":["post-645","page","type-page","status-publish","hentry"],"_links":{"self":[{"href":"https:\/\/ingelbeen.be\/fr\/wp-json\/wp\/v2\/pages\/645","targetHints":{"allow":["GET"]}}],"collection":[{"href":"https:\/\/ingelbeen.be\/fr\/wp-json\/wp\/v2\/pages"}],"about":[{"href":"https:\/\/ingelbeen.be\/fr\/wp-json\/wp\/v2\/types\/page"}],"author":[{"embeddable":true,"href":"https:\/\/ingelbeen.be\/fr\/wp-json\/wp\/v2\/users\/1"}],"replies":[{"embeddable":true,"href":"https:\/\/ingelbeen.be\/fr\/wp-json\/wp\/v2\/comments?post=645"}],"version-history":[{"count":2,"href":"https:\/\/ingelbeen.be\/fr\/wp-json\/wp\/v2\/pages\/645\/revisions"}],"predecessor-version":[{"id":647,"href":"https:\/\/ingelbeen.be\/fr\/wp-json\/wp\/v2\/pages\/645\/revisions\/647"}],"up":[{"embeddable":true,"href":"https:\/\/ingelbeen.be\/fr\/wp-json\/wp\/v2\/pages\/663"}],"wp:attachment":[{"href":"https:\/\/ingelbeen.be\/fr\/wp-json\/wp\/v2\/media?parent=645"}],"curies":[{"name":"wp","href":"https:\/\/api.w.org\/{rel}","templated":true}]}}