{"id":648,"date":"2024-05-28T09:55:06","date_gmt":"2024-05-28T09:55:06","guid":{"rendered":"https:\/\/tanguy.kneet.be\/?page_id=648"},"modified":"2024-06-07T01:59:07","modified_gmt":"2024-06-07T01:59:07","slug":"analyse-de-lorigine-de-la-defaillance","status":"publish","type":"page","link":"https:\/\/ingelbeen.be\/fr\/services\/analyse-de-lorigine-de-la-defaillance\/","title":{"rendered":"Analyse de l\u2019origine de la d\u00e9faillance"},"content":{"rendered":"<div class=\"wpb-content-wrapper\"><p>[vc_row][vc_column][vc_empty_space][vc_column_text css=\u00a0\u00bb\u00a0\u00bb]<\/p>\n<h1 id=\"page-title-heading\" class=\"page-title\" aria-labelledby=\"page-title-heading toolbar-amount\"><span class=\"base\" data-ui-id=\"page-title-wrapper\">Analyse de l\u2019origine de la d\u00e9faillance<\/span><\/h1>\n<p>[\/vc_column_text][vc_empty_space][vc_column_text css=\u00a0\u00bb\u00a0\u00bb]Nos ing\u00e9nieurs s&#8217;emploient \u00e0 d\u00e9terminer la cause premi\u00e8re des d\u00e9faillances au travers d\u2019un contr\u00f4le sur site de la lubrification des \u00e9quipements et des probl\u00e8mes m\u00e9caniques. Nous disposons d\u2019un large \u00e9ventail de ressources techniques internes et externes. Nos ing\u00e9nieurs utilisent des outils tels que les analyses d\u2019huile, l&rsquo;analyse des vibrations, l&rsquo;analyse de la temp\u00e9rature par infrarouge et l&rsquo;analyse des d\u00e9faillances des engrenages et des roulements. Ils connaissent les exigences des constructeurs et \u00e9quipementiers et analysent la situation afin de trouver rapidement la cause de la d\u00e9faillance et recommander des solutions pour les \u00e9viter les probl\u00e8mes \u00e0 l\u2019avenir.<\/p>\n<p>Nous travaillons ensemble pour:<\/p>\n<ul>\n<li>Inspecter les pannes et les composants qui fonctionnent dans des conditions similaires<\/li>\n<li>D\u00e9terminer le type de probl\u00e8me<\/li>\n<li>Recueillir les donn\u00e9es de base n\u00e9cessaires<\/li>\n<li>Consulter le personnel technique et de service<\/li>\n<li>Interviewer le personnel d\u2019entretien des installations et les ateliers de r\u00e9paration ext\u00e9rieurs<\/li>\n<li>Mettre en corr\u00e9lation les donn\u00e9es de divers outils et programmes de surveillance<\/li>\n<li>Recommander des modifications appropri\u00e9es dans la conception, la lubrification, les conditions de fonctionnement, la maintenance, la propret\u00e9 et les proc\u00e9dures de rin\u00e7age<\/li>\n<\/ul>\n<p>[\/vc_column_text][vc_empty_space][vc_single_image image=\u00a0\u00bb516&Prime; img_size=\u00a0\u00bbfull\u00a0\u00bb css=\u00a0\u00bb\u00a0\u00bb][vc_empty_space][\/vc_column][\/vc_row][vc_row][vc_column]<a href=\"https:\/\/ingelbeen.be\/fr\/contact\/\" title=\"Contact\" class=\"btn btn-solid btn-bordered border-thin ld_button_69e8f05cb851d\">\n\t<span>\n\t\t\n\t\t\t\t\t<span class=\"btn-txt\">Contactez-nous<\/span>\n\t\t\t\n\t\t\t\t<\/span>\n<\/a>\n[vc_empty_space][vc_empty_space][vc_empty_space][vc_empty_space][\/vc_column][\/vc_row]<\/p>\n<\/div>","protected":false},"excerpt":{"rendered":"<p>[vc_row][vc_column][vc_empty_space][vc_column_text css=\u00a0\u00bb\u00a0\u00bb] Analyse de l\u2019origine de la d\u00e9faillance [\/vc_column_text][vc_empty_space][vc_column_text css=\u00a0\u00bb\u00a0\u00bb]Nos ing\u00e9nieurs s&#8217;emploient \u00e0 d\u00e9terminer la&#8230;<\/p>\n","protected":false},"author":1,"featured_media":0,"parent":663,"menu_order":0,"comment_status":"closed","ping_status":"closed","template":"","meta":{"footnotes":""},"class_list":["post-648","page","type-page","status-publish","hentry"],"_links":{"self":[{"href":"https:\/\/ingelbeen.be\/fr\/wp-json\/wp\/v2\/pages\/648","targetHints":{"allow":["GET"]}}],"collection":[{"href":"https:\/\/ingelbeen.be\/fr\/wp-json\/wp\/v2\/pages"}],"about":[{"href":"https:\/\/ingelbeen.be\/fr\/wp-json\/wp\/v2\/types\/page"}],"author":[{"embeddable":true,"href":"https:\/\/ingelbeen.be\/fr\/wp-json\/wp\/v2\/users\/1"}],"replies":[{"embeddable":true,"href":"https:\/\/ingelbeen.be\/fr\/wp-json\/wp\/v2\/comments?post=648"}],"version-history":[{"count":2,"href":"https:\/\/ingelbeen.be\/fr\/wp-json\/wp\/v2\/pages\/648\/revisions"}],"predecessor-version":[{"id":650,"href":"https:\/\/ingelbeen.be\/fr\/wp-json\/wp\/v2\/pages\/648\/revisions\/650"}],"up":[{"embeddable":true,"href":"https:\/\/ingelbeen.be\/fr\/wp-json\/wp\/v2\/pages\/663"}],"wp:attachment":[{"href":"https:\/\/ingelbeen.be\/fr\/wp-json\/wp\/v2\/media?parent=648"}],"curies":[{"name":"wp","href":"https:\/\/api.w.org\/{rel}","templated":true}]}}