{"id":651,"date":"2024-05-28T09:56:17","date_gmt":"2024-05-28T09:56:17","guid":{"rendered":"https:\/\/tanguy.kneet.be\/?page_id=651"},"modified":"2024-06-07T01:58:34","modified_gmt":"2024-06-07T01:58:34","slug":"management-de-fluide-de-coupe","status":"publish","type":"page","link":"https:\/\/ingelbeen.be\/fr\/services\/management-de-fluide-de-coupe\/","title":{"rendered":"Management de fluide de coupe"},"content":{"rendered":"<div class=\"wpb-content-wrapper\"><p>[vc_row][vc_column][vc_empty_space][vc_column_text css=\u00a0\u00bb\u00a0\u00bb]<\/p>\n<h1 id=\"page-title-heading\" class=\"page-title\" aria-labelledby=\"page-title-heading toolbar-amount\">Management de fluide de coupe<\/h1>\n<p>[\/vc_column_text][vc_empty_space][vc_column_text css=\u00a0\u00bb\u00a0\u00bb]En cours d\u2019utilisation, la composition d\u2019un fluide de coupe peut changer \u00e0 cause de la d\u00e9t\u00e9rioration chimique et\/ou des contaminations ext\u00e9rieures. Il est donc essentiel de surveiller et d&rsquo;entretenir correctement les \u00e9mulsions. Ceci permet d&rsquo;am\u00e9liorer les performances des produits tout en respectant les exigences en mati\u00e8re de sant\u00e9 et de s\u00e9curit\u00e9. Le meilleur moyen d&rsquo;y parvenir est de surveiller int\u00e9gralement les \u00e9mulsions. Laissez nos ing\u00e9nieurs en lubrification vous aider dans un cadre certifi\u00e9 ISO 9001 !<\/p>\n<p><strong>A quoi pouvez-vous vous attendre\u00a0?<\/strong><\/p>\n<ul>\n<li>Notre ing\u00e9nieur en lubrification mesure la concentration et l&rsquo;acidit\u00e9 de l&rsquo;\u00e9mulsion et, si n\u00e9cessaire, v\u00e9rifie le niveau de nitrites et de bact\u00e9ries ainsi que la qualit\u00e9 de l&rsquo;eau\n<ul>\n<li>Mesures de la concentration<\/li>\n<li>Mesure de pH<\/li>\n<li>Tests de laboratoire<\/li>\n<\/ul>\n<\/li>\n<li>Les premi\u00e8res constatations et les \u00e9ventuelles adaptations n\u00e9cessaires sont discut\u00e9es avec vous sur place\n<ul>\n<li>Corrections et ajustements<\/li>\n<li>Formation \u00e0 la maintenance<\/li>\n<\/ul>\n<\/li>\n<li>Vous recevrez un rapport complet et professionnel avec les r\u00e9sultats de l&rsquo;analyse et les \u00e9ventuelles mesures \u00e0 prendre<\/li>\n<\/ul>\n<p><strong>Quelle est la valeur ajout\u00e9e d&rsquo;un contr\u00f4le r\u00e9gulier ?<\/strong><\/p>\n<ul>\n<li>R\u00e9duction de la consommation de l&rsquo;huile. Le contact avec des huiles \u00e9trang\u00e8res (comme des huiles glissi\u00e8res), les fluctuations de la valeur du pH, la formation de moisissures et de bact\u00e9ries sont des facteurs qui perturbent la qualit\u00e9 de l&rsquo;\u00e9mulsion. Des contr\u00f4les effectu\u00e9s en temps utile prolongent consid\u00e9rablement la dur\u00e9e de vie de l&rsquo;\u00e9mulsion<\/li>\n<li>Dur\u00e9e d\u2019utilisation prolong\u00e9e du bain d\u2019\u00e9mulsion<\/li>\n<li>Protection de vos pi\u00e8ces et outils de coupe. Des contr\u00f4les effectu\u00e9s en temps utile emp\u00eachent la corrosion, ce qui pr\u00e9vient l&rsquo;usure et permet d&rsquo;obtenir des machines propres.<\/li>\n<li>Les risques pour la sant\u00e9 sont \u00e9vit\u00e9s gr\u00e2ce \u00e0 un contact r\u00e9duit avec une \u00e9mulsion contamin\u00e9e et dangereuse<\/li>\n<\/ul>\n<p>[\/vc_column_text][vc_empty_space][vc_single_image image=\u00a0\u00bb522&Prime; img_size=\u00a0\u00bbfull\u00a0\u00bb css=\u00a0\u00bb\u00a0\u00bb][vc_empty_space][\/vc_column][\/vc_row][vc_row][vc_column]<a href=\"https:\/\/ingelbeen.be\/fr\/contact\/\" title=\"Contact\" class=\"btn btn-solid btn-bordered border-thin ld_button_69e8f08dc84ca\">\n\t<span>\n\t\t\n\t\t\t\t\t<span class=\"btn-txt\">Contactez-nous<\/span>\n\t\t\t\n\t\t\t\t<\/span>\n<\/a>\n[vc_empty_space][vc_empty_space][vc_empty_space][vc_empty_space][\/vc_column][\/vc_row]<\/p>\n<\/div>","protected":false},"excerpt":{"rendered":"<p>[vc_row][vc_column][vc_empty_space][vc_column_text css=\u00a0\u00bb\u00a0\u00bb] Management de fluide de coupe [\/vc_column_text][vc_empty_space][vc_column_text css=\u00a0\u00bb\u00a0\u00bb]En cours d\u2019utilisation, la composition d\u2019un fluide&#8230;<\/p>\n","protected":false},"author":1,"featured_media":0,"parent":663,"menu_order":0,"comment_status":"closed","ping_status":"closed","template":"","meta":{"footnotes":""},"class_list":["post-651","page","type-page","status-publish","hentry"],"_links":{"self":[{"href":"https:\/\/ingelbeen.be\/fr\/wp-json\/wp\/v2\/pages\/651","targetHints":{"allow":["GET"]}}],"collection":[{"href":"https:\/\/ingelbeen.be\/fr\/wp-json\/wp\/v2\/pages"}],"about":[{"href":"https:\/\/ingelbeen.be\/fr\/wp-json\/wp\/v2\/types\/page"}],"author":[{"embeddable":true,"href":"https:\/\/ingelbeen.be\/fr\/wp-json\/wp\/v2\/users\/1"}],"replies":[{"embeddable":true,"href":"https:\/\/ingelbeen.be\/fr\/wp-json\/wp\/v2\/comments?post=651"}],"version-history":[{"count":2,"href":"https:\/\/ingelbeen.be\/fr\/wp-json\/wp\/v2\/pages\/651\/revisions"}],"predecessor-version":[{"id":653,"href":"https:\/\/ingelbeen.be\/fr\/wp-json\/wp\/v2\/pages\/651\/revisions\/653"}],"up":[{"embeddable":true,"href":"https:\/\/ingelbeen.be\/fr\/wp-json\/wp\/v2\/pages\/663"}],"wp:attachment":[{"href":"https:\/\/ingelbeen.be\/fr\/wp-json\/wp\/v2\/media?parent=651"}],"curies":[{"name":"wp","href":"https:\/\/api.w.org\/{rel}","templated":true}]}}