{"id":655,"date":"2024-03-29T14:05:57","date_gmt":"2024-03-29T13:05:57","guid":{"rendered":"https:\/\/tanguy.kneet.be\/?page_id=655"},"modified":"2026-01-08T22:39:14","modified_gmt":"2026-01-08T21:39:14","slug":"produits","status":"publish","type":"page","link":"https:\/\/ingelbeen.be\/fr\/produits\/","title":{"rendered":"Produits"},"content":{"rendered":"<div class=\"wpb-content-wrapper\"><p>[vc_row css=\u00a0\u00bb.vc_custom_1711739556527{background-image: url(https:\/\/ingelbeen.be\/wp-content\/uploads\/2024\/03\/IMG_8176-kopie-scaled.jpg?id=159) !important;background-position: center !important;background-repeat: no-repeat !important;background-size: cover !important;}\u00a0\u00bb][vc_column][vc_empty_space height=\u00a0\u00bb320px\u00a0\u00bb][\/vc_column][\/vc_row][vc_row][vc_column][vc_empty_space][vc_column_text css=\u00a0\u00bb\u00a0\u00bb]<\/p>\n<h1>D\u00e9couvrez tous nos produits<\/h1>\n<p>[\/vc_column_text][vc_empty_space][vc_row_inner][vc_column_inner width=\u00a0\u00bb1\/3&Prime; css=\u00a0\u00bb.vc_custom_1717429464750{margin-bottom: 32px !important;border-top-width: 2px !important;border-right-width: 2px !important;border-bottom-width: 2px !important;border-left-width: 2px !important;padding-top: 20px !important;padding-right: 15px !important;padding-bottom: 20px !important;padding-left: 15px !important;border-left-style: solid !important;border-right-style: solid !important;border-top-style: solid !important;border-bottom-style: solid !important;border-color: #1566ac !important;}\u00a0\u00bb][vc_column_text css=\u00a0\u00bb\u00a0\u00bb]<\/p>\n<p style=\"text-align: center;\"><strong>Huiles moteurs<\/strong><\/p>\n<p style=\"text-align: center;\">L&rsquo;huile moteur lubrifie les pi\u00e8ces mobiles du moteur pour r\u00e9duire la friction et prolonger sa dur\u00e9e de vie. Il dissipe \u00e9galement la chaleur et \u00e9vite la formation de d\u00e9p\u00f4ts.<\/p>\n<p style=\"text-align: center;\"><a href=\"https:\/\/ingelbeen.be\/fr\/produits\/huiles-moteurs\/\"><strong>Plus d&rsquo;infos<\/strong><\/a><\/p>\n<p>[\/vc_column_text][\/vc_column_inner][vc_column_inner width=\u00a0\u00bb1\/3&Prime; css=\u00a0\u00bb.vc_custom_1717429469128{margin-bottom: 32px !important;border-top-width: 2px !important;border-right-width: 2px !important;border-bottom-width: 2px !important;border-left-width: 2px !important;padding-top: 20px !important;padding-right: 15px !important;padding-bottom: 20px !important;padding-left: 15px !important;border-left-style: solid !important;border-right-style: solid !important;border-top-style: solid !important;border-bottom-style: solid !important;border-color: #1566ac !important;}\u00a0\u00bb][vc_column_text css=\u00a0\u00bb\u00a0\u00bb]<\/p>\n<p style=\"text-align: center;\"><strong>Huiles pour engrenages<\/strong><\/p>\n<p style=\"text-align: center;\">L&rsquo;huile pour engrenages assure la lubrification et la protection contre la corrosion des transmissions \u00e0 engrenages, contribuant ainsi \u00e0 une transmission de puissance efficace et \u00e0 la durabilit\u00e9.<\/p>\n<p style=\"text-align: center;\"><a href=\"https:\/\/ingelbeen.be\/fr\/produits\/huiles-pour-engrenages\/\"><strong>Plus d\u2019infos<\/strong><\/a><\/p>\n<p>[\/vc_column_text][\/vc_column_inner][vc_column_inner width=\u00a0\u00bb1\/3&Prime; css=\u00a0\u00bb.vc_custom_1711743185576{border-top-width: 2px !important;border-right-width: 2px !important;border-bottom-width: 2px !important;border-left-width: 2px !important;padding-top: 20px !important;padding-right: 15px !important;padding-bottom: 20px !important;padding-left: 15px !important;border-left-color: #1566ac !important;border-left-style: solid !important;border-right-color: #1566ac !important;border-right-style: solid !important;border-top-color: #1566ac !important;border-top-style: solid !important;border-bottom-color: #1566ac !important;border-bottom-style: solid !important;}\u00a0\u00bb][vc_column_text css=\u00a0\u00bb\u00a0\u00bb]<\/p>\n<p style=\"text-align: center;\"><strong>Liquide de frein<\/strong><\/p>\n<p style=\"text-align: center;\">Le liquide de frein est un liquide hydraulique essentiel au processus de freinage du v\u00e9hicule qui convertit la pression de la p\u00e9dale en force de freinage.<\/p>\n<p style=\"text-align: center;\"><strong><a href=\"https:\/\/ingelbeen.be\/fr\/produits\/liquide-de-frein\/\">Plus d\u2019infos<\/a><\/strong><\/p>\n<p>[\/vc_column_text][\/vc_column_inner][\/vc_row_inner][vc_empty_space][vc_row_inner][vc_column_inner width=\u00a0\u00bb1\/3&Prime; css=\u00a0\u00bb.vc_custom_1717429475363{margin-bottom: 32px !important;border-top-width: 2px !important;border-right-width: 2px !important;border-bottom-width: 2px !important;border-left-width: 2px !important;padding-top: 20px !important;padding-right: 15px !important;padding-bottom: 20px !important;padding-left: 15px !important;border-left-style: solid !important;border-right-style: solid !important;border-top-style: solid !important;border-bottom-style: solid !important;border-color: #1566ac !important;}\u00a0\u00bb][vc_column_text css=\u00a0\u00bb\u00a0\u00bb]<\/p>\n<p style=\"text-align: center;\"><strong>Huile pour compresseurs<\/strong><\/p>\n<p style=\"text-align: center;\">L&rsquo;huile pour compresseur lubrifie et prot\u00e8ge les compresseurs d&rsquo;air contre la chaleur et la corrosion, \u00e9l\u00e9ments essentiels pour un fonctionnement fiable et une longue dur\u00e9e de vie.<\/p>\n<p style=\"text-align: center;\"><strong><a href=\"https:\/\/ingelbeen.be\/fr\/produits\/huile-pour-compresseurs\/\">Plus d\u2019infos<\/a><\/strong><\/p>\n<p>[\/vc_column_text][\/vc_column_inner][vc_column_inner width=\u00a0\u00bb1\/3&Prime; css=\u00a0\u00bb.vc_custom_1717429480003{margin-bottom: 32px !important;border-top-width: 2px !important;border-right-width: 2px !important;border-bottom-width: 2px !important;border-left-width: 2px !important;padding-top: 20px !important;padding-right: 15px !important;padding-bottom: 20px !important;padding-left: 15px !important;border-left-style: solid !important;border-right-style: solid !important;border-top-style: solid !important;border-bottom-style: solid !important;border-color: #1566ac !important;}\u00a0\u00bb][vc_column_text css=\u00a0\u00bb\u00a0\u00bb]<\/p>\n<p style=\"text-align: center;\"><strong>Huiles hydrauliques<\/strong><\/p>\n<p style=\"text-align: center;\">L&rsquo;huile hydraulique lubrifie et prot\u00e8ge les syst\u00e8mes hydrauliques, permettant le transfert de puissance via la pression du fluide pour un fonctionnement fluide.<\/p>\n<p style=\"text-align: center;\"><strong><a href=\"https:\/\/ingelbeen.be\/fr\/produits\/huiles-hydrauliques\/\">Plus d\u2019infos<\/a><\/strong><\/p>\n<p>[\/vc_column_text][\/vc_column_inner][vc_column_inner width=\u00a0\u00bb1\/3&Prime; css=\u00a0\u00bb.vc_custom_1711721741512{border-top-width: 2px !important;border-right-width: 2px !important;border-bottom-width: 2px !important;border-left-width: 2px !important;padding-top: 20px !important;padding-right: 15px !important;padding-bottom: 20px !important;padding-left: 15px !important;border-left-color: #1566ac !important;border-left-style: solid !important;border-right-color: #1566ac !important;border-right-style: solid !important;border-top-color: #1566ac !important;border-top-style: solid !important;border-bottom-color: #1566ac !important;border-bottom-style: solid !important;}\u00a0\u00bb][vc_column_text css=\u00a0\u00bb\u00a0\u00bb]<\/p>\n<p style=\"text-align: center;\"><strong>Huiles pour turbines et huiles de circulation<\/strong><\/p>\n<p style=\"text-align: center;\">Cette huile assure la lubrification et la protection contre l\u2019usure des turbines et des syst\u00e8mes de circulation, essentielles \u00e0 la fiabilit\u00e9 des processus.<\/p>\n<p style=\"text-align: center;\"><strong><a href=\"https:\/\/ingelbeen.be\/fr\/produits\/huiles-pour-turbines-et-huiles-de-circulation\/\">Plus d\u2019infos<\/a><\/strong><\/p>\n<p>[\/vc_column_text][\/vc_column_inner][\/vc_row_inner][vc_empty_space][vc_row_inner][vc_column_inner width=\u00a0\u00bb1\/3&Prime; css=\u00a0\u00bb.vc_custom_1717429484983{margin-bottom: 32px !important;border-top-width: 2px !important;border-right-width: 2px !important;border-bottom-width: 2px !important;border-left-width: 2px !important;padding-top: 20px !important;padding-right: 15px !important;padding-bottom: 20px !important;padding-left: 15px !important;border-left-style: solid !important;border-right-style: solid !important;border-top-style: solid !important;border-bottom-style: solid !important;border-color: #1566ac !important;}\u00a0\u00bb][vc_column_text css=\u00a0\u00bb\u00a0\u00bb]<\/p>\n<p style=\"text-align: center;\"><strong>Huiles caloporteuses<\/strong><\/p>\n<p style=\"text-align: center;\">L\u2019huile caloporteuse joue un r\u00f4le crucial dans la r\u00e9gulation des temp\u00e9ratures dans les syst\u00e8mes de chauffage et de refroidissement.<\/p>\n<p style=\"text-align: center;\"><strong><a href=\"https:\/\/ingelbeen.be\/fr\/produits\/huiles-caloporteuses\/\">Plus d\u2019infos<\/a><\/strong><\/p>\n<p>[\/vc_column_text][\/vc_column_inner][vc_column_inner width=\u00a0\u00bb1\/3&Prime; css=\u00a0\u00bb.vc_custom_1717429489122{margin-bottom: 32px !important;border-top-width: 2px !important;border-right-width: 2px !important;border-bottom-width: 2px !important;border-left-width: 2px !important;padding-top: 20px !important;padding-right: 15px !important;padding-bottom: 20px !important;padding-left: 15px !important;border-left-style: solid !important;border-right-style: solid !important;border-top-style: solid !important;border-bottom-style: solid !important;border-color: #1566ac !important;}\u00a0\u00bb][vc_column_text css=\u00a0\u00bb\u00a0\u00bb]<\/p>\n<p style=\"text-align: center;\"><strong>Huiles pour transmissions et ATF<\/strong><\/p>\n<p style=\"text-align: center;\">L\u2019huile de transmission et l\u2019huile ATF sont essentielles au bon fonctionnement des transmissions des v\u00e9hicules. Cette huile lubrifie les pi\u00e8ces mobiles.<\/p>\n<p style=\"text-align: center;\"><strong><a href=\"https:\/\/ingelbeen.be\/fr\/produits\/huiles-pour-transmissions-et-atf\/\">Plus d\u2019infos<\/a><\/strong><\/p>\n<p>[\/vc_column_text][\/vc_column_inner][vc_column_inner width=\u00a0\u00bb1\/3&Prime; css=\u00a0\u00bb.vc_custom_1711721741512{border-top-width: 2px !important;border-right-width: 2px !important;border-bottom-width: 2px !important;border-left-width: 2px !important;padding-top: 20px !important;padding-right: 15px !important;padding-bottom: 20px !important;padding-left: 15px !important;border-left-color: #1566ac !important;border-left-style: solid !important;border-right-color: #1566ac !important;border-right-style: solid !important;border-top-color: #1566ac !important;border-top-style: solid !important;border-bottom-color: #1566ac !important;border-bottom-style: solid !important;}\u00a0\u00bb][vc_column_text css=\u00a0\u00bb\u00a0\u00bb]<\/p>\n<p style=\"text-align: center;\"><strong>Huiles pour glissi\u00e8res de machines-outils et de broches<\/strong><\/p>\n<p style=\"text-align: center;\">L&rsquo;huile pour glissi\u00e8res et broches est con\u00e7ue pour lubrifier de mani\u00e8re optimale les pi\u00e8ces mobiles de pr\u00e9cision des machines, telles que les guides et les broches.<\/p>\n<p style=\"text-align: center;\"><strong><a href=\"https:\/\/ingelbeen.be\/fr\/produits\/huiles-pour-glissieres-de-machines-outils-et-de-broches\/\">Plus d\u2019infos<\/a><\/strong><\/p>\n<p>[\/vc_column_text][\/vc_column_inner][\/vc_row_inner][vc_empty_space][vc_row_inner][vc_column_inner width=\u00a0\u00bb1\/3&Prime; css=\u00a0\u00bb.vc_custom_1717429496311{margin-bottom: 32px !important;border-top-width: 2px !important;border-right-width: 2px !important;border-bottom-width: 2px !important;border-left-width: 2px !important;padding-top: 20px !important;padding-right: 15px !important;padding-bottom: 20px !important;padding-left: 15px !important;border-left-style: solid !important;border-right-style: solid !important;border-top-style: solid !important;border-bottom-style: solid !important;border-color: #1566ac !important;}\u00a0\u00bb][vc_column_text css=\u00a0\u00bb\u00a0\u00bb]<\/p>\n<p style=\"text-align: center;\"><strong>Huiles de r\u00e9frig\u00e9ration<\/strong><\/p>\n<p style=\"text-align: center;\">Cette huile aide \u00e0 maintenir l&rsquo;efficacit\u00e9, minimise l&rsquo;usure par friction et prolonge la dur\u00e9e de vie de vos compresseurs de r\u00e9frig\u00e9ration en emp\u00eachant la surchauffe et la corrosion.<\/p>\n<p style=\"text-align: center;\"><strong><a href=\"https:\/\/ingelbeen.be\/fr\/produits\/huiles-de-refrigeration\/\">Plus d\u2019infos<\/a><\/strong><\/p>\n<p>[\/vc_column_text][\/vc_column_inner][vc_column_inner width=\u00a0\u00bb1\/3&Prime; css=\u00a0\u00bb.vc_custom_1717429500831{margin-bottom: 32px !important;border-top-width: 2px !important;border-right-width: 2px !important;border-bottom-width: 2px !important;border-left-width: 2px !important;padding-top: 20px !important;padding-right: 15px !important;padding-bottom: 20px !important;padding-left: 15px !important;border-left-style: solid !important;border-right-style: solid !important;border-top-style: solid !important;border-bottom-style: solid !important;border-color: #1566ac !important;}\u00a0\u00bb][vc_column_text css=\u00a0\u00bb\u00a0\u00bb]<\/p>\n<p style=\"text-align: center;\"><strong>Graisses<\/strong><\/p>\n<p style=\"text-align: center;\">Les graisses lubrifiantes fournissent une lubrification essentielle pour une large gamme d&rsquo;applications, prot\u00e9geant contre l&rsquo;humidit\u00e9 et la salet\u00e9 et prolongeant la dur\u00e9e de vie des pi\u00e8ces mobiles en r\u00e9duisant la friction et l&rsquo;usure.<\/p>\n<p style=\"text-align: center;\"><strong><a href=\"https:\/\/ingelbeen.be\/fr\/produits\/graisses\/\">Plus d\u2019infos<\/a><\/strong><\/p>\n<p>[\/vc_column_text][\/vc_column_inner][vc_column_inner width=\u00a0\u00bb1\/3&Prime; css=\u00a0\u00bb.vc_custom_1711721741512{border-top-width: 2px !important;border-right-width: 2px !important;border-bottom-width: 2px !important;border-left-width: 2px !important;padding-top: 20px !important;padding-right: 15px !important;padding-bottom: 20px !important;padding-left: 15px !important;border-left-color: #1566ac !important;border-left-style: solid !important;border-right-color: #1566ac !important;border-right-style: solid !important;border-top-color: #1566ac !important;border-top-style: solid !important;border-bottom-color: #1566ac !important;border-bottom-style: solid !important;}\u00a0\u00bb][vc_column_text css=\u00a0\u00bb\u00a0\u00bb]<\/p>\n<p style=\"text-align: center;\"><strong>Lubrifiants pour l\u2019industrie alimentaire<\/strong><\/p>\n<p style=\"text-align: center;\">Les lubrifiants destin\u00e9s \u00e0 l\u2019industrie agroalimentaire sont sp\u00e9cialement con\u00e7us pour r\u00e9pondre \u00e0 des normes d\u2019hygi\u00e8ne strictes et pr\u00e9venir la contamination des produits alimentaires.<\/p>\n<p style=\"text-align: center;\"><strong><a href=\"https:\/\/ingelbeen.be\/fr\/produits\/lubrifiants-pour-lindustrie-alimentaire\/\">Plus d\u2019infos<\/a><\/strong><\/p>\n<p>[\/vc_column_text][\/vc_column_inner][\/vc_row_inner][vc_empty_space][vc_row_inner][vc_column_inner width=\u00a0\u00bb1\/3&Prime; css=\u00a0\u00bb.vc_custom_1717429505391{margin-bottom: 32px !important;border-top-width: 2px !important;border-right-width: 2px !important;border-bottom-width: 2px !important;border-left-width: 2px !important;padding-top: 20px !important;padding-right: 15px !important;padding-bottom: 20px !important;padding-left: 15px !important;border-left-style: solid !important;border-right-style: solid !important;border-top-style: solid !important;border-bottom-style: solid !important;border-color: #1566ac !important;}\u00a0\u00bb][vc_column_text css=\u00a0\u00bb\u00a0\u00bb]<\/p>\n<p style=\"text-align: center;\"><strong>Huiles de coupe<\/strong><\/p>\n<p style=\"text-align: center;\">Les fluides de travail des m\u00e9taux refroidissent et lubrifient les outils et les pi\u00e8ces pendant les processus de travail des m\u00e9taux, ce qui est essentiel pour la pr\u00e9cision.<\/p>\n<p style=\"text-align: center;\"><strong><a href=\"https:\/\/ingelbeen.be\/fr\/produits\/huiles-de-coupe\/\">Plus d\u2019infos<\/a><\/strong><\/p>\n<p>[\/vc_column_text][\/vc_column_inner][vc_column_inner width=\u00a0\u00bb1\/3&Prime; css=\u00a0\u00bb.vc_custom_1717429509732{margin-bottom: 32px !important;border-top-width: 2px !important;border-right-width: 2px !important;border-bottom-width: 2px !important;border-left-width: 2px !important;padding-top: 20px !important;padding-right: 15px !important;padding-bottom: 20px !important;padding-left: 15px !important;border-left-style: solid !important;border-right-style: solid !important;border-top-style: solid !important;border-bottom-style: solid !important;border-color: #1566ac !important;}\u00a0\u00bb][vc_column_text css=\u00a0\u00bb\u00a0\u00bb]<\/p>\n<p style=\"text-align: center;\"><strong>Huiles pour moteurs \u00e0 gaz<\/strong><\/p>\n<p style=\"text-align: center;\">Cette huile offre une excellente protection contre l\u2019usure, la corrosion et l\u2019accumulation de d\u00e9p\u00f4ts, ce qui est essentiel au maintien de la propret\u00e9 et de l\u2019efficacit\u00e9 du moteur.<\/p>\n<p style=\"text-align: center;\"><strong><a href=\"https:\/\/ingelbeen.be\/fr\/produits\/huiles-pour-moteurs-a-gaz\/\">Plus d\u2019infos<\/a><\/strong><\/p>\n<p>[\/vc_column_text][\/vc_column_inner][vc_column_inner width=\u00a0\u00bb1\/3&Prime; css=\u00a0\u00bb.vc_custom_1716887235615{border-top-width: 2px !important;border-right-width: 2px !important;border-bottom-width: 2px !important;border-left-width: 2px !important;padding-top: 20px !important;padding-right: 15px !important;padding-bottom: 20px !important;padding-left: 15px !important;}\u00a0\u00bb][\/vc_column_inner][\/vc_row_inner][vc_empty_space][\/vc_column][\/vc_row][vc_row][vc_column][vc_empty_space]<a href=\"https:\/\/webshop.ingelbeen.be\/fr\" class=\"btn btn-solid btn-bordered border-thin ld_button_69e8f02e8ece1\">\n\t<span>\n\t\t\n\t\t\t\t\t<span class=\"btn-txt\">Visitez notre magasin en ligne<\/span>\n\t\t\t\n\t\t\t\t<\/span>\n<\/a>\n<a href=\"https:\/\/ingelbeen.be\/fr\/devis\/\" title=\"Devis\" class=\"btn btn-underlined btn-bordered border-thin ld_button_69e8f02e8ee30\">\n\t<span>\n\t\t\n\t\t\t\t\t<span class=\"btn-txt\">Ou demandez un devis sans engagement\uff1e<\/span>\n\t\t\t\n\t\t\t\t<\/span>\n<\/a>\n[vc_empty_space][vc_empty_space][vc_empty_space][vc_empty_space][\/vc_column][\/vc_row]<\/p>\n<\/div>","protected":false},"excerpt":{"rendered":"<p>[vc_row css=\u00a0\u00bb.vc_custom_1711739556527{background-image: url(https:\/\/ingelbeen.be\/wp-content\/uploads\/2024\/03\/IMG_8176-kopie-scaled.jpg?id=159) !important;background-position: center !important;background-repeat: no-repeat !important;background-size: cover !important;}\u00a0\u00bb][vc_column][vc_empty_space height=\u00a0\u00bb320px\u00a0\u00bb][\/vc_column][\/vc_row][vc_row][vc_column][vc_empty_space][vc_column_text css=\u00a0\u00bb\u00a0\u00bb] D\u00e9couvrez tous nos&#8230;<\/p>\n","protected":false},"author":1,"featured_media":0,"parent":0,"menu_order":0,"comment_status":"closed","ping_status":"closed","template":"","meta":{"footnotes":""},"class_list":["post-655","page","type-page","status-publish","hentry"],"_links":{"self":[{"href":"https:\/\/ingelbeen.be\/fr\/wp-json\/wp\/v2\/pages\/655","targetHints":{"allow":["GET"]}}],"collection":[{"href":"https:\/\/ingelbeen.be\/fr\/wp-json\/wp\/v2\/pages"}],"about":[{"href":"https:\/\/ingelbeen.be\/fr\/wp-json\/wp\/v2\/types\/page"}],"author":[{"embeddable":true,"href":"https:\/\/ingelbeen.be\/fr\/wp-json\/wp\/v2\/users\/1"}],"replies":[{"embeddable":true,"href":"https:\/\/ingelbeen.be\/fr\/wp-json\/wp\/v2\/comments?post=655"}],"version-history":[{"count":8,"href":"https:\/\/ingelbeen.be\/fr\/wp-json\/wp\/v2\/pages\/655\/revisions"}],"predecessor-version":[{"id":1170,"href":"https:\/\/ingelbeen.be\/fr\/wp-json\/wp\/v2\/pages\/655\/revisions\/1170"}],"wp:attachment":[{"href":"https:\/\/ingelbeen.be\/fr\/wp-json\/wp\/v2\/media?parent=655"}],"curies":[{"name":"wp","href":"https:\/\/api.w.org\/{rel}","templated":true}]}}