{"id":663,"date":"2024-03-29T19:54:47","date_gmt":"2024-03-29T19:54:47","guid":{"rendered":"https:\/\/tanguy.kneet.be\/?page_id=663"},"modified":"2024-06-07T03:18:23","modified_gmt":"2024-06-07T03:18:23","slug":"services","status":"publish","type":"page","link":"https:\/\/ingelbeen.be\/fr\/services\/","title":{"rendered":"Services"},"content":{"rendered":"<div class=\"wpb-content-wrapper\"><p>[vc_row css=\u00a0\u00bb.vc_custom_1711742086286{background-image: url(https:\/\/ingelbeen.be\/wp-content\/uploads\/2024\/03\/Schermafbeelding-2024-03-29-om-20.54.38.jpg?id=203) !important;background-position: center !important;background-repeat: no-repeat !important;background-size: cover !important;}\u00a0\u00bb][vc_column][vc_empty_space height=\u00a0\u00bb320px\u00a0\u00bb][\/vc_column][\/vc_row][vc_row][vc_column][vc_empty_space][vc_column_text css=\u00a0\u00bb\u00a0\u00bb]<\/p>\n<h1>D\u00e9couvrez nos services techniques<\/h1>\n<p>[\/vc_column_text][vc_empty_space][vc_row_inner][vc_column_inner][vc_column_text css=\u00a0\u00bb\u00a0\u00bb]Chez Ingelbeen-Soete, nous sommes d\u00e9di\u00e9s \u00e0 fournir des solutions et services de haute qualit\u00e9 pour les lubrifiants industriels. Voici un aper\u00e7u des services que nous offrons:<\/p>\n<p><strong>Mobil Serv Lubricant Analysis<\/strong><\/p>\n<p>Une analyse compl\u00e8te de vos lubrifiants, vous permettant de surveiller et d&rsquo;optimiser l&rsquo;\u00e9tat de vos machines pour une dur\u00e9e de vie prolong\u00e9e et de meilleures performances.<\/p>\n<p><a href=\"https:\/\/ingelbeen.be\/fr\/mobil-serv-lubricant-analysis\/\">Plus d&rsquo;informations &gt;<\/a><\/p>\n<p><strong>Plant audit<\/strong><\/p>\n<p>Une inspection minutieuse et une \u00e9valuation de vos installations de production pour am\u00e9liorer l&rsquo;efficacit\u00e9, r\u00e9duire les risques et diminuer les co\u00fbts op\u00e9rationnels.<\/p>\n<p><a href=\"https:\/\/ingelbeen.be\/fr\/plant-audit\/\">Plus d&rsquo;informations &gt;<\/a><\/p>\n<p><strong>Formation de lubrification<\/strong><\/p>\n<p>Nous proposons des formations sp\u00e9cialis\u00e9es pour votre \u00e9quipe afin d&rsquo;approfondir leur connaissance des lubrifiants et de leurs applications, essentielles pour un entretien et des op\u00e9rations efficaces.<\/p>\n<p><a href=\"https:\/\/ingelbeen.be\/fr\/formation-de-lubrification\/\">Plus d&rsquo;informations &gt;<\/a><\/p>\n<p><strong>Service pour les filtres et contr\u00f4le de la pollution<\/strong><\/p>\n<p>Notre service de filtration optimise vos processus de filtration, tandis que nos syst\u00e8mes de contr\u00f4le de la pollution prot\u00e8gent votre \u00e9quipement contre la contamination ind\u00e9sirable.<\/p>\n<p><a href=\"https:\/\/ingelbeen.be\/fr\/service-pour-les-filtres-et-controle-de-la-pollution\/\">Plus d&rsquo;informations &gt;<\/a><\/p>\n<p><strong>Inspection thermographique et temp\u00e9rature<\/strong><\/p>\n<p>Diagnostics avanc\u00e9s pour d\u00e9tecter les probl\u00e8mes li\u00e9s \u00e0 la chaleur au sein de vos syst\u00e8mes, essentiels pour \u00e9viter des pannes co\u00fbteuses.<\/p>\n<p><a href=\"https:\/\/ingelbeen.be\/fr\/inspection-thermographique-et-temperature\/\">Plus d&rsquo;informations &gt;<\/a><\/p>\n<p><strong>Etude de l\u2019efficacit\u00e9 \u00e9nerg\u00e9tique<\/strong><\/p>\n<p>Nous vous aidons \u00e0 identifier les opportunit\u00e9s d&rsquo;\u00e9conomie d&rsquo;\u00e9nergie dans vos op\u00e9rations, conduisant \u00e0 des co\u00fbts \u00e9nerg\u00e9tiques r\u00e9duits et un impact environnemental diminu\u00e9.<\/p>\n<p><a href=\"https:\/\/ingelbeen.be\/fr\/etude-de-lefficacite-energetique\/\">Plus d&rsquo;informations &gt;<\/a><\/p>\n<p><strong>Analyse de l\u2019origine de la d\u00e9faillance<\/strong><\/p>\n<p>Une analyse approfondie pour identifier les causes fondamentales des dommages m\u00e9caniques, pr\u00e9venant ainsi des probl\u00e8mes futurs.<\/p>\n<p><a href=\"https:\/\/ingelbeen.be\/fr\/analyse-de-lorigine-de-la-defaillance\/\">Plus d&rsquo;informations &gt;<\/a><\/p>\n<p><strong>Management de fluide de coupe<\/strong><\/p>\n<p>Gestion compl\u00e8te des fluides utilis\u00e9s dans vos processus de travail des m\u00e9taux, pour optimiser les performances et prolonger la dur\u00e9e de vie de vos outils.<\/p>\n<p><a href=\"https:\/\/ingelbeen.be\/fr\/management-de-fluide-de-coupe\/\">Plus d&rsquo;informations &gt;<\/a>[\/vc_column_text][\/vc_column_inner][\/vc_row_inner][vc_empty_space][\/vc_column][\/vc_row][vc_row][vc_column][vc_empty_space]<a href=\"https:\/\/ingelbeen.be\/fr\/contact\/\" title=\"Contact\" class=\"btn btn-solid btn-bordered border-thin ld_button_69e8ed837ca9a\">\n\t<span>\n\t\t\n\t\t\t\t\t<span class=\"btn-txt\">Contactez-nous<\/span>\n\t\t\t\n\t\t\t\t<\/span>\n<\/a>\n[vc_empty_space][vc_empty_space][vc_empty_space][vc_empty_space][\/vc_column][\/vc_row]<\/p>\n<\/div>","protected":false},"excerpt":{"rendered":"<p>[vc_row css=\u00a0\u00bb.vc_custom_1711742086286{background-image: url(https:\/\/ingelbeen.be\/wp-content\/uploads\/2024\/03\/Schermafbeelding-2024-03-29-om-20.54.38.jpg?id=203) !important;background-position: center !important;background-repeat: no-repeat !important;background-size: cover !important;}\u00a0\u00bb][vc_column][vc_empty_space height=\u00a0\u00bb320px\u00a0\u00bb][\/vc_column][\/vc_row][vc_row][vc_column][vc_empty_space][vc_column_text css=\u00a0\u00bb\u00a0\u00bb] D\u00e9couvrez nos services&#8230;<\/p>\n","protected":false},"author":1,"featured_media":0,"parent":0,"menu_order":0,"comment_status":"closed","ping_status":"closed","template":"","meta":{"footnotes":""},"class_list":["post-663","page","type-page","status-publish","hentry"],"_links":{"self":[{"href":"https:\/\/ingelbeen.be\/fr\/wp-json\/wp\/v2\/pages\/663","targetHints":{"allow":["GET"]}}],"collection":[{"href":"https:\/\/ingelbeen.be\/fr\/wp-json\/wp\/v2\/pages"}],"about":[{"href":"https:\/\/ingelbeen.be\/fr\/wp-json\/wp\/v2\/types\/page"}],"author":[{"embeddable":true,"href":"https:\/\/ingelbeen.be\/fr\/wp-json\/wp\/v2\/users\/1"}],"replies":[{"embeddable":true,"href":"https:\/\/ingelbeen.be\/fr\/wp-json\/wp\/v2\/comments?post=663"}],"version-history":[{"count":2,"href":"https:\/\/ingelbeen.be\/fr\/wp-json\/wp\/v2\/pages\/663\/revisions"}],"predecessor-version":[{"id":665,"href":"https:\/\/ingelbeen.be\/fr\/wp-json\/wp\/v2\/pages\/663\/revisions\/665"}],"wp:attachment":[{"href":"https:\/\/ingelbeen.be\/fr\/wp-json\/wp\/v2\/media?parent=663"}],"curies":[{"name":"wp","href":"https:\/\/api.w.org\/{rel}","templated":true}]}}