{"id":818,"date":"2024-05-27T12:53:09","date_gmt":"2024-05-27T10:53:09","guid":{"rendered":"https:\/\/tanguy.kneet.be\/?page_id=818"},"modified":"2026-01-08T22:53:48","modified_gmt":"2026-01-08T21:53:48","slug":"liquide-de-frein","status":"publish","type":"page","link":"https:\/\/ingelbeen.be\/fr\/produits\/liquide-de-frein\/","title":{"rendered":"Liquide de frein"},"content":{"rendered":"<div class=\"wpb-content-wrapper\"><p>[vc_row][vc_column][vc_empty_space][vc_column_text css=\u00a0\u00bb\u00a0\u00bb]<\/p>\n<h1>Liquide de frein<\/h1>\n<p>[\/vc_column_text][vc_empty_space][vc_column_text css=\u00a0\u00bb\u00a0\u00bb]<\/p>\n<div class=\"flex flex-grow flex-col max-w-full\">\n<div class=\"min-h-[20px] text-message flex flex-col items-start whitespace-pre-wrap break-words [.text-message+&amp;]:mt-5 juice:w-full juice:items-end overflow-x-auto gap-2\" dir=\"auto\" data-message-author-role=\"assistant\" data-message-id=\"8d4776c8-d107-410b-bda9-6c7096aa5dd6\">\n<div class=\"flex w-full flex-col gap-1 juice:empty:hidden juice:first:pt-[3px]\">\n<div class=\"markdown prose w-full break-words dark:prose-invert dark\">\n<p>Un liquide de frein de qualit\u00e9 est essentiel au bon fonctionnement des syst\u00e8mes de freinage et des embrayages hydrauliques. Mobil propose un liquide de frein de haute qualit\u00e9 pour une utilisation dans les freins \u00e0 disque, \u00e0 tambour et \u00e0 inertie, ainsi que dans les syst\u00e8mes d&#8217;embrayage.<\/p>\n<p>Le liquide de frein remplit peut-\u00eatre plus de fonctions dans un syst\u00e8me de freinage que n&rsquo;importe quel autre composant, liquide ou mat\u00e9riau. La plupart des gens savent que le liquide de frein prot\u00e8ge principalement les freins en transmettant la pression hydraulique, mais le liquide de frein moderne doit \u00e9galement :<\/p>\n<p><strong>&#8211; Refroidir les composants essentiels du syst\u00e8me de freinage :<\/strong><br \/>\nLe liquide aide \u00e0 r\u00e9guler la temp\u00e9rature dans le syst\u00e8me de freinage, pr\u00e9vient la surchauffe et assure des performances optimales des freins.<\/p>\n<p><strong>&#8211; Prot\u00e9ger contre la corrosion et l&rsquo;usure due aux d\u00e9p\u00f4ts de salet\u00e9 :<\/strong><br \/>\nLe liquide de frein forme une couche protectrice sur les composants du syst\u00e8me de freinage, r\u00e9duit la friction et prot\u00e8ge contre l&rsquo;accumulation de d\u00e9p\u00f4ts de salet\u00e9 et de suie nocifs.<\/p>\n<p><strong>&#8211; Pomper facilement vers les composants essentiels du syst\u00e8me de freinage \u00e0 basse temp\u00e9rature :<\/strong><br \/>\nLes liquides de frein modernes conservent leur viscosit\u00e9 \u00e0 basse temp\u00e9rature, ce qui leur permet d&rsquo;\u00eatre pomp\u00e9s rapidement et efficacement vers toutes les pi\u00e8ces critiques du syst\u00e8me de freinage, m\u00eame lors des d\u00e9marrages \u00e0 froid.<\/p>\n<p><strong>&#8211; Rester stable \u00e0 haute temp\u00e9rature :<\/strong><br \/>\nLe liquide de frein doit r\u00e9sister aux temp\u00e9ratures \u00e9lev\u00e9es sans s&rsquo;\u00e9vaporer ni perdre ses propri\u00e9t\u00e9s hydrauliques, garantissant ainsi le bon fonctionnement du syst\u00e8me de freinage.<\/p>\n<h2>Quel produit est fait pour moi?<\/h2>\n<p>Vous ne savez pas quel produit utiliser pour votre v\u00e9hicule ou votre entreprise ? Utilisez notre <a href=\"https:\/\/ingelbeen.be\/fr\/fichiers\/guide-de-selection\/\">s\u00e9lecteur de produit<\/a> pratique ! En suivant quelques \u00e9tapes simples, vous pouvez trouver rapidement et facilement l&rsquo;huile moteur adapt\u00e9e \u00e0 votre v\u00e9hicule sp\u00e9cifique.<\/p>\n<p>Ou <a href=\"https:\/\/ingelbeen.be\/fr\/contact\/\">contactez-nous<\/a> pour un conseil gratuit.<\/p>\n<h2>Pourquoi commander de liquide de frein moteur chez Ingelbeen-Soete?<\/h2>\n<p>Chez Ingelbeen-Soete, vous b\u00e9n\u00e9ficiez de plus de 90 ans d&rsquo;exp\u00e9rience et d&rsquo;expertise en lubrifiants. En tant qu&rsquo;entreprise familiale, nous combinons flexibilit\u00e9 et service personnalis\u00e9 avec le savoir-faire d&rsquo;ExxonMobil, le plus grand acteur mondial dans le domaine des lubrifiants.<\/p>\n<p><strong>&#8211; Stock \u00e9tendu et livraison rapide :<br \/>\n<\/strong>Avec plus de 2 millions de litres de stockage en vrac et 15 000 m\u00b2 d&rsquo;espace de stockage sur palettes, nous pouvons livrer rapidement. Notre propre flotte assure que votre commande soit toujours livr\u00e9e rapidement et en parfait \u00e9tat.<\/p>\n<p><strong>&#8211; Conseil d&rsquo;expert :<br \/>\n<\/strong>Nos repr\u00e9sentants sp\u00e9cialement form\u00e9s sont pr\u00eats \u00e0 vous aider \u00e0 choisir la bonne huile moteur, afin que vous puissiez tirer le meilleur parti de votre v\u00e9hicule.<\/p>\n<p><strong>&#8211; Produits de qualit\u00e9 :<br \/>\n<\/strong>Nous proposons uniquement des produits Mobil de haute qualit\u00e9 qui r\u00e9pondent aux normes de qualit\u00e9 les plus strictes, garantissant une protection optimale de votre moteur.<\/p>\n<p><strong>&#8211; Gestion respectueuse de l&rsquo;environnement :<br \/>\n<\/strong>Notre site r\u00e9pond aux normes environnementales les plus \u00e9lev\u00e9es. Nous nous engageons dans des initiatives durables telles que l&rsquo;utilisation de camions propres et des itin\u00e9raires de transport efficaces.<\/p>\n<p>Choisissez Ingelbeen-Soete et profitez de notre exp\u00e9rience, de notre expertise et de notre approche orient\u00e9e client. Commandez votre huile moteur chez nous et d\u00e9couvrez les avantages d&rsquo;une qualit\u00e9 sup\u00e9rieure et d&rsquo;un service exceptionnel.<\/p>\n<\/div>\n<\/div>\n<\/div>\n<\/div>\n<p>[\/vc_column_text][vc_empty_space][\/vc_column][\/vc_row][vc_row][vc_column][vc_empty_space]<a href=\"https:\/\/webshop.ingelbeen.be\/fr\/categorie-produit\/liquide-de-frein\/\" class=\"btn btn-solid btn-bordered border-thin ld_button_69e8f0baf4173\">\n\t<span>\n\t\t\n\t\t\t\t\t<span class=\"btn-txt\">Commandez liquide de frein sur notre boutique en ligne<\/span>\n\t\t\t\n\t\t\t\t<\/span>\n<\/a>\n<a href=\"https:\/\/ingelbeen.be\/fr\/devis\/\" class=\"btn btn-underlined btn-bordered border-thin ld_button_69e8f0bb00173\">\n\t<span>\n\t\t\n\t\t\t\t\t<span class=\"btn-txt\">Ou demandez un devis sans engagement\uff1e<\/span>\n\t\t\t\n\t\t\t\t<\/span>\n<\/a>\n[vc_empty_space][vc_empty_space][vc_empty_space][vc_empty_space][\/vc_column][\/vc_row]<\/p>\n<\/div>","protected":false},"excerpt":{"rendered":"<p>[vc_row][vc_column][vc_empty_space][vc_column_text css=\u00a0\u00bb\u00a0\u00bb] Liquide de frein [\/vc_column_text][vc_empty_space][vc_column_text css=\u00a0\u00bb\u00a0\u00bb] Un liquide de frein de qualit\u00e9 est essentiel&#8230;<\/p>\n","protected":false},"author":1,"featured_media":0,"parent":655,"menu_order":0,"comment_status":"closed","ping_status":"closed","template":"","meta":{"footnotes":""},"class_list":["post-818","page","type-page","status-publish","hentry"],"_links":{"self":[{"href":"https:\/\/ingelbeen.be\/fr\/wp-json\/wp\/v2\/pages\/818","targetHints":{"allow":["GET"]}}],"collection":[{"href":"https:\/\/ingelbeen.be\/fr\/wp-json\/wp\/v2\/pages"}],"about":[{"href":"https:\/\/ingelbeen.be\/fr\/wp-json\/wp\/v2\/types\/page"}],"author":[{"embeddable":true,"href":"https:\/\/ingelbeen.be\/fr\/wp-json\/wp\/v2\/users\/1"}],"replies":[{"embeddable":true,"href":"https:\/\/ingelbeen.be\/fr\/wp-json\/wp\/v2\/comments?post=818"}],"version-history":[{"count":7,"href":"https:\/\/ingelbeen.be\/fr\/wp-json\/wp\/v2\/pages\/818\/revisions"}],"predecessor-version":[{"id":1186,"href":"https:\/\/ingelbeen.be\/fr\/wp-json\/wp\/v2\/pages\/818\/revisions\/1186"}],"up":[{"embeddable":true,"href":"https:\/\/ingelbeen.be\/fr\/wp-json\/wp\/v2\/pages\/655"}],"wp:attachment":[{"href":"https:\/\/ingelbeen.be\/fr\/wp-json\/wp\/v2\/media?parent=818"}],"curies":[{"name":"wp","href":"https:\/\/api.w.org\/{rel}","templated":true}]}}