{"id":821,"date":"2024-05-27T12:58:15","date_gmt":"2024-05-27T10:58:15","guid":{"rendered":"https:\/\/tanguy.kneet.be\/?page_id=821"},"modified":"2026-01-08T22:55:15","modified_gmt":"2026-01-08T21:55:15","slug":"huile-pour-compresseurs","status":"publish","type":"page","link":"https:\/\/ingelbeen.be\/fr\/produits\/huile-pour-compresseurs\/","title":{"rendered":"Huile pour compresseurs"},"content":{"rendered":"<div class=\"wpb-content-wrapper\"><p>[vc_row][vc_column][vc_empty_space][vc_column_text css=\u00a0\u00bb\u00a0\u00bb]<\/p>\n<h1>Huile pour compresseurs<\/h1>\n<p>[\/vc_column_text][vc_empty_space][vc_column_text css=\u00a0\u00bb\u00a0\u00bb]<\/p>\n<div class=\"flex flex-grow flex-col max-w-full\">\n<div class=\"min-h-[20px] text-message flex flex-col items-start whitespace-pre-wrap break-words [.text-message+&amp;]:mt-5 juice:w-full juice:items-end overflow-x-auto gap-2\" dir=\"auto\" data-message-author-role=\"assistant\" data-message-id=\"8d4776c8-d107-410b-bda9-6c7096aa5dd6\">\n<div class=\"flex w-full flex-col gap-1 juice:empty:hidden juice:first:pt-[3px]\">\n<div class=\"markdown prose w-full break-words dark:prose-invert dark\">\n<p>Une huile pour compresseur de qualit\u00e9 est cruciale pour le fonctionnement efficace et durable des syst\u00e8mes de compresseur. Mobil propose une huile pour compresseur de haute qualit\u00e9 sp\u00e9cialement con\u00e7ue pour \u00eatre utilis\u00e9e dans diff\u00e9rents types de compresseurs, tels que les compresseurs \u00e0 vis, les compresseurs \u00e0 piston et les compresseurs rotatifs.<\/p>\n<p>L&rsquo;huile pour compresseur remplit de nombreuses fonctions essentielles dans un syst\u00e8me de compresseur, peut-\u00eatre plus que tout autre composant, liquide ou mat\u00e9riau. La plupart des gens savent que l&rsquo;huile pour compresseur sert principalement \u00e0 la lubrification, mais l&rsquo;huile moderne doit \u00e9galement :<\/p>\n<p><strong>&#8211; Refroidir les composants cruciaux du syst\u00e8me de compresseur :<\/strong><br \/>\nL&rsquo;huile joue un r\u00f4le cl\u00e9 dans la dissipation de la chaleur g\u00e9n\u00e9r\u00e9e lors des processus de compression, \u00e9vitant ainsi la surchauffe et assurant des performances optimales du compresseur.<\/p>\n<p><strong>&#8211; Prot\u00e9ger contre l&rsquo;usure et la corrosion :<\/strong><br \/>\nL&rsquo;huile pour compresseur forme un film protecteur sur les pi\u00e8ces mobiles du syst\u00e8me, r\u00e9duisant la friction entre les surfaces m\u00e9talliques et prot\u00e9geant contre la corrosion caus\u00e9e par l&rsquo;humidit\u00e9 et d&rsquo;autres contaminants.<\/p>\n<p><strong>&#8211; Assurer un fonctionnement fluide \u00e0 des temp\u00e9ratures vari\u00e9es :<\/strong><br \/>\nL&rsquo;huile maintient sa viscosit\u00e9 tant \u00e0 basse qu&rsquo;\u00e0 haute temp\u00e9rature, garantissant une lubrification et des performances constantes du compresseur dans diverses conditions de fonctionnement.<\/p>\n<p><strong>&#8211; Pr\u00e9venir la formation de mousse et maintenir la stabilit\u00e9 :<\/strong><br \/>\nUne bonne huile pour compresseur contient des additifs qui emp\u00eachent la formation de mousse et maintiennent la stabilit\u00e9 de l&rsquo;huile, m\u00eame sous des charges op\u00e9rationnelles lourdes, pr\u00e9servant ainsi l&rsquo;efficacit\u00e9 du syst\u00e8me.<\/p>\n<h2>Quel produit est fait pour moi?<\/h2>\n<p>Vous ne savez pas quel produit utiliser pour votre v\u00e9hicule ou votre entreprise ? Utilisez notre <a href=\"https:\/\/ingelbeen.be\/fr\/fichiers\/guide-de-selection\/\">s\u00e9lecteur de produit<\/a> pratique ! En suivant quelques \u00e9tapes simples, vous pouvez trouver rapidement et facilement l&rsquo;huile moteur adapt\u00e9e \u00e0 votre v\u00e9hicule sp\u00e9cifique.<\/p>\n<p>Ou <a href=\"https:\/\/ingelbeen.be\/fr\/contact\/\">contactez-nous<\/a> pour un conseil gratuit.<\/p>\n<h2>Pourquoi commander de l&rsquo;huile pour compresseurs chez Ingelbeen-Soete?<\/h2>\n<p>Chez Ingelbeen-Soete, vous b\u00e9n\u00e9ficiez de plus de 90 ans d&rsquo;exp\u00e9rience et d&rsquo;expertise en lubrifiants. En tant qu&rsquo;entreprise familiale, nous combinons flexibilit\u00e9 et service personnalis\u00e9 avec le savoir-faire d&rsquo;ExxonMobil, le plus grand acteur mondial dans le domaine des lubrifiants.<\/p>\n<p><strong>&#8211; Stock \u00e9tendu et livraison rapide :<br \/>\n<\/strong>Avec plus de 2 millions de litres de stockage en vrac et 15 000 m\u00b2 d&rsquo;espace de stockage sur palettes, nous pouvons livrer rapidement. Notre propre flotte assure que votre commande soit toujours livr\u00e9e rapidement et en parfait \u00e9tat.<\/p>\n<p><strong>&#8211; Conseil d&rsquo;expert :<br \/>\n<\/strong>Nos repr\u00e9sentants sp\u00e9cialement form\u00e9s sont pr\u00eats \u00e0 vous aider \u00e0 choisir la bonne huile moteur, afin que vous puissiez tirer le meilleur parti de votre v\u00e9hicule.<\/p>\n<p><strong>&#8211; Produits de qualit\u00e9 :<br \/>\n<\/strong>Nous proposons uniquement des produits Mobil de haute qualit\u00e9 qui r\u00e9pondent aux normes de qualit\u00e9 les plus strictes, garantissant une protection optimale de votre moteur.<\/p>\n<p><strong>&#8211; Gestion respectueuse de l&rsquo;environnement :<br \/>\n<\/strong>Notre site r\u00e9pond aux normes environnementales les plus \u00e9lev\u00e9es. Nous nous engageons dans des initiatives durables telles que l&rsquo;utilisation de camions propres et des itin\u00e9raires de transport efficaces.<\/p>\n<p>Choisissez Ingelbeen-Soete et profitez de notre exp\u00e9rience, de notre expertise et de notre approche orient\u00e9e client. Commandez votre huile moteur chez nous et d\u00e9couvrez les avantages d&rsquo;une qualit\u00e9 sup\u00e9rieure et d&rsquo;un service exceptionnel.<\/p>\n<\/div>\n<\/div>\n<\/div>\n<\/div>\n<p>[\/vc_column_text][vc_empty_space][\/vc_column][\/vc_row][vc_row][vc_column][vc_empty_space]<a href=\"https:\/\/webshop.ingelbeen.be\/fr\/categorie-produit\/huile-pour-compresseurs\/\" class=\"btn btn-solid btn-bordered border-thin ld_button_69e8f11cf2222\">\n\t<span>\n\t\t\n\t\t\t\t\t<span class=\"btn-txt\">Commandez huile pour compresseurs sur notre boutique en ligne<\/span>\n\t\t\t\n\t\t\t\t<\/span>\n<\/a>\n<a href=\"https:\/\/ingelbeen.be\/fr\/devis\/\" class=\"btn btn-underlined btn-bordered border-thin ld_button_69e8f11cf2375\">\n\t<span>\n\t\t\n\t\t\t\t\t<span class=\"btn-txt\">Ou demandez un devis sans engagement\uff1e<\/span>\n\t\t\t\n\t\t\t\t<\/span>\n<\/a>\n[vc_empty_space][vc_empty_space][vc_empty_space][vc_empty_space][\/vc_column][\/vc_row]<\/p>\n<\/div>","protected":false},"excerpt":{"rendered":"<p>[vc_row][vc_column][vc_empty_space][vc_column_text css=\u00a0\u00bb\u00a0\u00bb] Huile pour compresseurs [\/vc_column_text][vc_empty_space][vc_column_text css=\u00a0\u00bb\u00a0\u00bb] Une huile pour compresseur de qualit\u00e9 est cruciale&#8230;<\/p>\n","protected":false},"author":1,"featured_media":0,"parent":655,"menu_order":0,"comment_status":"closed","ping_status":"closed","template":"","meta":{"footnotes":""},"class_list":["post-821","page","type-page","status-publish","hentry"],"_links":{"self":[{"href":"https:\/\/ingelbeen.be\/fr\/wp-json\/wp\/v2\/pages\/821","targetHints":{"allow":["GET"]}}],"collection":[{"href":"https:\/\/ingelbeen.be\/fr\/wp-json\/wp\/v2\/pages"}],"about":[{"href":"https:\/\/ingelbeen.be\/fr\/wp-json\/wp\/v2\/types\/page"}],"author":[{"embeddable":true,"href":"https:\/\/ingelbeen.be\/fr\/wp-json\/wp\/v2\/users\/1"}],"replies":[{"embeddable":true,"href":"https:\/\/ingelbeen.be\/fr\/wp-json\/wp\/v2\/comments?post=821"}],"version-history":[{"count":7,"href":"https:\/\/ingelbeen.be\/fr\/wp-json\/wp\/v2\/pages\/821\/revisions"}],"predecessor-version":[{"id":1187,"href":"https:\/\/ingelbeen.be\/fr\/wp-json\/wp\/v2\/pages\/821\/revisions\/1187"}],"up":[{"embeddable":true,"href":"https:\/\/ingelbeen.be\/fr\/wp-json\/wp\/v2\/pages\/655"}],"wp:attachment":[{"href":"https:\/\/ingelbeen.be\/fr\/wp-json\/wp\/v2\/media?parent=821"}],"curies":[{"name":"wp","href":"https:\/\/api.w.org\/{rel}","templated":true}]}}