{"id":827,"date":"2024-05-27T13:08:52","date_gmt":"2024-05-27T11:08:52","guid":{"rendered":"https:\/\/tanguy.kneet.be\/?page_id=827"},"modified":"2026-01-08T22:56:41","modified_gmt":"2026-01-08T21:56:41","slug":"huiles-pour-turbines-et-huiles-de-circulation","status":"publish","type":"page","link":"https:\/\/ingelbeen.be\/fr\/produits\/huiles-pour-turbines-et-huiles-de-circulation\/","title":{"rendered":"Huiles pour turbines et huiles de circulation"},"content":{"rendered":"<div class=\"wpb-content-wrapper\"><p>[vc_row][vc_column][vc_empty_space][vc_column_text css=\u00a0\u00bb\u00a0\u00bb]<\/p>\n<h1>Huiles pour turbines et huiles de circulation<\/h1>\n<p>[\/vc_column_text][vc_empty_space][vc_column_text css=\u00a0\u00bb\u00a0\u00bb]<\/p>\n<div class=\"flex flex-grow flex-col max-w-full\">\n<div class=\"min-h-[20px] text-message flex flex-col items-start whitespace-pre-wrap break-words [.text-message+&amp;]:mt-5 juice:w-full juice:items-end overflow-x-auto gap-2\" dir=\"auto\" data-message-author-role=\"assistant\" data-message-id=\"8d4776c8-d107-410b-bda9-6c7096aa5dd6\">\n<div class=\"flex w-full flex-col gap-1 juice:empty:hidden juice:first:pt-[3px]\">\n<div class=\"markdown prose w-full break-words dark:prose-invert dark\">\n<p>Une huile de turbine et de circulation de qualit\u00e9 est essentielle pour le fonctionnement fiable et la long\u00e9vit\u00e9 des turbines et des syst\u00e8mes de circulation. Mobil propose des huiles de turbine et de circulation de haute qualit\u00e9, sp\u00e9cialement con\u00e7ues pour une utilisation dans les centrales \u00e9lectriques, les turbines industrielles et divers syst\u00e8mes de circulation.<\/p>\n<p>L&rsquo;huile de turbine et de circulation remplit des t\u00e2ches essentielles au sein des turbines et des syst\u00e8mes de circulation, jouant un r\u00f4le plus important que peut-\u00eatre tout autre composant ou mat\u00e9riau. Les principales fonctions de l&rsquo;huile de turbine et de circulation moderne comprennent :<\/p>\n<p><strong>&#8211; Minimiser la friction et l&rsquo;usure :<\/strong><br \/>\nCette huile cr\u00e9e un film lubrifiant stable entre les pi\u00e8ces en mouvement, r\u00e9duisant ainsi la friction et l&rsquo;usure. Cela est essentiel pour maintenir l&rsquo;efficacit\u00e9 et la durabilit\u00e9 des composants de la turbine.<\/p>\n<p><strong>&#8211; Protection contre l&rsquo;oxydation et la corrosion :<\/strong><br \/>\nL&rsquo;huile de turbine et de circulation est formul\u00e9e avec des antioxydants et des inhibiteurs de corrosion qui emp\u00eachent la formation de produits d&rsquo;oxydation et de corrosion, ce qui est particuli\u00e8rement important dans les syst\u00e8mes expos\u00e9s \u00e0 des temp\u00e9ratures \u00e9lev\u00e9es et \u00e0 l&rsquo;humidit\u00e9.<\/p>\n<p><strong>&#8211; Dissipation efficace de la chaleur :<\/strong><br \/>\nL&rsquo;un des r\u00f4les critiques de cette huile est l&rsquo;\u00e9vacuation efficace de la chaleur g\u00e9n\u00e9r\u00e9e pendant le fonctionnement de la turbine. Cela aide \u00e0 maintenir une temp\u00e9rature de fonctionnement optimale et \u00e0 pr\u00e9venir la surchauffe.<\/p>\n<p><strong>&#8211; Maintien d&rsquo;une bonne pompabilit\u00e9 et efficacit\u00e9 du syst\u00e8me :<\/strong><br \/>\nLes huiles de turbine et de circulation modernes sont con\u00e7ues pour conserver leur viscosit\u00e9 \u00e0 diff\u00e9rentes temp\u00e9ratures, ce qui est essentiel pour le fonctionnement constant du syst\u00e8me de pompage et l&rsquo;efficacit\u00e9 globale du syst\u00e8me.<\/p>\n<h2>Quel produit est fait pour moi?<\/h2>\n<p>Vous ne savez pas quel produit utiliser pour votre v\u00e9hicule ou votre entreprise ? Utilisez notre <a href=\"https:\/\/ingelbeen.be\/fr\/fichiers\/guide-de-selection\/\">s\u00e9lecteur de produit<\/a> pratique ! En suivant quelques \u00e9tapes simples, vous pouvez trouver rapidement et facilement l&rsquo;huile moteur adapt\u00e9e \u00e0 votre v\u00e9hicule sp\u00e9cifique.<\/p>\n<p>Ou <a href=\"https:\/\/ingelbeen.be\/fr\/contact\/\">contactez-nous<\/a> pour un conseil gratuit.<\/p>\n<h2>Pourquoi commander de l&rsquo;huile pour turbines et de l&rsquo;huile de circulation chez Ingelbeen-Soete?<\/h2>\n<p>Chez Ingelbeen-Soete, vous b\u00e9n\u00e9ficiez de plus de 90 ans d&rsquo;exp\u00e9rience et d&rsquo;expertise en lubrifiants. En tant qu&rsquo;entreprise familiale, nous combinons flexibilit\u00e9 et service personnalis\u00e9 avec le savoir-faire d&rsquo;ExxonMobil, le plus grand acteur mondial dans le domaine des lubrifiants.<\/p>\n<p><strong>&#8211; Stock \u00e9tendu et livraison rapide :<br \/>\n<\/strong>Avec plus de 2 millions de litres de stockage en vrac et 15 000 m\u00b2 d&rsquo;espace de stockage sur palettes, nous pouvons livrer rapidement. Notre propre flotte assure que votre commande soit toujours livr\u00e9e rapidement et en parfait \u00e9tat.<\/p>\n<p><strong>&#8211; Conseil d&rsquo;expert :<br \/>\n<\/strong>Nos repr\u00e9sentants sp\u00e9cialement form\u00e9s sont pr\u00eats \u00e0 vous aider \u00e0 choisir la bonne huile moteur, afin que vous puissiez tirer le meilleur parti de votre v\u00e9hicule.<\/p>\n<p><strong>&#8211; Produits de qualit\u00e9 :<br \/>\n<\/strong>Nous proposons uniquement des produits Mobil de haute qualit\u00e9 qui r\u00e9pondent aux normes de qualit\u00e9 les plus strictes, garantissant une protection optimale de votre moteur.<\/p>\n<p><strong>&#8211; Gestion respectueuse de l&rsquo;environnement :<br \/>\n<\/strong>Notre site r\u00e9pond aux normes environnementales les plus \u00e9lev\u00e9es. Nous nous engageons dans des initiatives durables telles que l&rsquo;utilisation de camions propres et des itin\u00e9raires de transport efficaces.<\/p>\n<p>Choisissez Ingelbeen-Soete et profitez de notre exp\u00e9rience, de notre expertise et de notre approche orient\u00e9e client. Commandez votre huile moteur chez nous et d\u00e9couvrez les avantages d&rsquo;une qualit\u00e9 sup\u00e9rieure et d&rsquo;un service exceptionnel.<\/p>\n<\/div>\n<\/div>\n<\/div>\n<\/div>\n<p>[\/vc_column_text][vc_empty_space][\/vc_column][\/vc_row][vc_row][vc_column][vc_empty_space]<a href=\"https:\/\/webshop.ingelbeen.be\/fr\/categorie-produit\/huiles-pour-turbines-et-huiles-de-circulation\/\" class=\"btn btn-solid btn-bordered border-thin ld_button_69d0f1cf1301c\">\n\t<span>\n\t\t\n\t\t\t\t\t<span class=\"btn-txt\">Commandez huiles pour turbines et huiles de circulation sur notre boutique en ligne<\/span>\n\t\t\t\n\t\t\t\t<\/span>\n<\/a>\n<a href=\"https:\/\/ingelbeen.be\/fr\/devis\/\" class=\"btn btn-underlined btn-bordered border-thin ld_button_69d0f1cf1315a\">\n\t<span>\n\t\t\n\t\t\t\t\t<span class=\"btn-txt\">Ou demandez un devis sans engagement\uff1e<\/span>\n\t\t\t\n\t\t\t\t<\/span>\n<\/a>\n[vc_empty_space][vc_empty_space][vc_empty_space][vc_empty_space][\/vc_column][\/vc_row]<\/p>\n<\/div>","protected":false},"excerpt":{"rendered":"<p>[vc_row][vc_column][vc_empty_space][vc_column_text css=\u00a0\u00bb\u00a0\u00bb] Huiles pour turbines et huiles de circulation [\/vc_column_text][vc_empty_space][vc_column_text css=\u00a0\u00bb\u00a0\u00bb] Une huile de turbine&#8230;<\/p>\n","protected":false},"author":1,"featured_media":0,"parent":655,"menu_order":0,"comment_status":"closed","ping_status":"closed","template":"","meta":{"footnotes":""},"class_list":["post-827","page","type-page","status-publish","hentry"],"_links":{"self":[{"href":"https:\/\/ingelbeen.be\/fr\/wp-json\/wp\/v2\/pages\/827","targetHints":{"allow":["GET"]}}],"collection":[{"href":"https:\/\/ingelbeen.be\/fr\/wp-json\/wp\/v2\/pages"}],"about":[{"href":"https:\/\/ingelbeen.be\/fr\/wp-json\/wp\/v2\/types\/page"}],"author":[{"embeddable":true,"href":"https:\/\/ingelbeen.be\/fr\/wp-json\/wp\/v2\/users\/1"}],"replies":[{"embeddable":true,"href":"https:\/\/ingelbeen.be\/fr\/wp-json\/wp\/v2\/comments?post=827"}],"version-history":[{"count":7,"href":"https:\/\/ingelbeen.be\/fr\/wp-json\/wp\/v2\/pages\/827\/revisions"}],"predecessor-version":[{"id":1189,"href":"https:\/\/ingelbeen.be\/fr\/wp-json\/wp\/v2\/pages\/827\/revisions\/1189"}],"up":[{"embeddable":true,"href":"https:\/\/ingelbeen.be\/fr\/wp-json\/wp\/v2\/pages\/655"}],"wp:attachment":[{"href":"https:\/\/ingelbeen.be\/fr\/wp-json\/wp\/v2\/media?parent=827"}],"curies":[{"name":"wp","href":"https:\/\/api.w.org\/{rel}","templated":true}]}}