{"id":830,"date":"2024-05-27T13:18:27","date_gmt":"2024-05-27T11:18:27","guid":{"rendered":"https:\/\/tanguy.kneet.be\/?page_id=830"},"modified":"2026-01-08T22:57:14","modified_gmt":"2026-01-08T21:57:14","slug":"huiles-caloporteuses","status":"publish","type":"page","link":"https:\/\/ingelbeen.be\/fr\/produits\/huiles-caloporteuses\/","title":{"rendered":"Huiles caloporteuses"},"content":{"rendered":"<div class=\"wpb-content-wrapper\"><p>[vc_row][vc_column][vc_empty_space][vc_column_text css=\u00a0\u00bb\u00a0\u00bb]<\/p>\n<h1>Huiles caloporteuses<\/h1>\n<p>[\/vc_column_text][vc_empty_space][vc_column_text css=\u00a0\u00bb\u00a0\u00bb]<\/p>\n<div class=\"flex flex-grow flex-col max-w-full\">\n<div class=\"min-h-[20px] text-message flex flex-col items-start whitespace-pre-wrap break-words [.text-message+&amp;]:mt-5 juice:w-full juice:items-end overflow-x-auto gap-2\" dir=\"auto\" data-message-author-role=\"assistant\" data-message-id=\"8d4776c8-d107-410b-bda9-6c7096aa5dd6\">\n<div class=\"flex w-full flex-col gap-1 juice:empty:hidden juice:first:pt-[3px]\">\n<div class=\"markdown prose w-full break-words dark:prose-invert dark\">\n<p>Une huile de transfert de chaleur de qualit\u00e9 joue un r\u00f4le crucial dans la gestion efficace de la chaleur dans les processus industriels tels que la production d&rsquo;\u00e9nergie, le traitement chimique et le traitement des plastiques. Mobil propose une huile de transfert de chaleur de haute qualit\u00e9 sp\u00e9cialement con\u00e7ue pour une utilisation dans des syst\u00e8mes de transfert de chaleur ferm\u00e9s et ouverts.<\/p>\n<p>L&rsquo;huile de transfert de chaleur a pour principale t\u00e2che de transf\u00e9rer la chaleur de mani\u00e8re efficace et s\u00fbre au sein de ces syst\u00e8mes. Les propri\u00e9t\u00e9s et fonctions de cette huile sont essentielles pour les performances du syst\u00e8me :<\/p>\n<p><strong>&#8211; Transfert de chaleur optimal :<\/strong><br \/>\nL&rsquo;huile de transfert de chaleur poss\u00e8de une conductivit\u00e9 thermique \u00e9lev\u00e9e et une faible viscosit\u00e9, essentielles pour un transfert de chaleur efficace. Cela permet un fonctionnement plus efficient du syst\u00e8me et aide \u00e0 \u00e9conomiser de l&rsquo;\u00e9nergie.<\/p>\n<p><strong>&#8211; Stabilit\u00e9 \u00e0 haute temp\u00e9rature :<\/strong><br \/>\nCette huile est con\u00e7ue pour rester thermiquement stable \u00e0 des temp\u00e9ratures \u00e9lev\u00e9es sans d\u00e9gradation significative ni formation de d\u00e9p\u00f4ts. Cela est crucial pour maintenir l&rsquo;efficacit\u00e9 du syst\u00e8me et pr\u00e9venir les dommages aux \u00e9quipements.<\/p>\n<p><strong>&#8211; Corrosion et usure minimales :<\/strong><br \/>\nGr\u00e2ce \u00e0 l&rsquo;ajout d&rsquo;additifs sp\u00e9ciaux, l&rsquo;huile aide \u00e0 r\u00e9duire la corrosion et l&rsquo;usure des \u00e9quipements. Cela prolonge la dur\u00e9e de vie de l&rsquo;huile et des \u00e9quipements.<\/p>\n<p><strong>&#8211; Dur\u00e9e de vie prolong\u00e9e de l&rsquo;huile et co\u00fbts de maintenance r\u00e9duits :<\/strong><br \/>\nUne bonne huile de transfert de chaleur a une faible volatilit\u00e9 et une bonne r\u00e9sistance \u00e0 l&rsquo;oxydation, ce qui entra\u00eene moins d&rsquo;\u00e9vaporation et une dur\u00e9e de vie plus longue de l&rsquo;huile. Cela se traduit par des co\u00fbts de maintenance r\u00e9duits et moins d&rsquo;interruptions op\u00e9rationnelles.<\/p>\n<h2>Quel produit est fait pour moi?<\/h2>\n<p>Vous ne savez pas quel produit utiliser pour votre v\u00e9hicule ou votre entreprise ? Utilisez notre <a href=\"https:\/\/ingelbeen.be\/fr\/fichiers\/guide-de-selection\/\">s\u00e9lecteur de produit<\/a> pratique ! En suivant quelques \u00e9tapes simples, vous pouvez trouver rapidement et facilement l&rsquo;huile moteur adapt\u00e9e \u00e0 votre v\u00e9hicule sp\u00e9cifique.<\/p>\n<p>Ou <a href=\"https:\/\/ingelbeen.be\/fr\/contact\/\">contactez-nous<\/a> pour un conseil gratuit.<\/p>\n<h2>Pourquoi commander de l&rsquo;huile caloporteuses chez Ingelbeen-Soete?<\/h2>\n<p>Chez Ingelbeen-Soete, vous b\u00e9n\u00e9ficiez de plus de 90 ans d&rsquo;exp\u00e9rience et d&rsquo;expertise en lubrifiants. En tant qu&rsquo;entreprise familiale, nous combinons flexibilit\u00e9 et service personnalis\u00e9 avec le savoir-faire d&rsquo;ExxonMobil, le plus grand acteur mondial dans le domaine des lubrifiants.<\/p>\n<p><strong>&#8211; Stock \u00e9tendu et livraison rapide :<br \/>\n<\/strong>Avec plus de 2 millions de litres de stockage en vrac et 15 000 m\u00b2 d&rsquo;espace de stockage sur palettes, nous pouvons livrer rapidement. Notre propre flotte assure que votre commande soit toujours livr\u00e9e rapidement et en parfait \u00e9tat.<\/p>\n<p><strong>&#8211; Conseil d&rsquo;expert :<br \/>\n<\/strong>Nos repr\u00e9sentants sp\u00e9cialement form\u00e9s sont pr\u00eats \u00e0 vous aider \u00e0 choisir la bonne huile moteur, afin que vous puissiez tirer le meilleur parti de votre v\u00e9hicule.<\/p>\n<p><strong>&#8211; Produits de qualit\u00e9 :<br \/>\n<\/strong>Nous proposons uniquement des produits Mobil de haute qualit\u00e9 qui r\u00e9pondent aux normes de qualit\u00e9 les plus strictes, garantissant une protection optimale de votre moteur.<\/p>\n<p><strong>&#8211; Gestion respectueuse de l&rsquo;environnement :<br \/>\n<\/strong>Notre site r\u00e9pond aux normes environnementales les plus \u00e9lev\u00e9es. Nous nous engageons dans des initiatives durables telles que l&rsquo;utilisation de camions propres et des itin\u00e9raires de transport efficaces.<\/p>\n<p>Choisissez Ingelbeen-Soete et profitez de notre exp\u00e9rience, de notre expertise et de notre approche orient\u00e9e client. Commandez votre huile moteur chez nous et d\u00e9couvrez les avantages d&rsquo;une qualit\u00e9 sup\u00e9rieure et d&rsquo;un service exceptionnel.<\/p>\n<\/div>\n<\/div>\n<\/div>\n<\/div>\n<p>[\/vc_column_text][vc_empty_space][\/vc_column][\/vc_row][vc_row][vc_column][vc_empty_space]<a href=\"https:\/\/webshop.ingelbeen.be\/fr\/categorie-produit\/huiles-caloporteuses\/\" class=\"btn btn-solid btn-bordered border-thin ld_button_69e8f02501e1b\">\n\t<span>\n\t\t\n\t\t\t\t\t<span class=\"btn-txt\">Commandez huiles caloporteuses sur notre boutique en ligne<\/span>\n\t\t\t\n\t\t\t\t<\/span>\n<\/a>\n<a href=\"https:\/\/ingelbeen.be\/fr\/devis\/\" class=\"btn btn-underlined btn-bordered border-thin ld_button_69e8f02501ffe\">\n\t<span>\n\t\t\n\t\t\t\t\t<span class=\"btn-txt\">Ou demandez un devis sans engagement\uff1e<\/span>\n\t\t\t\n\t\t\t\t<\/span>\n<\/a>\n[vc_empty_space][vc_empty_space][vc_empty_space][vc_empty_space][\/vc_column][\/vc_row]<\/p>\n<\/div>","protected":false},"excerpt":{"rendered":"<p>[vc_row][vc_column][vc_empty_space][vc_column_text css=\u00a0\u00bb\u00a0\u00bb] Huiles caloporteuses [\/vc_column_text][vc_empty_space][vc_column_text css=\u00a0\u00bb\u00a0\u00bb] Une huile de transfert de chaleur de qualit\u00e9 joue&#8230;<\/p>\n","protected":false},"author":1,"featured_media":0,"parent":655,"menu_order":0,"comment_status":"closed","ping_status":"closed","template":"","meta":{"footnotes":""},"class_list":["post-830","page","type-page","status-publish","hentry"],"_links":{"self":[{"href":"https:\/\/ingelbeen.be\/fr\/wp-json\/wp\/v2\/pages\/830","targetHints":{"allow":["GET"]}}],"collection":[{"href":"https:\/\/ingelbeen.be\/fr\/wp-json\/wp\/v2\/pages"}],"about":[{"href":"https:\/\/ingelbeen.be\/fr\/wp-json\/wp\/v2\/types\/page"}],"author":[{"embeddable":true,"href":"https:\/\/ingelbeen.be\/fr\/wp-json\/wp\/v2\/users\/1"}],"replies":[{"embeddable":true,"href":"https:\/\/ingelbeen.be\/fr\/wp-json\/wp\/v2\/comments?post=830"}],"version-history":[{"count":7,"href":"https:\/\/ingelbeen.be\/fr\/wp-json\/wp\/v2\/pages\/830\/revisions"}],"predecessor-version":[{"id":1190,"href":"https:\/\/ingelbeen.be\/fr\/wp-json\/wp\/v2\/pages\/830\/revisions\/1190"}],"up":[{"embeddable":true,"href":"https:\/\/ingelbeen.be\/fr\/wp-json\/wp\/v2\/pages\/655"}],"wp:attachment":[{"href":"https:\/\/ingelbeen.be\/fr\/wp-json\/wp\/v2\/media?parent=830"}],"curies":[{"name":"wp","href":"https:\/\/api.w.org\/{rel}","templated":true}]}}