{"id":833,"date":"2024-05-27T13:42:45","date_gmt":"2024-05-27T11:42:45","guid":{"rendered":"https:\/\/tanguy.kneet.be\/?page_id=833"},"modified":"2026-01-08T22:58:08","modified_gmt":"2026-01-08T21:58:08","slug":"huiles-pour-transmissions-et-atf","status":"publish","type":"page","link":"https:\/\/ingelbeen.be\/fr\/produits\/huiles-pour-transmissions-et-atf\/","title":{"rendered":"Huiles pour transmissions et ATF"},"content":{"rendered":"<div class=\"wpb-content-wrapper\"><p>[vc_row][vc_column][vc_empty_space][vc_column_text css=\u00a0\u00bb\u00a0\u00bb]<\/p>\n<h1>Huiles pour transmissions et ATF<\/h1>\n<p>[\/vc_column_text][vc_empty_space][vc_column_text css=\u00a0\u00bb\u00a0\u00bb]<\/p>\n<div class=\"flex flex-grow flex-col max-w-full\">\n<div class=\"min-h-[20px] text-message flex flex-col items-start whitespace-pre-wrap break-words [.text-message+&amp;]:mt-5 juice:w-full juice:items-end overflow-x-auto gap-2\" dir=\"auto\" data-message-author-role=\"assistant\" data-message-id=\"8d4776c8-d107-410b-bda9-6c7096aa5dd6\">\n<div class=\"flex w-full flex-col gap-1 juice:empty:hidden juice:first:pt-[3px]\">\n<div class=\"markdown prose w-full break-words dark:prose-invert dark\">\n<p>Une huile de transmission et ATF (Automatic Transmission Fluid) de qualit\u00e9 est indispensable pour le bon fonctionnement et la durabilit\u00e9 des syst\u00e8mes de transmission automatiques et manuels. Mobil propose des huiles de transmission et ATF de haute qualit\u00e9 sp\u00e9cialement formul\u00e9es pour les conditions exigeantes auxquelles les transmissions sont soumises.<\/p>\n<p>L&rsquo;huile de transmission et ATF remplit plusieurs fonctions cruciales au sein des syst\u00e8mes de transmission. Cette huile assure non seulement la lubrification des pi\u00e8ces mobiles, mais doit \u00e9galement :<\/p>\n<p><strong>&#8211; Soutenir une transmission de puissance efficace :<\/strong><br \/>\nL&rsquo;huile ATF fournit la pression hydraulique n\u00e9cessaire dans les transmissions automatiques pour permettre le changement de vitesse et l&rsquo;engagement de l&#8217;embrayage, tandis que dans les transmissions manuelles, elle favorise le passage fluide des vitesses.<\/p>\n<p><strong>&#8211; Prot\u00e9ger contre l&rsquo;usure et la corrosion :<\/strong><br \/>\nCes huiles sont enrichies d&rsquo;additifs qui forment un film protecteur sur les surfaces m\u00e9talliques, r\u00e9duisant ainsi la friction et l&rsquo;usure et prot\u00e9geant les composants internes contre les \u00e9l\u00e9ments corrosifs.<\/p>\n<p><strong>&#8211; \u00c9vacuer la chaleur des pi\u00e8ces critiques :<\/strong><br \/>\nLes huiles de transmission et ATF aident \u00e0 r\u00e9guler la temp\u00e9rature \u00e0 l&rsquo;int\u00e9rieur de la transmission en \u00e9vacuant la chaleur g\u00e9n\u00e9r\u00e9e pendant les processus de fonctionnement. Cela emp\u00eache la surchauffe et assure des performances stables.<\/p>\n<p><strong>&#8211; Maintenir la propret\u00e9 du syst\u00e8me :<\/strong><br \/>\nCes huiles contiennent des d\u00e9tergents et des dispersants qui aident \u00e0 minimiser les boues et autres contaminants dans le syst\u00e8me, ce qui permet \u00e0 la transmission de rester propre et de fonctionner efficacement.<\/p>\n<p><strong>&#8211; Offrir une stabilit\u00e9 sur une large gamme de temp\u00e9ratures :<\/strong><br \/>\nLes huiles de transmission et ATF modernes sont formul\u00e9es pour fonctionner efficacement \u00e0 des temp\u00e9ratures basses comme \u00e9lev\u00e9es, assurant une fiabilit\u00e9 dans diverses conditions climatiques.<\/p>\n<h2>Quel produit est fait pour moi?<\/h2>\n<p>Vous ne savez pas quel produit utiliser pour votre v\u00e9hicule ou votre entreprise ? Utilisez notre <a href=\"https:\/\/ingelbeen.be\/fr\/fichiers\/guide-de-selection\/\">s\u00e9lecteur de produit<\/a> pratique ! En suivant quelques \u00e9tapes simples, vous pouvez trouver rapidement et facilement l&rsquo;huile moteur adapt\u00e9e \u00e0 votre v\u00e9hicule sp\u00e9cifique.<\/p>\n<p>Ou <a href=\"https:\/\/ingelbeen.be\/fr\/contact\/\">contactez-nous<\/a> pour un conseil gratuit.<\/p>\n<h2>Pourquoi commander de l&rsquo;huile pour transmissions et ATF chez Ingelbeen-Soete?<\/h2>\n<p>Chez Ingelbeen-Soete, vous b\u00e9n\u00e9ficiez de plus de 90 ans d&rsquo;exp\u00e9rience et d&rsquo;expertise en lubrifiants. En tant qu&rsquo;entreprise familiale, nous combinons flexibilit\u00e9 et service personnalis\u00e9 avec le savoir-faire d&rsquo;ExxonMobil, le plus grand acteur mondial dans le domaine des lubrifiants.<\/p>\n<p><strong>&#8211; Stock \u00e9tendu et livraison rapide :<br \/>\n<\/strong>Avec plus de 2 millions de litres de stockage en vrac et 15 000 m\u00b2 d&rsquo;espace de stockage sur palettes, nous pouvons livrer rapidement. Notre propre flotte assure que votre commande soit toujours livr\u00e9e rapidement et en parfait \u00e9tat.<\/p>\n<p><strong>&#8211; Conseil d&rsquo;expert :<br \/>\n<\/strong>Nos repr\u00e9sentants sp\u00e9cialement form\u00e9s sont pr\u00eats \u00e0 vous aider \u00e0 choisir la bonne huile moteur, afin que vous puissiez tirer le meilleur parti de votre v\u00e9hicule.<\/p>\n<p><strong>&#8211; Produits de qualit\u00e9 :<br \/>\n<\/strong>Nous proposons uniquement des produits Mobil de haute qualit\u00e9 qui r\u00e9pondent aux normes de qualit\u00e9 les plus strictes, garantissant une protection optimale de votre moteur.<\/p>\n<p><strong>&#8211; Gestion respectueuse de l&rsquo;environnement :<br \/>\n<\/strong>Notre site r\u00e9pond aux normes environnementales les plus \u00e9lev\u00e9es. Nous nous engageons dans des initiatives durables telles que l&rsquo;utilisation de camions propres et des itin\u00e9raires de transport efficaces.<\/p>\n<p>Choisissez Ingelbeen-Soete et profitez de notre exp\u00e9rience, de notre expertise et de notre approche orient\u00e9e client. Commandez votre huile moteur chez nous et d\u00e9couvrez les avantages d&rsquo;une qualit\u00e9 sup\u00e9rieure et d&rsquo;un service exceptionnel.<\/p>\n<\/div>\n<\/div>\n<\/div>\n<\/div>\n<p>[\/vc_column_text][vc_empty_space][\/vc_column][\/vc_row][vc_row][vc_column][vc_empty_space]<a href=\"https:\/\/webshop.ingelbeen.be\/fr\/categorie-produit\/huiles-pour-transmissions-et-atf\/\" class=\"btn btn-solid btn-bordered border-thin ld_button_69e8f08cc2b7d\">\n\t<span>\n\t\t\n\t\t\t\t\t<span class=\"btn-txt\">Commandez huiles pour transmissions et ATF sur notre boutique en ligne<\/span>\n\t\t\t\n\t\t\t\t<\/span>\n<\/a>\n<a href=\"https:\/\/ingelbeen.be\/fr\/devis\/\" class=\"btn btn-underlined btn-bordered border-thin ld_button_69e8f08cc2d28\">\n\t<span>\n\t\t\n\t\t\t\t\t<span class=\"btn-txt\">Ou demandez un devis sans engagement\uff1e<\/span>\n\t\t\t\n\t\t\t\t<\/span>\n<\/a>\n[vc_empty_space][vc_empty_space][vc_empty_space][vc_empty_space][\/vc_column][\/vc_row]<\/p>\n<\/div>","protected":false},"excerpt":{"rendered":"<p>[vc_row][vc_column][vc_empty_space][vc_column_text css=\u00a0\u00bb\u00a0\u00bb] Huiles pour transmissions et ATF [\/vc_column_text][vc_empty_space][vc_column_text css=\u00a0\u00bb\u00a0\u00bb] Une huile de transmission et ATF&#8230;<\/p>\n","protected":false},"author":1,"featured_media":0,"parent":655,"menu_order":0,"comment_status":"closed","ping_status":"closed","template":"","meta":{"footnotes":""},"class_list":["post-833","page","type-page","status-publish","hentry"],"_links":{"self":[{"href":"https:\/\/ingelbeen.be\/fr\/wp-json\/wp\/v2\/pages\/833","targetHints":{"allow":["GET"]}}],"collection":[{"href":"https:\/\/ingelbeen.be\/fr\/wp-json\/wp\/v2\/pages"}],"about":[{"href":"https:\/\/ingelbeen.be\/fr\/wp-json\/wp\/v2\/types\/page"}],"author":[{"embeddable":true,"href":"https:\/\/ingelbeen.be\/fr\/wp-json\/wp\/v2\/users\/1"}],"replies":[{"embeddable":true,"href":"https:\/\/ingelbeen.be\/fr\/wp-json\/wp\/v2\/comments?post=833"}],"version-history":[{"count":7,"href":"https:\/\/ingelbeen.be\/fr\/wp-json\/wp\/v2\/pages\/833\/revisions"}],"predecessor-version":[{"id":1191,"href":"https:\/\/ingelbeen.be\/fr\/wp-json\/wp\/v2\/pages\/833\/revisions\/1191"}],"up":[{"embeddable":true,"href":"https:\/\/ingelbeen.be\/fr\/wp-json\/wp\/v2\/pages\/655"}],"wp:attachment":[{"href":"https:\/\/ingelbeen.be\/fr\/wp-json\/wp\/v2\/media?parent=833"}],"curies":[{"name":"wp","href":"https:\/\/api.w.org\/{rel}","templated":true}]}}