{"id":836,"date":"2024-05-27T13:46:39","date_gmt":"2024-05-27T11:46:39","guid":{"rendered":"https:\/\/tanguy.kneet.be\/?page_id=836"},"modified":"2026-01-08T22:58:42","modified_gmt":"2026-01-08T21:58:42","slug":"huiles-pour-glissieres-de-machines-outils-et-de-broches","status":"publish","type":"page","link":"https:\/\/ingelbeen.be\/fr\/produits\/huiles-pour-glissieres-de-machines-outils-et-de-broches\/","title":{"rendered":"Huiles pour glissi\u00e8res de machines-outils et de broches"},"content":{"rendered":"<div class=\"wpb-content-wrapper\"><p>[vc_row][vc_column][vc_empty_space][vc_column_text css=\u00a0\u00bb\u00a0\u00bb]<\/p>\n<h1>Huiles pour glissi\u00e8res de machines-outils et de broches<\/h1>\n<p>[\/vc_column_text][vc_empty_space][vc_column_text css=\u00a0\u00bb\u00a0\u00bb]<\/p>\n<div class=\"flex flex-grow flex-col max-w-full\">\n<div class=\"min-h-[20px] text-message flex flex-col items-start whitespace-pre-wrap break-words [.text-message+&amp;]:mt-5 juice:w-full juice:items-end overflow-x-auto gap-2\" dir=\"auto\" data-message-author-role=\"assistant\" data-message-id=\"8d4776c8-d107-410b-bda9-6c7096aa5dd6\">\n<div class=\"flex w-full flex-col gap-1 juice:empty:hidden juice:first:pt-[3px]\">\n<div class=\"markdown prose w-full break-words dark:prose-invert dark\">\n<p>Une huile de guidage et de broche de qualit\u00e9 est essentielle pour maintenir la pr\u00e9cision et la fiabilit\u00e9 des machines-outils avanc\u00e9es. Mobil propose des huiles de guidage et de broche de haute qualit\u00e9 sp\u00e9cialement con\u00e7ues pour les exigences uniques de ces composants de pr\u00e9cision dans l&rsquo;usinage des m\u00e9taux et d&rsquo;autres applications industrielles.<\/p>\n<p>L&rsquo;huile de guidage et de broche remplit diverses fonctions critiques au sein des machines-outils, chaque fonction contribuant \u00e0 l&rsquo;efficacit\u00e9 et \u00e0 la pr\u00e9cision de la machine :<\/p>\n<p><strong>&#8211; R\u00e9duction de la friction et de l&rsquo;usure :<\/strong><br \/>\nCette huile est con\u00e7ue pour former un film lubrifiant constant qui r\u00e9duit la friction entre les pi\u00e8ces mobiles telles que les rails de guidage et les broches. Cela aide \u00e0 minimiser l&rsquo;usure et \u00e0 prolonger la dur\u00e9e de vie de l&rsquo;huile et des composants de la machine.<\/p>\n<p><strong>&#8211; Protection contre la corrosion :<\/strong><br \/>\nL&rsquo;huile de guidage et de broche contient des inhibiteurs de corrosion qui prot\u00e8gent les surfaces m\u00e9talliques contre les effets nocifs de l&rsquo;humidit\u00e9 et d&rsquo;autres substances corrosives. Cela est crucial pour maintenir l&rsquo;int\u00e9grit\u00e9 des composants de la machine.<\/p>\n<p><strong>&#8211; Stabilit\u00e9 \u00e0 haute vitesse :<\/strong><br \/>\nCes huiles sont formul\u00e9es pour conserver leur viscosit\u00e9 et leurs propri\u00e9t\u00e9s lubrifiantes \u00e0 des vitesses et des temp\u00e9ratures \u00e9lev\u00e9es souvent atteintes par les broches, assurant ainsi un fonctionnement fiable dans des conditions de travail difficiles.<\/p>\n<p><strong>&#8211; Pr\u00e9vention du ph\u00e9nom\u00e8ne stick-slip :<\/strong><br \/>\nL&rsquo;huile de guidage est sp\u00e9cifiquement con\u00e7ue pour pr\u00e9venir le stick-slip, un ph\u00e9nom\u00e8ne o\u00f9 les pi\u00e8ces de la machine saccadent au lieu de se d\u00e9placer en douceur. Ceci est essentiel pour maintenir la pr\u00e9cision lors de l&rsquo;usinage des pi\u00e8ces.<\/p>\n<p><strong>&#8211; Compatibilit\u00e9 avec les plastiques et les peintures :<\/strong><br \/>\nDe nombreuses machines-outils contiennent des pi\u00e8ces en plastique et sont peintes pour la protection et l&rsquo;esth\u00e9tique. L&rsquo;huile de guidage et de broche est formul\u00e9e pour \u00eatre compatible avec ces mat\u00e9riaux, \u00e9vitant ainsi les dommages et les r\u00e9actions chimiques.<\/p>\n<h2>Quel produit est fait pour moi?<\/h2>\n<p>Vous ne savez pas quel produit utiliser pour votre v\u00e9hicule ou votre entreprise ? Utilisez notre <a href=\"https:\/\/ingelbeen.be\/fr\/fichiers\/guide-de-selection\/\">s\u00e9lecteur de produit<\/a> pratique ! En suivant quelques \u00e9tapes simples, vous pouvez trouver rapidement et facilement l&rsquo;huile moteur adapt\u00e9e \u00e0 votre v\u00e9hicule sp\u00e9cifique.<\/p>\n<p>Ou <a href=\"https:\/\/ingelbeen.be\/fr\/contact\/\">contactez-nous<\/a> pour un conseil gratuit.<\/p>\n<h2>Pourquoi commander de l&rsquo;huile pour glissi\u00e8res de machines-outils et de broches chez Ingelbeen-Soete?<\/h2>\n<p>Chez Ingelbeen-Soete, vous b\u00e9n\u00e9ficiez de plus de 90 ans d&rsquo;exp\u00e9rience et d&rsquo;expertise en lubrifiants. En tant qu&rsquo;entreprise familiale, nous combinons flexibilit\u00e9 et service personnalis\u00e9 avec le savoir-faire d&rsquo;ExxonMobil, le plus grand acteur mondial dans le domaine des lubrifiants.<\/p>\n<p><strong>&#8211; Stock \u00e9tendu et livraison rapide :<br \/>\n<\/strong>Avec plus de 2 millions de litres de stockage en vrac et 15 000 m\u00b2 d&rsquo;espace de stockage sur palettes, nous pouvons livrer rapidement. Notre propre flotte assure que votre commande soit toujours livr\u00e9e rapidement et en parfait \u00e9tat.<\/p>\n<p><strong>&#8211; Conseil d&rsquo;expert :<br \/>\n<\/strong>Nos repr\u00e9sentants sp\u00e9cialement form\u00e9s sont pr\u00eats \u00e0 vous aider \u00e0 choisir la bonne huile moteur, afin que vous puissiez tirer le meilleur parti de votre v\u00e9hicule.<\/p>\n<p><strong>&#8211; Produits de qualit\u00e9 :<br \/>\n<\/strong>Nous proposons uniquement des produits Mobil de haute qualit\u00e9 qui r\u00e9pondent aux normes de qualit\u00e9 les plus strictes, garantissant une protection optimale de votre moteur.<\/p>\n<p><strong>&#8211; Gestion respectueuse de l&rsquo;environnement :<br \/>\n<\/strong>Notre site r\u00e9pond aux normes environnementales les plus \u00e9lev\u00e9es. Nous nous engageons dans des initiatives durables telles que l&rsquo;utilisation de camions propres et des itin\u00e9raires de transport efficaces.<\/p>\n<p>Choisissez Ingelbeen-Soete et profitez de notre exp\u00e9rience, de notre expertise et de notre approche orient\u00e9e client. Commandez votre huile moteur chez nous et d\u00e9couvrez les avantages d&rsquo;une qualit\u00e9 sup\u00e9rieure et d&rsquo;un service exceptionnel.<\/p>\n<\/div>\n<\/div>\n<\/div>\n<\/div>\n<p>[\/vc_column_text][vc_empty_space][\/vc_column][\/vc_row][vc_row][vc_column][vc_empty_space]<a href=\"https:\/\/webshop.ingelbeen.be\/fr\/categorie-produit\/huiles-pour-glissieres-de-machines-outils-et-de-broches\/\" class=\"btn btn-solid btn-bordered border-thin ld_button_69e8f0bb5d629\">\n\t<span>\n\t\t\n\t\t\t\t\t<span class=\"btn-txt\">Commandez huiles pour glissi\u00e8res de machines-outils et de broches sur notre boutique en ligne<\/span>\n\t\t\t\n\t\t\t\t<\/span>\n<\/a>\n<a href=\"https:\/\/ingelbeen.be\/fr\/devis\/\" class=\"btn btn-underlined btn-bordered border-thin ld_button_69e8f0bb5d81c\">\n\t<span>\n\t\t\n\t\t\t\t\t<span class=\"btn-txt\">Ou demandez un devis sans engagement\uff1e<\/span>\n\t\t\t\n\t\t\t\t<\/span>\n<\/a>\n[vc_empty_space][vc_empty_space][vc_empty_space][vc_empty_space][\/vc_column][\/vc_row]<\/p>\n<\/div>","protected":false},"excerpt":{"rendered":"<p>[vc_row][vc_column][vc_empty_space][vc_column_text css=\u00a0\u00bb\u00a0\u00bb] Huiles pour glissi\u00e8res de machines-outils et de broches [\/vc_column_text][vc_empty_space][vc_column_text css=\u00a0\u00bb\u00a0\u00bb] Une huile de&#8230;<\/p>\n","protected":false},"author":1,"featured_media":0,"parent":655,"menu_order":0,"comment_status":"closed","ping_status":"closed","template":"","meta":{"footnotes":""},"class_list":["post-836","page","type-page","status-publish","hentry"],"_links":{"self":[{"href":"https:\/\/ingelbeen.be\/fr\/wp-json\/wp\/v2\/pages\/836","targetHints":{"allow":["GET"]}}],"collection":[{"href":"https:\/\/ingelbeen.be\/fr\/wp-json\/wp\/v2\/pages"}],"about":[{"href":"https:\/\/ingelbeen.be\/fr\/wp-json\/wp\/v2\/types\/page"}],"author":[{"embeddable":true,"href":"https:\/\/ingelbeen.be\/fr\/wp-json\/wp\/v2\/users\/1"}],"replies":[{"embeddable":true,"href":"https:\/\/ingelbeen.be\/fr\/wp-json\/wp\/v2\/comments?post=836"}],"version-history":[{"count":7,"href":"https:\/\/ingelbeen.be\/fr\/wp-json\/wp\/v2\/pages\/836\/revisions"}],"predecessor-version":[{"id":1192,"href":"https:\/\/ingelbeen.be\/fr\/wp-json\/wp\/v2\/pages\/836\/revisions\/1192"}],"up":[{"embeddable":true,"href":"https:\/\/ingelbeen.be\/fr\/wp-json\/wp\/v2\/pages\/655"}],"wp:attachment":[{"href":"https:\/\/ingelbeen.be\/fr\/wp-json\/wp\/v2\/media?parent=836"}],"curies":[{"name":"wp","href":"https:\/\/api.w.org\/{rel}","templated":true}]}}