{"id":839,"date":"2024-05-27T14:53:11","date_gmt":"2024-05-27T12:53:11","guid":{"rendered":"https:\/\/tanguy.kneet.be\/?page_id=839"},"modified":"2026-01-08T22:59:10","modified_gmt":"2026-01-08T21:59:10","slug":"huiles-de-refrigeration","status":"publish","type":"page","link":"https:\/\/ingelbeen.be\/fr\/produits\/huiles-de-refrigeration\/","title":{"rendered":"Huiles de r\u00e9frig\u00e9ration"},"content":{"rendered":"<div class=\"wpb-content-wrapper\"><p>[vc_row][vc_column][vc_empty_space][vc_column_text css=\u00a0\u00bb\u00a0\u00bb]<\/p>\n<h1>Huiles de r\u00e9frig\u00e9ration<\/h1>\n<p>[\/vc_column_text][vc_empty_space][vc_column_text css=\u00a0\u00bb\u00a0\u00bb]<\/p>\n<div class=\"flex flex-grow flex-col max-w-full\">\n<div class=\"min-h-[20px] text-message flex flex-col items-start whitespace-pre-wrap break-words [.text-message+&amp;]:mt-5 juice:w-full juice:items-end overflow-x-auto gap-2\" dir=\"auto\" data-message-author-role=\"assistant\" data-message-id=\"8d4776c8-d107-410b-bda9-6c7096aa5dd6\">\n<div class=\"flex w-full flex-col gap-1 juice:empty:hidden juice:first:pt-[3px]\">\n<div class=\"markdown prose w-full break-words dark:prose-invert dark\">\n<p>Une huile de qualit\u00e9 pour compresseurs frigorifiques est cruciale pour assurer l&rsquo;efficacit\u00e9 et la durabilit\u00e9 des syst\u00e8mes de r\u00e9frig\u00e9ration. Mobil propose une huile de haute qualit\u00e9 sp\u00e9cialement con\u00e7ue pour une utilisation dans les compresseurs frigorifiques fonctionnant dans diverses conditions op\u00e9rationnelles.<\/p>\n<p>L&rsquo;huile pour compresseurs frigorifiques remplit plusieurs fonctions importantes au sein des syst\u00e8mes de r\u00e9frig\u00e9ration, visant \u00e0 maintenir leur fonctionnement et \u00e0 prolonger la dur\u00e9e de vie des compresseurs :<\/p>\n<p><strong>&#8211; Lubrification des pi\u00e8ces mobiles :<\/strong><br \/>\nL&rsquo;huile assure une lubrification continue des composants du compresseur, tels que les pistons et les cylindres, ce qui est essentiel pour r\u00e9duire la friction et l&rsquo;usure. Cela aide le compresseur \u00e0 fonctionner de mani\u00e8re efficace et fluide.<\/p>\n<p><strong>&#8211; Dissipation de la chaleur :<\/strong><br \/>\nL&rsquo;huile pour compresseurs frigorifiques aide \u00e0 dissiper la chaleur g\u00e9n\u00e9r\u00e9e lors de la compression du r\u00e9frig\u00e9rant. Une dissipation efficace de la chaleur est cruciale pour maintenir la temp\u00e9rature de fonctionnement id\u00e9ale et \u00e9viter la surchauffe du compresseur.<\/p>\n<p><strong>&#8211; \u00c9tanch\u00e9it\u00e9 des composants internes :<\/strong><br \/>\nCette huile aide \u00e0 sceller les petits espaces entre les pi\u00e8ces mobiles, r\u00e9duisant ainsi les fuites de r\u00e9frig\u00e9rant et augmentant l&rsquo;efficacit\u00e9 du syst\u00e8me de r\u00e9frig\u00e9ration.<\/p>\n<p><strong>&#8211; Compatibilit\u00e9 avec les r\u00e9frig\u00e9rants :<\/strong><br \/>\nIl est essentiel que l&rsquo;huile soit chimiquement compatible avec les r\u00e9frig\u00e9rants utilis\u00e9s dans le syst\u00e8me. L&rsquo;huile pour compresseurs frigorifiques est sp\u00e9cialement formul\u00e9e pour fonctionner efficacement avec diff\u00e9rents types de r\u00e9frig\u00e9rants, sans r\u00e9actions chimiques ind\u00e9sirables qui pourraient endommager le syst\u00e8me.<\/p>\n<p><strong>&#8211; Protection contre la corrosion :<\/strong><br \/>\nL&rsquo;huile contient des additifs qui prot\u00e8gent contre la corrosion et l&rsquo;oxydation, ce qui aide \u00e0 maintenir la puret\u00e9 interne du syst\u00e8me de r\u00e9frig\u00e9ration et \u00e0 prolonger la dur\u00e9e de vie globale du compresseur.<\/p>\n<h2>Quel produit est fait pour moi?<\/h2>\n<p>Vous ne savez pas quel produit utiliser pour votre v\u00e9hicule ou votre entreprise ? Utilisez notre <a href=\"https:\/\/ingelbeen.be\/fr\/fichiers\/guide-de-selection\/\">s\u00e9lecteur de produit<\/a> pratique ! En suivant quelques \u00e9tapes simples, vous pouvez trouver rapidement et facilement l&rsquo;huile moteur adapt\u00e9e \u00e0 votre v\u00e9hicule sp\u00e9cifique.<\/p>\n<p>Ou <a href=\"https:\/\/ingelbeen.be\/fr\/contact\/\">contactez-nous<\/a> pour un conseil gratuit.<\/p>\n<h2>Pourquoi commander de l&rsquo;huile de r\u00e9frig\u00e9ration chez Ingelbeen-Soete?<\/h2>\n<p>Chez Ingelbeen-Soete, vous b\u00e9n\u00e9ficiez de plus de 90 ans d&rsquo;exp\u00e9rience et d&rsquo;expertise en lubrifiants. En tant qu&rsquo;entreprise familiale, nous combinons flexibilit\u00e9 et service personnalis\u00e9 avec le savoir-faire d&rsquo;ExxonMobil, le plus grand acteur mondial dans le domaine des lubrifiants.<\/p>\n<p><strong>&#8211; Stock \u00e9tendu et livraison rapide :<br \/>\n<\/strong>Avec plus de 2 millions de litres de stockage en vrac et 15 000 m\u00b2 d&rsquo;espace de stockage sur palettes, nous pouvons livrer rapidement. Notre propre flotte assure que votre commande soit toujours livr\u00e9e rapidement et en parfait \u00e9tat.<\/p>\n<p><strong>&#8211; Conseil d&rsquo;expert :<br \/>\n<\/strong>Nos repr\u00e9sentants sp\u00e9cialement form\u00e9s sont pr\u00eats \u00e0 vous aider \u00e0 choisir la bonne huile moteur, afin que vous puissiez tirer le meilleur parti de votre v\u00e9hicule.<\/p>\n<p><strong>&#8211; Produits de qualit\u00e9 :<br \/>\n<\/strong>Nous proposons uniquement des produits Mobil de haute qualit\u00e9 qui r\u00e9pondent aux normes de qualit\u00e9 les plus strictes, garantissant une protection optimale de votre moteur.<\/p>\n<p><strong>&#8211; Gestion respectueuse de l&rsquo;environnement :<br \/>\n<\/strong>Notre site r\u00e9pond aux normes environnementales les plus \u00e9lev\u00e9es. Nous nous engageons dans des initiatives durables telles que l&rsquo;utilisation de camions propres et des itin\u00e9raires de transport efficaces.<\/p>\n<p>Choisissez Ingelbeen-Soete et profitez de notre exp\u00e9rience, de notre expertise et de notre approche orient\u00e9e client. Commandez votre huile moteur chez nous et d\u00e9couvrez les avantages d&rsquo;une qualit\u00e9 sup\u00e9rieure et d&rsquo;un service exceptionnel.<\/p>\n<\/div>\n<\/div>\n<\/div>\n<\/div>\n<p>[\/vc_column_text][vc_empty_space][\/vc_column][\/vc_row][vc_row][vc_column][vc_empty_space]<a href=\"https:\/\/webshop.ingelbeen.be\/fr\/categorie-produit\/huiles-de-refrigeration\/\" class=\"btn btn-solid btn-bordered border-thin ld_button_69e904844a192\">\n\t<span>\n\t\t\n\t\t\t\t\t<span class=\"btn-txt\">Commandez huiles de r\u00e9frig\u00e9ration sur notre boutique en ligne<\/span>\n\t\t\t\n\t\t\t\t<\/span>\n<\/a>\n<a href=\"https:\/\/ingelbeen.be\/fr\/devis\/\" class=\"btn btn-underlined btn-bordered border-thin ld_button_69e904844a2df\">\n\t<span>\n\t\t\n\t\t\t\t\t<span class=\"btn-txt\">Ou demandez un devis sans engagement\uff1e<\/span>\n\t\t\t\n\t\t\t\t<\/span>\n<\/a>\n[vc_empty_space][vc_empty_space][vc_empty_space][vc_empty_space][\/vc_column][\/vc_row]<\/p>\n<\/div>","protected":false},"excerpt":{"rendered":"<p>[vc_row][vc_column][vc_empty_space][vc_column_text css=\u00a0\u00bb\u00a0\u00bb] Huiles de r\u00e9frig\u00e9ration [\/vc_column_text][vc_empty_space][vc_column_text css=\u00a0\u00bb\u00a0\u00bb] Une huile de qualit\u00e9 pour compresseurs frigorifiques est&#8230;<\/p>\n","protected":false},"author":1,"featured_media":0,"parent":655,"menu_order":0,"comment_status":"closed","ping_status":"closed","template":"","meta":{"footnotes":""},"class_list":["post-839","page","type-page","status-publish","hentry"],"_links":{"self":[{"href":"https:\/\/ingelbeen.be\/fr\/wp-json\/wp\/v2\/pages\/839","targetHints":{"allow":["GET"]}}],"collection":[{"href":"https:\/\/ingelbeen.be\/fr\/wp-json\/wp\/v2\/pages"}],"about":[{"href":"https:\/\/ingelbeen.be\/fr\/wp-json\/wp\/v2\/types\/page"}],"author":[{"embeddable":true,"href":"https:\/\/ingelbeen.be\/fr\/wp-json\/wp\/v2\/users\/1"}],"replies":[{"embeddable":true,"href":"https:\/\/ingelbeen.be\/fr\/wp-json\/wp\/v2\/comments?post=839"}],"version-history":[{"count":7,"href":"https:\/\/ingelbeen.be\/fr\/wp-json\/wp\/v2\/pages\/839\/revisions"}],"predecessor-version":[{"id":1193,"href":"https:\/\/ingelbeen.be\/fr\/wp-json\/wp\/v2\/pages\/839\/revisions\/1193"}],"up":[{"embeddable":true,"href":"https:\/\/ingelbeen.be\/fr\/wp-json\/wp\/v2\/pages\/655"}],"wp:attachment":[{"href":"https:\/\/ingelbeen.be\/fr\/wp-json\/wp\/v2\/media?parent=839"}],"curies":[{"name":"wp","href":"https:\/\/api.w.org\/{rel}","templated":true}]}}