{"id":842,"date":"2024-05-27T14:08:31","date_gmt":"2024-05-27T12:08:31","guid":{"rendered":"https:\/\/tanguy.kneet.be\/?page_id=842"},"modified":"2026-01-08T22:59:36","modified_gmt":"2026-01-08T21:59:36","slug":"graisses","status":"publish","type":"page","link":"https:\/\/ingelbeen.be\/fr\/produits\/graisses\/","title":{"rendered":"Graisses"},"content":{"rendered":"<div class=\"wpb-content-wrapper\"><p>[vc_row][vc_column][vc_empty_space][vc_column_text css=\u00a0\u00bb\u00a0\u00bb]<\/p>\n<h1>Graisses<\/h1>\n<p>[\/vc_column_text][vc_empty_space][vc_column_text css=\u00a0\u00bb\u00a0\u00bb]<\/p>\n<div class=\"flex flex-grow flex-col max-w-full\">\n<div class=\"min-h-[20px] text-message flex flex-col items-start whitespace-pre-wrap break-words [.text-message+&amp;]:mt-5 juice:w-full juice:items-end overflow-x-auto gap-2\" dir=\"auto\" data-message-author-role=\"assistant\" data-message-id=\"8d4776c8-d107-410b-bda9-6c7096aa5dd6\">\n<div class=\"flex w-full flex-col gap-1 juice:empty:hidden juice:first:pt-[3px]\">\n<div class=\"markdown prose w-full break-words dark:prose-invert dark\">\n<p>Les graisses lubrifiantes de qualit\u00e9 sont essentielles pour la lubrification et la protection d&rsquo;une large gamme de syst\u00e8mes et de composants m\u00e9caniques. Mobil propose des graisses lubrifiantes de haute qualit\u00e9 sp\u00e9cialement con\u00e7ues pour r\u00e9pondre aux diverses exigences des applications industrielles, automobiles et maritimes.<\/p>\n<p>Les graisses lubrifiantes remplissent plusieurs fonctions importantes au sein des machines et des \u00e9quipements, contribuant de mani\u00e8re essentielle au fonctionnement et \u00e0 la durabilit\u00e9 des syst\u00e8mes :<\/p>\n<p><strong>&#8211; Fournir une lubrification durable :<\/strong><br \/>\nLes graisses sont con\u00e7ues pour rester en place et offrir une lubrification constante, m\u00eame sous des charges lourdes ou des chocs. Cela est crucial dans les applications o\u00f9 les huiles liquides pourraient fuir ou s&rsquo;\u00e9vaporer.<\/p>\n<p><strong>&#8211; Protection contre l&rsquo;usure et les charges :<\/strong><br \/>\nGr\u00e2ce \u00e0 leur consistance \u00e9paisse et \u00e0 la possibilit\u00e9 d&rsquo;inclure des additifs extr\u00eame pression, les graisses prot\u00e8gent les composants contre les charges extr\u00eames et l&rsquo;usure. Cela prolonge la dur\u00e9e de vie des \u00e9quipements et r\u00e9duit la n\u00e9cessit\u00e9 d&rsquo;un entretien fr\u00e9quent.<\/p>\n<p><strong>&#8211; \u00c9tanch\u00e9it\u00e9 contre la salet\u00e9 et l&rsquo;humidit\u00e9 :<\/strong><br \/>\nLes graisses forment une barri\u00e8re contre la salet\u00e9, la poussi\u00e8re et l&rsquo;eau, ce qui aide \u00e0 pr\u00e9server l&rsquo;int\u00e9grit\u00e9 des composants dans des environnements sales ou humides. Cela r\u00e9duit le risque de corrosion et d&rsquo;usure, et am\u00e9liore la fiabilit\u00e9 globale du syst\u00e8me.<\/p>\n<p><strong>&#8211; R\u00e9duction de la friction et de la g\u00e9n\u00e9ration de chaleur :<\/strong><br \/>\nLes graisses appropri\u00e9es peuvent aider \u00e0 r\u00e9duire la friction, ce qui entra\u00eene des temp\u00e9ratures de fonctionnement plus basses et une efficacit\u00e9 accrue des \u00e9quipements.<\/p>\n<p><strong>&#8211; Stabilit\u00e9 chimique et compatibilit\u00e9 :<\/strong><br \/>\nLes graisses sont formul\u00e9es pour rester chimiquement stables et compatibles avec une vari\u00e9t\u00e9 de mat\u00e9riaux, y compris les m\u00e9taux, les plastiques et les \u00e9lastom\u00e8res, ce qui les rend adapt\u00e9es \u00e0 un large \u00e9ventail d&rsquo;applications.<\/p>\n<h2>Quel produit est fait pour moi?<\/h2>\n<p>Vous ne savez pas quel produit utiliser pour votre v\u00e9hicule ou votre entreprise ? Utilisez notre <a href=\"https:\/\/ingelbeen.be\/fr\/fichiers\/guide-de-selection\/\">s\u00e9lecteur de produit<\/a> pratique ! En suivant quelques \u00e9tapes simples, vous pouvez trouver rapidement et facilement l&rsquo;huile moteur adapt\u00e9e \u00e0 votre v\u00e9hicule sp\u00e9cifique.<\/p>\n<p>Ou <a href=\"https:\/\/ingelbeen.be\/fr\/contact\/\">contactez-nous<\/a> pour un conseil gratuit.<\/p>\n<h2>Pourquoi commander de graisses chez Ingelbeen-Soete?<\/h2>\n<p>Chez Ingelbeen-Soete, vous b\u00e9n\u00e9ficiez de plus de 90 ans d&rsquo;exp\u00e9rience et d&rsquo;expertise en lubrifiants. En tant qu&rsquo;entreprise familiale, nous combinons flexibilit\u00e9 et service personnalis\u00e9 avec le savoir-faire d&rsquo;ExxonMobil, le plus grand acteur mondial dans le domaine des lubrifiants.<\/p>\n<p><strong>&#8211; Stock \u00e9tendu et livraison rapide :<br \/>\n<\/strong>Avec plus de 2 millions de litres de stockage en vrac et 15 000 m\u00b2 d&rsquo;espace de stockage sur palettes, nous pouvons livrer rapidement. Notre propre flotte assure que votre commande soit toujours livr\u00e9e rapidement et en parfait \u00e9tat.<\/p>\n<p><strong>&#8211; Conseil d&rsquo;expert :<br \/>\n<\/strong>Nos repr\u00e9sentants sp\u00e9cialement form\u00e9s sont pr\u00eats \u00e0 vous aider \u00e0 choisir la bonne huile moteur, afin que vous puissiez tirer le meilleur parti de votre v\u00e9hicule.<\/p>\n<p><strong>&#8211; Produits de qualit\u00e9 :<br \/>\n<\/strong>Nous proposons uniquement des produits Mobil de haute qualit\u00e9 qui r\u00e9pondent aux normes de qualit\u00e9 les plus strictes, garantissant une protection optimale de votre moteur.<\/p>\n<p><strong>&#8211; Gestion respectueuse de l&rsquo;environnement :<br \/>\n<\/strong>Notre site r\u00e9pond aux normes environnementales les plus \u00e9lev\u00e9es. Nous nous engageons dans des initiatives durables telles que l&rsquo;utilisation de camions propres et des itin\u00e9raires de transport efficaces.<\/p>\n<p>Choisissez Ingelbeen-Soete et profitez de notre exp\u00e9rience, de notre expertise et de notre approche orient\u00e9e client. Commandez votre huile moteur chez nous et d\u00e9couvrez les avantages d&rsquo;une qualit\u00e9 sup\u00e9rieure et d&rsquo;un service exceptionnel.<\/p>\n<\/div>\n<\/div>\n<\/div>\n<\/div>\n<p>[\/vc_column_text][vc_empty_space][\/vc_column][\/vc_row][vc_row][vc_column][vc_empty_space]<a href=\"https:\/\/webshop.ingelbeen.be\/fr\/categorie-produit\/graisses\/\" class=\"btn btn-solid btn-bordered border-thin ld_button_69e8f0f95957a\">\n\t<span>\n\t\t\n\t\t\t\t\t<span class=\"btn-txt\">Commandez graisses sur notre boutique en ligne<\/span>\n\t\t\t\n\t\t\t\t<\/span>\n<\/a>\n<a href=\"https:\/\/ingelbeen.be\/fr\/devis\/\" class=\"btn btn-underlined btn-bordered border-thin ld_button_69e8f0f9596d7\">\n\t<span>\n\t\t\n\t\t\t\t\t<span class=\"btn-txt\">Ou demandez un devis sans engagement\uff1e<\/span>\n\t\t\t\n\t\t\t\t<\/span>\n<\/a>\n[vc_empty_space][vc_empty_space][vc_empty_space][vc_empty_space][\/vc_column][\/vc_row]<\/p>\n<\/div>","protected":false},"excerpt":{"rendered":"<p>[vc_row][vc_column][vc_empty_space][vc_column_text css=\u00a0\u00bb\u00a0\u00bb] Graisses [\/vc_column_text][vc_empty_space][vc_column_text css=\u00a0\u00bb\u00a0\u00bb] Les graisses lubrifiantes de qualit\u00e9 sont essentielles pour la lubrification&#8230;<\/p>\n","protected":false},"author":1,"featured_media":0,"parent":655,"menu_order":0,"comment_status":"closed","ping_status":"closed","template":"","meta":{"footnotes":""},"class_list":["post-842","page","type-page","status-publish","hentry"],"_links":{"self":[{"href":"https:\/\/ingelbeen.be\/fr\/wp-json\/wp\/v2\/pages\/842","targetHints":{"allow":["GET"]}}],"collection":[{"href":"https:\/\/ingelbeen.be\/fr\/wp-json\/wp\/v2\/pages"}],"about":[{"href":"https:\/\/ingelbeen.be\/fr\/wp-json\/wp\/v2\/types\/page"}],"author":[{"embeddable":true,"href":"https:\/\/ingelbeen.be\/fr\/wp-json\/wp\/v2\/users\/1"}],"replies":[{"embeddable":true,"href":"https:\/\/ingelbeen.be\/fr\/wp-json\/wp\/v2\/comments?post=842"}],"version-history":[{"count":8,"href":"https:\/\/ingelbeen.be\/fr\/wp-json\/wp\/v2\/pages\/842\/revisions"}],"predecessor-version":[{"id":1194,"href":"https:\/\/ingelbeen.be\/fr\/wp-json\/wp\/v2\/pages\/842\/revisions\/1194"}],"up":[{"embeddable":true,"href":"https:\/\/ingelbeen.be\/fr\/wp-json\/wp\/v2\/pages\/655"}],"wp:attachment":[{"href":"https:\/\/ingelbeen.be\/fr\/wp-json\/wp\/v2\/media?parent=842"}],"curies":[{"name":"wp","href":"https:\/\/api.w.org\/{rel}","templated":true}]}}