{"id":845,"date":"2024-05-27T14:39:32","date_gmt":"2024-05-27T12:39:32","guid":{"rendered":"https:\/\/tanguy.kneet.be\/?page_id=845"},"modified":"2026-01-08T23:00:13","modified_gmt":"2026-01-08T22:00:13","slug":"lubrifiants-pour-lindustrie-alimentaire","status":"publish","type":"page","link":"https:\/\/ingelbeen.be\/fr\/produits\/lubrifiants-pour-lindustrie-alimentaire\/","title":{"rendered":"Lubrifiants pour l\u2019industrie alimentaire"},"content":{"rendered":"<div class=\"wpb-content-wrapper\"><p>[vc_row][vc_column][vc_empty_space][vc_column_text css=\u00a0\u00bb\u00a0\u00bb]<\/p>\n<h1>Lubrifiants pour l\u2019industrie alimentaire<\/h1>\n<p>[\/vc_column_text][vc_empty_space][vc_column_text css=\u00a0\u00bb\u00a0\u00bb]<\/p>\n<div class=\"flex flex-grow flex-col max-w-full\">\n<div class=\"min-h-[20px] text-message flex flex-col items-start whitespace-pre-wrap break-words [.text-message+&amp;]:mt-5 juice:w-full juice:items-end overflow-x-auto gap-2\" dir=\"auto\" data-message-author-role=\"assistant\" data-message-id=\"8d4776c8-d107-410b-bda9-6c7096aa5dd6\">\n<div class=\"flex w-full flex-col gap-1 juice:empty:hidden juice:first:pt-[3px]\">\n<div class=\"markdown prose w-full break-words dark:prose-invert dark\">\n<p>Des lubrifiants de qualit\u00e9 pour l&rsquo;industrie alimentaire sont essentiels pour r\u00e9pondre aux normes d&rsquo;hygi\u00e8ne strictes et aux exigences op\u00e9rationnelles des installations de production alimentaire et pharmaceutique. Mobil propose des lubrifiants de haute qualit\u00e9 sp\u00e9cialement con\u00e7us pour \u00eatre utilis\u00e9s dans des environnements o\u00f9 un contact accidentel avec les aliments peut se produire et sont approuv\u00e9s selon des normes internationales telles que NSF H1.<\/p>\n<p>Les lubrifiants pour l&rsquo;industrie alimentaire poss\u00e8dent des propri\u00e9t\u00e9s et des fonctions uniques qui contribuent \u00e0 des processus de production s\u00fbrs et efficaces :<\/p>\n<p><strong>&#8211; Assurer la s\u00e9curit\u00e9 alimentaire :<\/strong><br \/>\nCes lubrifiants sont non toxiques et formul\u00e9s pour minimiser le risque de contamination en cas de contact accidentel avec des produits alimentaires. Cela est essentiel pour garantir la s\u00e9curit\u00e9 des produits destin\u00e9s \u00e0 la consommation.<\/p>\n<p><strong>&#8211; Protection contre l&rsquo;usure et la corrosion :<\/strong><br \/>\nLes lubrifiants pour l&rsquo;industrie alimentaire contiennent des additifs qui prot\u00e8gent contre l&rsquo;usure et la corrosion des pi\u00e8ces de machines, m\u00eame dans des environnements humides ou acides typiques des installations de transformation alimentaire.<\/p>\n<p><strong>&#8211; R\u00e9sistance au lavage et au nettoyage :<\/strong><br \/>\nCes lubrifiants sont r\u00e9sistants \u00e0 l&rsquo;eau et capables de supporter les agents de nettoyage et les m\u00e9thodes de d\u00e9sinfection souvent agressifs utilis\u00e9s dans l&rsquo;industrie alimentaire, sans perdre leurs propri\u00e9t\u00e9s protectrices.<\/p>\n<p><strong>&#8211; Maintien des performances \u00e0 des temp\u00e9ratures extr\u00eames :<\/strong><br \/>\nLes lubrifiants pour l&rsquo;industrie alimentaire restent efficaces \u00e0 des temp\u00e9ratures basses comme \u00e9lev\u00e9es, ce qui est crucial pour des applications telles que les espaces r\u00e9frig\u00e9r\u00e9s et les processus de cuisson.<\/p>\n<p><strong>&#8211; Compatibilit\u00e9 avec les plastiques et les \u00e9lastom\u00e8res :<\/strong><br \/>\nCes lubrifiants sont formul\u00e9s pour \u00eatre compatibles avec les divers mat\u00e9riaux utilis\u00e9s dans les \u00e9quipements de transformation alimentaire, ce qui leur permet de ne pas endommager les joints, les tuyaux ou les pi\u00e8ces en plastique.<\/p>\n<h2>Quel produit est fait pour moi?<\/h2>\n<p>Vous ne savez pas quel produit utiliser pour votre v\u00e9hicule ou votre entreprise ? Utilisez notre <a href=\"https:\/\/ingelbeen.be\/fr\/fichiers\/guide-de-selection\/\">s\u00e9lecteur de produit<\/a> pratique ! En suivant quelques \u00e9tapes simples, vous pouvez trouver rapidement et facilement l&rsquo;huile moteur adapt\u00e9e \u00e0 votre v\u00e9hicule sp\u00e9cifique.<\/p>\n<p>Ou <a href=\"https:\/\/ingelbeen.be\/fr\/contact\/\">contactez-nous<\/a> pour un conseil gratuit.<\/p>\n<h2>Pourquoi commander de lubrifiants pour l&rsquo;industrie alimentaire chez Ingelbeen-Soete?<\/h2>\n<p>Chez Ingelbeen-Soete, vous b\u00e9n\u00e9ficiez de plus de 90 ans d&rsquo;exp\u00e9rience et d&rsquo;expertise en lubrifiants. En tant qu&rsquo;entreprise familiale, nous combinons flexibilit\u00e9 et service personnalis\u00e9 avec le savoir-faire d&rsquo;ExxonMobil, le plus grand acteur mondial dans le domaine des lubrifiants.<\/p>\n<p><strong>&#8211; Stock \u00e9tendu et livraison rapide :<br \/>\n<\/strong>Avec plus de 2 millions de litres de stockage en vrac et 15 000 m\u00b2 d&rsquo;espace de stockage sur palettes, nous pouvons livrer rapidement. Notre propre flotte assure que votre commande soit toujours livr\u00e9e rapidement et en parfait \u00e9tat.<\/p>\n<p><strong>&#8211; Conseil d&rsquo;expert :<br \/>\n<\/strong>Nos repr\u00e9sentants sp\u00e9cialement form\u00e9s sont pr\u00eats \u00e0 vous aider \u00e0 choisir la bonne huile moteur, afin que vous puissiez tirer le meilleur parti de votre v\u00e9hicule.<\/p>\n<p><strong>&#8211; Produits de qualit\u00e9 :<br \/>\n<\/strong>Nous proposons uniquement des produits Mobil de haute qualit\u00e9 qui r\u00e9pondent aux normes de qualit\u00e9 les plus strictes, garantissant une protection optimale de votre moteur.<\/p>\n<p><strong>&#8211; Gestion respectueuse de l&rsquo;environnement :<br \/>\n<\/strong>Notre site r\u00e9pond aux normes environnementales les plus \u00e9lev\u00e9es. Nous nous engageons dans des initiatives durables telles que l&rsquo;utilisation de camions propres et des itin\u00e9raires de transport efficaces.<\/p>\n<p>Choisissez Ingelbeen-Soete et profitez de notre exp\u00e9rience, de notre expertise et de notre approche orient\u00e9e client. Commandez votre huile moteur chez nous et d\u00e9couvrez les avantages d&rsquo;une qualit\u00e9 sup\u00e9rieure et d&rsquo;un service exceptionnel.<\/p>\n<\/div>\n<\/div>\n<\/div>\n<\/div>\n<p>[\/vc_column_text][vc_empty_space][\/vc_column][\/vc_row][vc_row][vc_column][vc_empty_space]<a href=\"https:\/\/webshop.ingelbeen.be\/fr\/categorie-produit\/lubrifiants-pour-lindustrie-alimentaire\/\" class=\"btn btn-solid btn-bordered border-thin ld_button_69e8f0759f692\">\n\t<span>\n\t\t\n\t\t\t\t\t<span class=\"btn-txt\">Commandez lubrifiants pour l\u2019industrie alimentaire sur notre boutique en ligne<\/span>\n\t\t\t\n\t\t\t\t<\/span>\n<\/a>\n<a href=\"https:\/\/ingelbeen.be\/fr\/devis\/\" class=\"btn btn-underlined btn-bordered border-thin ld_button_69e8f0759f7d2\">\n\t<span>\n\t\t\n\t\t\t\t\t<span class=\"btn-txt\">Ou demandez un devis sans engagement\uff1e<\/span>\n\t\t\t\n\t\t\t\t<\/span>\n<\/a>\n[vc_empty_space][vc_empty_space][vc_empty_space][vc_empty_space][\/vc_column][\/vc_row]<\/p>\n<\/div>","protected":false},"excerpt":{"rendered":"<p>[vc_row][vc_column][vc_empty_space][vc_column_text css=\u00a0\u00bb\u00a0\u00bb] Lubrifiants pour l\u2019industrie alimentaire [\/vc_column_text][vc_empty_space][vc_column_text css=\u00a0\u00bb\u00a0\u00bb] Des lubrifiants de qualit\u00e9 pour l&rsquo;industrie alimentaire&#8230;<\/p>\n","protected":false},"author":1,"featured_media":0,"parent":655,"menu_order":0,"comment_status":"closed","ping_status":"closed","template":"","meta":{"footnotes":""},"class_list":["post-845","page","type-page","status-publish","hentry"],"_links":{"self":[{"href":"https:\/\/ingelbeen.be\/fr\/wp-json\/wp\/v2\/pages\/845","targetHints":{"allow":["GET"]}}],"collection":[{"href":"https:\/\/ingelbeen.be\/fr\/wp-json\/wp\/v2\/pages"}],"about":[{"href":"https:\/\/ingelbeen.be\/fr\/wp-json\/wp\/v2\/types\/page"}],"author":[{"embeddable":true,"href":"https:\/\/ingelbeen.be\/fr\/wp-json\/wp\/v2\/users\/1"}],"replies":[{"embeddable":true,"href":"https:\/\/ingelbeen.be\/fr\/wp-json\/wp\/v2\/comments?post=845"}],"version-history":[{"count":7,"href":"https:\/\/ingelbeen.be\/fr\/wp-json\/wp\/v2\/pages\/845\/revisions"}],"predecessor-version":[{"id":1195,"href":"https:\/\/ingelbeen.be\/fr\/wp-json\/wp\/v2\/pages\/845\/revisions\/1195"}],"up":[{"embeddable":true,"href":"https:\/\/ingelbeen.be\/fr\/wp-json\/wp\/v2\/pages\/655"}],"wp:attachment":[{"href":"https:\/\/ingelbeen.be\/fr\/wp-json\/wp\/v2\/media?parent=845"}],"curies":[{"name":"wp","href":"https:\/\/api.w.org\/{rel}","templated":true}]}}