{"id":848,"date":"2024-05-27T14:44:07","date_gmt":"2024-05-27T12:44:07","guid":{"rendered":"https:\/\/tanguy.kneet.be\/?page_id=848"},"modified":"2026-01-08T23:00:45","modified_gmt":"2026-01-08T22:00:45","slug":"huiles-de-coupe","status":"publish","type":"page","link":"https:\/\/ingelbeen.be\/fr\/produits\/huiles-de-coupe\/","title":{"rendered":"Huiles de coupe"},"content":{"rendered":"<div class=\"wpb-content-wrapper\"><p>[vc_row][vc_column][vc_empty_space][vc_column_text css=\u00a0\u00bb\u00a0\u00bb]<\/p>\n<h1>Huiles de coupe<\/h1>\n<p>[\/vc_column_text][vc_empty_space][vc_column_text css=\u00a0\u00bb\u00a0\u00bb]<\/p>\n<div class=\"flex flex-grow flex-col max-w-full\">\n<div class=\"min-h-[20px] text-message flex flex-col items-start whitespace-pre-wrap break-words [.text-message+&amp;]:mt-5 juice:w-full juice:items-end overflow-x-auto gap-2\" dir=\"auto\" data-message-author-role=\"assistant\" data-message-id=\"8d4776c8-d107-410b-bda9-6c7096aa5dd6\">\n<div class=\"flex w-full flex-col gap-1 juice:empty:hidden juice:first:pt-[3px]\">\n<div class=\"markdown prose w-full break-words dark:prose-invert dark\">\n<p>Les fluides de travail des m\u00e9taux de qualit\u00e9 sont indispensables pour des processus de travail des m\u00e9taux efficaces et performants. Mobil propose des fluides de travail des m\u00e9taux de haute qualit\u00e9 sp\u00e9cialement con\u00e7us pour am\u00e9liorer les performances des outils de coupe et prolonger la dur\u00e9e de vie des outils et des pi\u00e8ces.<\/p>\n<p>Les huiles de coupe remplissent des fonctions essentielles dans le processus d&rsquo;usinage, notamment :<\/p>\n<p><strong>&#8211; Refroidissement et lubrification :<\/strong><br \/>\nCes fluides aident \u00e0 dissiper la chaleur g\u00e9n\u00e9r\u00e9e lors du processus de coupe et fournissent une lubrification qui r\u00e9duit la friction entre l&rsquo;outil et la pi\u00e8ce. Cela permet des coupes plus fluides et aide \u00e0 pr\u00e9venir la surchauffe de l&rsquo;outil et du mat\u00e9riau.<\/p>\n<p><strong>&#8211; Am\u00e9lioration de la finition et de la pr\u00e9cision :<\/strong><br \/>\nEn r\u00e9duisant la friction et en dissipant la chaleur, les fluides de travail des m\u00e9taux contribuent \u00e0 obtenir une finition plus lisse sur la pi\u00e8ce et am\u00e9liorent la pr\u00e9cision du processus de coupe.<\/p>\n<p><strong>&#8211; Protection contre la corrosion :<\/strong><br \/>\nCes fluides contiennent des inhibiteurs de corrosion qui aident \u00e0 prot\u00e9ger \u00e0 la fois l&rsquo;outil et la pi\u00e8ce contre la rouille et la corrosion, ce qui est particuli\u00e8rement important lors du travail avec des m\u00e9taux r\u00e9actifs ou dans des environnements humides.<\/p>\n<p><strong>&#8211; Prolongation de la dur\u00e9e de vie des outils :<\/strong><br \/>\nLa lubrification et la dissipation de la chaleur r\u00e9duisent l&rsquo;usure des outils de coupe, prolongeant ainsi consid\u00e9rablement leur dur\u00e9e de vie, ce qui entra\u00eene des co\u00fbts de remplacement plus faibles et moins de temps d&rsquo;arr\u00eat de production.<\/p>\n<p><strong>&#8211; \u00c9vacuation des copeaux :<\/strong><br \/>\nLes fluides de travail des m\u00e9taux aident \u00e0 \u00e9vacuer les copeaux et autres r\u00e9sidus g\u00e9n\u00e9r\u00e9s pendant le processus de coupe. Cela emp\u00eache l&rsquo;accumulation de mat\u00e9riaux qui pourraient entraver le processus de coupe et assure un environnement de travail propre.<\/p>\n<h2>Quel produit est fait pour moi?<\/h2>\n<p>Vous ne savez pas quel produit utiliser pour votre v\u00e9hicule ou votre entreprise ? Utilisez notre <a href=\"https:\/\/ingelbeen.be\/fr\/fichiers\/guide-de-selection\/\">s\u00e9lecteur de produit<\/a> pratique ! En suivant quelques \u00e9tapes simples, vous pouvez trouver rapidement et facilement l&rsquo;huile moteur adapt\u00e9e \u00e0 votre v\u00e9hicule sp\u00e9cifique.<\/p>\n<p>Ou <a href=\"https:\/\/ingelbeen.be\/fr\/contact\/\">contactez-nous<\/a> pour un conseil gratuit.<\/p>\n<h2>Pourquoi commander de l&rsquo;huile de coupe chez Ingelbeen-Soete?<\/h2>\n<p>Chez Ingelbeen-Soete, vous b\u00e9n\u00e9ficiez de plus de 90 ans d&rsquo;exp\u00e9rience et d&rsquo;expertise en lubrifiants. En tant qu&rsquo;entreprise familiale, nous combinons flexibilit\u00e9 et service personnalis\u00e9 avec le savoir-faire d&rsquo;ExxonMobil, le plus grand acteur mondial dans le domaine des lubrifiants.<\/p>\n<p><strong>&#8211; Stock \u00e9tendu et livraison rapide :<br \/>\n<\/strong>Avec plus de 2 millions de litres de stockage en vrac et 15 000 m\u00b2 d&rsquo;espace de stockage sur palettes, nous pouvons livrer rapidement. Notre propre flotte assure que votre commande soit toujours livr\u00e9e rapidement et en parfait \u00e9tat.<\/p>\n<p><strong>&#8211; Conseil d&rsquo;expert :<br \/>\n<\/strong>Nos repr\u00e9sentants sp\u00e9cialement form\u00e9s sont pr\u00eats \u00e0 vous aider \u00e0 choisir la bonne huile moteur, afin que vous puissiez tirer le meilleur parti de votre v\u00e9hicule.<\/p>\n<p><strong>&#8211; Produits de qualit\u00e9 :<br \/>\n<\/strong>Nous proposons uniquement des produits Mobil de haute qualit\u00e9 qui r\u00e9pondent aux normes de qualit\u00e9 les plus strictes, garantissant une protection optimale de votre moteur.<\/p>\n<p><strong>&#8211; Gestion respectueuse de l&rsquo;environnement :<br \/>\n<\/strong>Notre site r\u00e9pond aux normes environnementales les plus \u00e9lev\u00e9es. Nous nous engageons dans des initiatives durables telles que l&rsquo;utilisation de camions propres et des itin\u00e9raires de transport efficaces.<\/p>\n<p>Choisissez Ingelbeen-Soete et profitez de notre exp\u00e9rience, de notre expertise et de notre approche orient\u00e9e client. Commandez votre huile moteur chez nous et d\u00e9couvrez les avantages d&rsquo;une qualit\u00e9 sup\u00e9rieure et d&rsquo;un service exceptionnel.<\/p>\n<\/div>\n<\/div>\n<\/div>\n<\/div>\n<p>[\/vc_column_text][vc_empty_space][\/vc_column][\/vc_row][vc_row][vc_column][vc_empty_space]<a href=\"https:\/\/webshop.ingelbeen.be\/fr\/categorie-produit\/huiles-de-coupe\/\" class=\"btn btn-solid btn-bordered border-thin ld_button_69e8f08d44a44\">\n\t<span>\n\t\t\n\t\t\t\t\t<span class=\"btn-txt\">Commandez huiles de coupe sur notre boutique en ligne<\/span>\n\t\t\t\n\t\t\t\t<\/span>\n<\/a>\n<a href=\"https:\/\/ingelbeen.be\/fr\/devis\/\" class=\"btn btn-underlined btn-bordered border-thin ld_button_69e8f08d44b9a\">\n\t<span>\n\t\t\n\t\t\t\t\t<span class=\"btn-txt\">Ou demandez un devis sans engagement\uff1e<\/span>\n\t\t\t\n\t\t\t\t<\/span>\n<\/a>\n[vc_empty_space][vc_empty_space][vc_empty_space][vc_empty_space][\/vc_column][\/vc_row]<\/p>\n<\/div>","protected":false},"excerpt":{"rendered":"<p>[vc_row][vc_column][vc_empty_space][vc_column_text css=\u00a0\u00bb\u00a0\u00bb] Huiles de coupe [\/vc_column_text][vc_empty_space][vc_column_text css=\u00a0\u00bb\u00a0\u00bb] Les fluides de travail des m\u00e9taux de qualit\u00e9&#8230;<\/p>\n","protected":false},"author":1,"featured_media":0,"parent":655,"menu_order":0,"comment_status":"closed","ping_status":"closed","template":"","meta":{"footnotes":""},"class_list":["post-848","page","type-page","status-publish","hentry"],"_links":{"self":[{"href":"https:\/\/ingelbeen.be\/fr\/wp-json\/wp\/v2\/pages\/848","targetHints":{"allow":["GET"]}}],"collection":[{"href":"https:\/\/ingelbeen.be\/fr\/wp-json\/wp\/v2\/pages"}],"about":[{"href":"https:\/\/ingelbeen.be\/fr\/wp-json\/wp\/v2\/types\/page"}],"author":[{"embeddable":true,"href":"https:\/\/ingelbeen.be\/fr\/wp-json\/wp\/v2\/users\/1"}],"replies":[{"embeddable":true,"href":"https:\/\/ingelbeen.be\/fr\/wp-json\/wp\/v2\/comments?post=848"}],"version-history":[{"count":7,"href":"https:\/\/ingelbeen.be\/fr\/wp-json\/wp\/v2\/pages\/848\/revisions"}],"predecessor-version":[{"id":1196,"href":"https:\/\/ingelbeen.be\/fr\/wp-json\/wp\/v2\/pages\/848\/revisions\/1196"}],"up":[{"embeddable":true,"href":"https:\/\/ingelbeen.be\/fr\/wp-json\/wp\/v2\/pages\/655"}],"wp:attachment":[{"href":"https:\/\/ingelbeen.be\/fr\/wp-json\/wp\/v2\/media?parent=848"}],"curies":[{"name":"wp","href":"https:\/\/api.w.org\/{rel}","templated":true}]}}