{"id":851,"date":"2024-05-27T14:47:10","date_gmt":"2024-05-27T12:47:10","guid":{"rendered":"https:\/\/tanguy.kneet.be\/?page_id=851"},"modified":"2026-01-08T23:01:20","modified_gmt":"2026-01-08T22:01:20","slug":"huiles-pour-moteurs-a-gaz","status":"publish","type":"page","link":"https:\/\/ingelbeen.be\/fr\/produits\/huiles-pour-moteurs-a-gaz\/","title":{"rendered":"Huiles pour moteurs \u00e0 gaz"},"content":{"rendered":"<div class=\"wpb-content-wrapper\"><p>[vc_row][vc_column][vc_empty_space][vc_column_text css=\u00a0\u00bb\u00a0\u00bb]<\/p>\n<h1>Huiles pour moteurs \u00e0 gaz<\/h1>\n<p>[\/vc_column_text][vc_empty_space][vc_column_text css=\u00a0\u00bb\u00a0\u00bb]<\/p>\n<div class=\"flex flex-grow flex-col max-w-full\">\n<div class=\"min-h-[20px] text-message flex flex-col items-start whitespace-pre-wrap break-words [.text-message+&amp;]:mt-5 juice:w-full juice:items-end overflow-x-auto gap-2\" dir=\"auto\" data-message-author-role=\"assistant\" data-message-id=\"8d4776c8-d107-410b-bda9-6c7096aa5dd6\">\n<div class=\"flex w-full flex-col gap-1 juice:empty:hidden juice:first:pt-[3px]\">\n<div class=\"markdown prose w-full break-words dark:prose-invert dark\">\n<p>Une huile pour moteur \u00e0 gaz de qualit\u00e9 est essentielle pour le fonctionnement fiable et la durabilit\u00e9 des moteurs fonctionnant au gaz naturel, au biogaz ou \u00e0 d&rsquo;autres combustibles gazeux. Mobil propose une huile pour moteur \u00e0 gaz de haute qualit\u00e9 sp\u00e9cialement formul\u00e9e pour les exigences uniques de ces moteurs, qui doivent fonctionner dans diverses conditions et avec diff\u00e9rents types de carburants.<\/p>\n<p>L&rsquo;huile pour moteur \u00e0 gaz remplit plusieurs fonctions cruciales au sein des moteurs \u00e0 gaz, essentielles pour maintenir leurs performances et leur long\u00e9vit\u00e9 :<\/p>\n<p><strong>&#8211; Protection contre l&rsquo;usure :<\/strong><br \/>\nCette huile est enrichie d&rsquo;additifs sp\u00e9ciaux qui aident \u00e0 prot\u00e9ger les composants du moteur contre les charges \u00e9lev\u00e9es et la friction typiques des moteurs \u00e0 gaz. Cela r\u00e9duit l&rsquo;usure et prolonge la dur\u00e9e de vie du moteur.<\/p>\n<p><strong>&#8211; Neutralisation des acides :<\/strong><br \/>\nLes moteurs \u00e0 gaz peuvent produire des sous-produits acides lors de la combustion, surtout lorsqu&rsquo;ils utilisent du biogaz ou d&rsquo;autres combustibles \u00e0 haute teneur en soufre. L&rsquo;huile pour moteur \u00e0 gaz contient des additifs basiques qui neutralisent ces acides et pr\u00e9viennent la corrosion des composants du moteur.<\/p>\n<p><strong>&#8211; Am\u00e9lioration de la propret\u00e9 du moteur :<\/strong><br \/>\nCes huiles aident \u00e0 maintenir le moteur propre en r\u00e9duisant les d\u00e9p\u00f4ts et la formation de boues. Cela est crucial pour maintenir les performances du moteur et pr\u00e9venir les probl\u00e8mes op\u00e9rationnels tels que l&rsquo;\u00e9rosion des bougies d&rsquo;allumage.<\/p>\n<p><strong>&#8211; Dissipation de la chaleur :<\/strong><br \/>\nEn plus de la lubrification, l&rsquo;huile pour moteur \u00e0 gaz joue un r\u00f4le dans la dissipation de la chaleur g\u00e9n\u00e9r\u00e9e pendant les processus de combustion. Cela aide le moteur \u00e0 fonctionner dans des plages de temp\u00e9rature optimales et \u00e0 \u00e9viter la surchauffe.<\/p>\n<p><strong>&#8211; Promotion de l&rsquo;efficacit\u00e9 :<\/strong><br \/>\nUne huile pour moteur \u00e0 gaz bien formul\u00e9e peut aider \u00e0 am\u00e9liorer l&rsquo;efficacit\u00e9 globale du moteur en minimisant la friction, r\u00e9duisant ainsi la consommation de carburant.<\/p>\n<h2>Quel produit est fait pour moi?<\/h2>\n<p>Vous ne savez pas quel produit utiliser pour votre v\u00e9hicule ou votre entreprise ? Utilisez notre <a href=\"https:\/\/ingelbeen.be\/fr\/fichiers\/guide-de-selection\/\">s\u00e9lecteur de produit<\/a> pratique ! En suivant quelques \u00e9tapes simples, vous pouvez trouver rapidement et facilement l&rsquo;huile moteur adapt\u00e9e \u00e0 votre v\u00e9hicule sp\u00e9cifique.<\/p>\n<p>Ou <a href=\"https:\/\/ingelbeen.be\/fr\/contact\/\">contactez-nous<\/a> pour un conseil gratuit.<\/p>\n<h2>Pourquoi commander de l&rsquo;huile pour moteurs \u00e1 gaz chez Ingelbeen-Soete?<\/h2>\n<p>Chez Ingelbeen-Soete, vous b\u00e9n\u00e9ficiez de plus de 90 ans d&rsquo;exp\u00e9rience et d&rsquo;expertise en lubrifiants. En tant qu&rsquo;entreprise familiale, nous combinons flexibilit\u00e9 et service personnalis\u00e9 avec le savoir-faire d&rsquo;ExxonMobil, le plus grand acteur mondial dans le domaine des lubrifiants.<\/p>\n<p><strong>&#8211; Stock \u00e9tendu et livraison rapide :<br \/>\n<\/strong>Avec plus de 2 millions de litres de stockage en vrac et 15 000 m\u00b2 d&rsquo;espace de stockage sur palettes, nous pouvons livrer rapidement. Notre propre flotte assure que votre commande soit toujours livr\u00e9e rapidement et en parfait \u00e9tat.<\/p>\n<p><strong>&#8211; Conseil d&rsquo;expert :<br \/>\n<\/strong>Nos repr\u00e9sentants sp\u00e9cialement form\u00e9s sont pr\u00eats \u00e0 vous aider \u00e0 choisir la bonne huile moteur, afin que vous puissiez tirer le meilleur parti de votre v\u00e9hicule.<\/p>\n<p><strong>&#8211; Produits de qualit\u00e9 :<br \/>\n<\/strong>Nous proposons uniquement des produits Mobil de haute qualit\u00e9 qui r\u00e9pondent aux normes de qualit\u00e9 les plus strictes, garantissant une protection optimale de votre moteur.<\/p>\n<p><strong>&#8211; Gestion respectueuse de l&rsquo;environnement :<br \/>\n<\/strong>Notre site r\u00e9pond aux normes environnementales les plus \u00e9lev\u00e9es. Nous nous engageons dans des initiatives durables telles que l&rsquo;utilisation de camions propres et des itin\u00e9raires de transport efficaces.<\/p>\n<p>Choisissez Ingelbeen-Soete et profitez de notre exp\u00e9rience, de notre expertise et de notre approche orient\u00e9e client. Commandez votre huile moteur chez nous et d\u00e9couvrez les avantages d&rsquo;une qualit\u00e9 sup\u00e9rieure et d&rsquo;un service exceptionnel.<\/p>\n<\/div>\n<\/div>\n<\/div>\n<\/div>\n<p>[\/vc_column_text][vc_empty_space][\/vc_column][\/vc_row][vc_row][vc_column][vc_empty_space]<a href=\"https:\/\/webshop.ingelbeen.be\/fr\/categorie-produit\/huiles-pour-moteurs-a-gaz\/\" class=\"btn btn-solid btn-bordered border-thin ld_button_69dff409d6f1d\">\n\t<span>\n\t\t\n\t\t\t\t\t<span class=\"btn-txt\">Commandez huiles pour moteurs \u00e0 gaz sur notre boutique en ligne<\/span>\n\t\t\t\n\t\t\t\t<\/span>\n<\/a>\n<a href=\"https:\/\/ingelbeen.be\/fr\/devis\/\" class=\"btn btn-underlined btn-bordered border-thin ld_button_69dff409d70cd\">\n\t<span>\n\t\t\n\t\t\t\t\t<span class=\"btn-txt\">Ou demandez un devis sans engagement\uff1e<\/span>\n\t\t\t\n\t\t\t\t<\/span>\n<\/a>\n[vc_empty_space][vc_empty_space][vc_empty_space][vc_empty_space][\/vc_column][\/vc_row]<\/p>\n<\/div>","protected":false},"excerpt":{"rendered":"<p>[vc_row][vc_column][vc_empty_space][vc_column_text css=\u00a0\u00bb\u00a0\u00bb] Huiles pour moteurs \u00e0 gaz [\/vc_column_text][vc_empty_space][vc_column_text css=\u00a0\u00bb\u00a0\u00bb] Une huile pour moteur \u00e0 gaz&#8230;<\/p>\n","protected":false},"author":1,"featured_media":0,"parent":655,"menu_order":0,"comment_status":"closed","ping_status":"closed","template":"","meta":{"footnotes":""},"class_list":["post-851","page","type-page","status-publish","hentry"],"_links":{"self":[{"href":"https:\/\/ingelbeen.be\/fr\/wp-json\/wp\/v2\/pages\/851","targetHints":{"allow":["GET"]}}],"collection":[{"href":"https:\/\/ingelbeen.be\/fr\/wp-json\/wp\/v2\/pages"}],"about":[{"href":"https:\/\/ingelbeen.be\/fr\/wp-json\/wp\/v2\/types\/page"}],"author":[{"embeddable":true,"href":"https:\/\/ingelbeen.be\/fr\/wp-json\/wp\/v2\/users\/1"}],"replies":[{"embeddable":true,"href":"https:\/\/ingelbeen.be\/fr\/wp-json\/wp\/v2\/comments?post=851"}],"version-history":[{"count":7,"href":"https:\/\/ingelbeen.be\/fr\/wp-json\/wp\/v2\/pages\/851\/revisions"}],"predecessor-version":[{"id":1197,"href":"https:\/\/ingelbeen.be\/fr\/wp-json\/wp\/v2\/pages\/851\/revisions\/1197"}],"up":[{"embeddable":true,"href":"https:\/\/ingelbeen.be\/fr\/wp-json\/wp\/v2\/pages\/655"}],"wp:attachment":[{"href":"https:\/\/ingelbeen.be\/fr\/wp-json\/wp\/v2\/media?parent=851"}],"curies":[{"name":"wp","href":"https:\/\/api.w.org\/{rel}","templated":true}]}}