{"id":906,"date":"2024-07-04T17:44:05","date_gmt":"2024-07-04T17:44:05","guid":{"rendered":"https:\/\/tanguy.kneet.be\/?page_id=906"},"modified":"2024-07-04T22:26:46","modified_gmt":"2024-07-04T22:26:46","slug":"fichiers","status":"publish","type":"page","link":"https:\/\/ingelbeen.be\/fr\/fichiers\/","title":{"rendered":"Fichiers"},"content":{"rendered":"<div class=\"wpb-content-wrapper\"><p>[vc_row][vc_column][vc_column_text css=\u00a0\u00bb\u00a0\u00bb]<\/p>\n<h1>Fichiers<\/h1>\n<p>[\/vc_column_text][vc_empty_space][vc_column_text css=\u00a0\u00bb\u00a0\u00bb]Nous vous offrons des programmes innovants ainsi que\u00a0des services \u00e0 quoi nos gens sont sp\u00e9cialement form\u00e9s et adapt\u00e9s \u00e0 votre march\u00e9. Nous vous aidons \u00e0 choisir le bon lubrifiant, minimaliser votre stock et \u00e0 donner les conseils d&rsquo;entretien corrects. La combinaison de notre service et la haute performance des lubrifiants Mobil vous permet de r\u00e9duire vos co\u00fbts pour vortre secteur \u00ab\u00a0lubrifiants\u00a0\u00bb.<\/p>\n<p>N&rsquo;h\u00e9sitez pas de nous\u00a0<a href=\"https:\/\/ingelbeen.be\/fr\/contact\/\">contacter<\/a>\u00a0pour plus d&rsquo;informations.<\/p>\n<p>&#8211; <a href=\"https:\/\/corporate.exxonmobil.com\/404?item=%2fpdssearch%2fsearch&amp;user=extranet%5cAnonymous&amp;site=website&amp;url=%2fen%2fpdssearch%2fSearch.aspx%3fchooseLanguage%3dfr\" target=\"_blank\" rel=\"noopener\">Fichiers de Donn\u00e9es Techniques de Produit<\/a><br \/>\n&#8211; <a href=\"https:\/\/www.exxonmobil.com\/en\/sds-detail#t=https%3A%2F%2Fwww.exxonmobil.com%2Fen%2Fsds-detail\" target=\"_blank\" rel=\"noopener\">Fichiers de Donn\u00e9es de S\u00e9curit\u00e9<\/a><br \/>\n&#8211; <a href=\"https:\/\/ingelbeen.be\/fr\/fichiers\/guide-de-selection\/\">Guide de s\u00e9lection<\/a><br \/>\n&#8211; <a href=\"https:\/\/ingelbeen.be\/fr\/fichiers\/gas-engine-product-selector\/\">Gas Engine Product Selector<\/a>[\/vc_column_text][vc_empty_space][\/vc_column][\/vc_row]<\/p>\n<\/div>","protected":false},"excerpt":{"rendered":"<p>[vc_row][vc_column][vc_column_text css=\u00a0\u00bb\u00a0\u00bb] Fichiers [\/vc_column_text][vc_empty_space][vc_column_text css=\u00a0\u00bb\u00a0\u00bb]Nous vous offrons des programmes innovants ainsi que\u00a0des services \u00e0 quoi&#8230;<\/p>\n","protected":false},"author":1,"featured_media":0,"parent":0,"menu_order":0,"comment_status":"closed","ping_status":"closed","template":"","meta":{"footnotes":""},"class_list":["post-906","page","type-page","status-publish","hentry"],"_links":{"self":[{"href":"https:\/\/ingelbeen.be\/fr\/wp-json\/wp\/v2\/pages\/906","targetHints":{"allow":["GET"]}}],"collection":[{"href":"https:\/\/ingelbeen.be\/fr\/wp-json\/wp\/v2\/pages"}],"about":[{"href":"https:\/\/ingelbeen.be\/fr\/wp-json\/wp\/v2\/types\/page"}],"author":[{"embeddable":true,"href":"https:\/\/ingelbeen.be\/fr\/wp-json\/wp\/v2\/users\/1"}],"replies":[{"embeddable":true,"href":"https:\/\/ingelbeen.be\/fr\/wp-json\/wp\/v2\/comments?post=906"}],"version-history":[{"count":3,"href":"https:\/\/ingelbeen.be\/fr\/wp-json\/wp\/v2\/pages\/906\/revisions"}],"predecessor-version":[{"id":923,"href":"https:\/\/ingelbeen.be\/fr\/wp-json\/wp\/v2\/pages\/906\/revisions\/923"}],"wp:attachment":[{"href":"https:\/\/ingelbeen.be\/fr\/wp-json\/wp\/v2\/media?parent=906"}],"curies":[{"name":"wp","href":"https:\/\/api.w.org\/{rel}","templated":true}]}}